{"id":14265,"date":"2025-03-12T20:47:21","date_gmt":"2025-03-12T20:47:21","guid":{"rendered":"https:\/\/www.intiworld.com\/?post_type=product&#038;p=14265"},"modified":"2025-03-12T20:50:13","modified_gmt":"2025-03-12T20:50:13","slug":"pulsera-de-onix-con-piedra-rodonita","status":"publish","type":"product","link":"https:\/\/www.intiworld.com\/?product=pulsera-de-onix-con-piedra-rodonita","title":{"rendered":"Pulsera de \u00f3nix con piedra rodonita"},"content":{"rendered":"","protected":false},"excerpt":{"rendered":"<p><strong>Mineral:\u00a0<\/strong>Rodonita.<br \/>\n<strong>Composici\u00f3n:<\/strong> |Mn,Ca| 5 |Si5O15|.<sub><br \/>\n<\/sub><strong>Grupo:\u00a0<\/strong>Silicatos \u2013 inosilicatos.<br \/>\n<strong>Dureza:\u00a0<\/strong>6 Escala Mhos.<strong><br \/>\nPropiedades Espirituales<\/strong>: La\u00a0<strong>rodonita<\/strong>\u00a0simboliza la amistad. Se utiliza para equilibrar el chakra del coraz\u00f3n y para asentar la energ\u00eda. Es una piedra que fomenta el perd\u00f3n y la reconciliaci\u00f3n. Favorece la resoluci\u00f3n de conflictos y estados de codependencia y ayuda a limpiar \u201cheridas\u201d del pasado. En casos de shock o trauma emocional puede ser usada como piedra de primeros auxilios.<\/p>\n<p><strong>Tipo<\/strong>: Pulsera el\u00e1stica.<br \/>\n<strong>Tama\u00f1o de cuenta de piedra<\/strong>: 8mm.<br \/>\n<strong>Tama\u00f1o<\/strong>: 19 cm de largo.<br \/>\n<strong>Forma de venta<\/strong>: Por Pieza.<br \/>\n<strong>Forma de entrega<\/strong>: En tienda o Envio por paqueter\u00eda.<\/p>\n<p><strong>Nota<\/strong>: Para cualquier duda sobre este material favor de mandar mensaje de whats app o por correo electr\u00f3nico.<\/p>\n","protected":false},"featured_media":13729,"comment_status":"open","ping_status":"closed","template":"","meta":[],"product_brand":[],"product_cat":[466],"product_tag":[229,349],"class_list":{"0":"post-14265","1":"product","2":"type-product","3":"status-publish","4":"has-post-thumbnail","6":"product_cat-pulseras-de-onix-con-piedras-naturales-premium","7":"product_tag-piedra","8":"product_tag-pulsera","10":"first","11":"instock","12":"taxable","13":"shipping-taxable","14":"product-type-simple"},"_links":{"self":[{"href":"https:\/\/www.intiworld.com\/index.php?rest_route=\/wp\/v2\/product\/14265","targetHints":{"allow":["GET"]}}],"collection":[{"href":"https:\/\/www.intiworld.com\/index.php?rest_route=\/wp\/v2\/product"}],"about":[{"href":"https:\/\/www.intiworld.com\/index.php?rest_route=\/wp\/v2\/types\/product"}],"replies":[{"embeddable":true,"href":"https:\/\/www.intiworld.com\/index.php?rest_route=%2Fwp%2Fv2%2Fcomments&post=14265"}],"version-history":[{"count":3,"href":"https:\/\/www.intiworld.com\/index.php?rest_route=\/wp\/v2\/product\/14265\/revisions"}],"predecessor-version":[{"id":14268,"href":"https:\/\/www.intiworld.com\/index.php?rest_route=\/wp\/v2\/product\/14265\/revisions\/14268"}],"wp:featuredmedia":[{"embeddable":true,"href":"https:\/\/www.intiworld.com\/index.php?rest_route=\/wp\/v2\/media\/13729"}],"wp:attachment":[{"href":"https:\/\/www.intiworld.com\/index.php?rest_route=%2Fwp%2Fv2%2Fmedia&parent=14265"}],"wp:term":[{"taxonomy":"product_brand","embeddable":true,"href":"https:\/\/www.intiworld.com\/index.php?rest_route=%2Fwp%2Fv2%2Fproduct_brand&post=14265"},{"taxonomy":"product_cat","embeddable":true,"href":"https:\/\/www.intiworld.com\/index.php?rest_route=%2Fwp%2Fv2%2Fproduct_cat&post=14265"},{"taxonomy":"product_tag","embeddable":true,"href":"https:\/\/www.intiworld.com\/index.php?rest_route=%2Fwp%2Fv2%2Fproduct_tag&post=14265"}],"curies":[{"name":"wp","href":"https:\/\/api.w.org\/{rel}","templated":true}]}}