{"id":14244,"date":"2025-03-12T20:24:14","date_gmt":"2025-03-12T20:24:14","guid":{"rendered":"https:\/\/www.intiworld.com\/?post_type=product&#038;p=14244"},"modified":"2025-03-12T20:27:05","modified_gmt":"2025-03-12T20:27:05","slug":"aretes-de-piedra-topacio-azul-con-capuchon-dorado","status":"publish","type":"product","link":"https:\/\/www.intiworld.com\/?product=aretes-de-piedra-topacio-azul-con-capuchon-dorado","title":{"rendered":"Aretes de piedra topacio azul con capuch\u00f3n dorado"},"content":{"rendered":"","protected":false},"excerpt":{"rendered":"<div class=\"elementor elementor-129 elementor-location-single post-8218 product type-product status-publish has-post-thumbnail product_cat-tiras-de-piedra-amorfa first instock taxable shipping-taxable product-type-simple product\" data-elementor-type=\"product\" data-elementor-id=\"129\" data-elementor-post-type=\"elementor_library\">\n<section class=\"elementor-section elementor-top-section elementor-element elementor-element-4c9a5a07 elementor-section-boxed elementor-section-height-default elementor-section-height-default\" data-id=\"4c9a5a07\" data-element_type=\"section\">\n<div class=\"elementor-container elementor-column-gap-default\">\n<div class=\"elementor-column elementor-col-50 elementor-top-column elementor-element elementor-element-33ea650d\" data-id=\"33ea650d\" data-element_type=\"column\">\n<div class=\"elementor-widget-wrap elementor-element-populated\">\n<div class=\"elementor-element elementor-element-38f5b418 elementor-widget elementor-widget-woocommerce-product-short-description\" data-id=\"38f5b418\" data-element_type=\"widget\" data-widget_type=\"woocommerce-product-short-description.default\">\n<div class=\"elementor-widget-container\">\n<div class=\"woocommerce-product-details__short-description\">\n<p><strong>Mineral:\u00a0<\/strong>Topacio.<br \/>\n<strong>Composici\u00f3n:\u00a0<\/strong>AI2SIO4(F,OH)2<strong><br \/>\nGrupo:\u00a0<\/strong>Silicatos \u2013 nesosilicatos.<strong><br \/>\nDureza:\u00a0<\/strong>8\u00a0Escala Mhos.<strong><br \/>\nPropiedades Espirituales<\/strong>: El\u00a0<strong>topacio<\/strong>\u00a0se asocia al 3\u00ba chakra y se considera una piedra de creatividad, alegr\u00eda, generosidad y abundancia. Fortalece y recarga espiritualmente y f\u00edsicamente. Favorece la conexi\u00f3n con la fuerza y la confianza en uno mismo. Ayuda a superar las limitaciones y a realizar los objetivos. El\u00a0<strong>topacio<\/strong>\u00a0ayuda a descubrir la riqueza interna, a conectar con los valores internos, con la confianza, el optimismo y el amor.<\/p>\n<p><strong>Tipo<\/strong>: Aretes.<br \/>\n<strong>Material<\/strong>: Oro laminado y Plastimetal.<br \/>\n<strong>Forma de venta<\/strong>: Por Pieza.<br \/>\n<strong>Forma de entrega<\/strong>: En tienda o Envio por paqueter\u00eda.<\/p>\n<p><strong>Nota<\/strong>: Cualquier duda sobre este articulo favor de mandar mensaje de whats app o mandar correo electr\u00f3nico.<\/p>\n<\/div>\n<\/div>\n<\/div>\n<\/div>\n<\/div>\n<\/div>\n<\/section>\n<\/div>\n","protected":false},"featured_media":13843,"comment_status":"open","ping_status":"closed","template":"","meta":[],"product_brand":[],"product_cat":[467],"product_tag":[464,229],"class_list":{"0":"post-14244","1":"product","2":"type-product","3":"status-publish","4":"has-post-thumbnail","6":"product_cat-aretes-de-piedra-natural-con-capuchon-dorado","7":"product_tag-aretes","8":"product_tag-piedra","10":"first","11":"instock","12":"taxable","13":"shipping-taxable","14":"product-type-simple"},"_links":{"self":[{"href":"https:\/\/www.intiworld.com\/index.php?rest_route=\/wp\/v2\/product\/14244","targetHints":{"allow":["GET"]}}],"collection":[{"href":"https:\/\/www.intiworld.com\/index.php?rest_route=\/wp\/v2\/product"}],"about":[{"href":"https:\/\/www.intiworld.com\/index.php?rest_route=\/wp\/v2\/types\/product"}],"replies":[{"embeddable":true,"href":"https:\/\/www.intiworld.com\/index.php?rest_route=%2Fwp%2Fv2%2Fcomments&post=14244"}],"version-history":[{"count":5,"href":"https:\/\/www.intiworld.com\/index.php?rest_route=\/wp\/v2\/product\/14244\/revisions"}],"predecessor-version":[{"id":14249,"href":"https:\/\/www.intiworld.com\/index.php?rest_route=\/wp\/v2\/product\/14244\/revisions\/14249"}],"wp:featuredmedia":[{"embeddable":true,"href":"https:\/\/www.intiworld.com\/index.php?rest_route=\/wp\/v2\/media\/13843"}],"wp:attachment":[{"href":"https:\/\/www.intiworld.com\/index.php?rest_route=%2Fwp%2Fv2%2Fmedia&parent=14244"}],"wp:term":[{"taxonomy":"product_brand","embeddable":true,"href":"https:\/\/www.intiworld.com\/index.php?rest_route=%2Fwp%2Fv2%2Fproduct_brand&post=14244"},{"taxonomy":"product_cat","embeddable":true,"href":"https:\/\/www.intiworld.com\/index.php?rest_route=%2Fwp%2Fv2%2Fproduct_cat&post=14244"},{"taxonomy":"product_tag","embeddable":true,"href":"https:\/\/www.intiworld.com\/index.php?rest_route=%2Fwp%2Fv2%2Fproduct_tag&post=14244"}],"curies":[{"name":"wp","href":"https:\/\/api.w.org\/{rel}","templated":true}]}}