{"id":14229,"date":"2025-03-12T19:53:49","date_gmt":"2025-03-12T19:53:49","guid":{"rendered":"https:\/\/www.intiworld.com\/?post_type=product&#038;p=14229"},"modified":"2025-03-12T20:03:19","modified_gmt":"2025-03-12T20:03:19","slug":"dije-de-corazon-chico-de-piedra-crisocola","status":"publish","type":"product","link":"https:\/\/www.intiworld.com\/?product=dije-de-corazon-chico-de-piedra-crisocola","title":{"rendered":"Dije de coraz\u00f3n chico de piedra crisocola"},"content":{"rendered":"","protected":false},"excerpt":{"rendered":"<p><strong>Mineral:\u00a0<\/strong>Crisocola.<br \/>\n<strong>Composici\u00f3n:\u00a0<\/strong>CU2H2(SI2O5)|OH|4 nH2O.<sub><br \/>\n<\/sub><strong>Grupo:<\/strong>Silicatos \u2013 filosilicatos<br \/>\n<strong>Dureza:<\/strong>2 -4\u00a0Escala Mhos.<strong><br \/>\nPropiedades Espirituales: <\/strong>La\u00a0crisocola\u00a0se considera la piedra de la feminidad y simboliza el elemento agua, el verde y azul curativos. Ya que ayuda a equilibrar las hormonas que regulan los ciclos, suele ser empleada para tratar las molestias de la menstruaci\u00f3n, en la regeneraci\u00f3n y fortalecimiento de tejidos y para favorecer el embarazo y el parto. La\u00a0crisocola\u00a0aporta una energ\u00eda calmante y limpiadora. Promueve la paz interior y favorece la meditaci\u00f3n y la comunicaci\u00f3n.<strong><br \/>\n<\/strong><\/p>\n<p><strong>Tama\u00f1o<\/strong>: 1.8cm de largo + 1cm de colgante de metal x 2cm de ancho.<br \/>\n<strong>Forma de venta<\/strong>: Por Pieza.<br \/>\n<strong>Forma de entrega<\/strong>: En tienda o Envio por paqueter\u00eda.<\/p>\n<p><strong>Nota<\/strong>: Para cualquier duda sobre este material favor de mandar mensaje de whats app o por correo electr\u00f3nico.<\/p>\n","protected":false},"featured_media":13999,"comment_status":"open","ping_status":"closed","template":"","meta":[],"product_brand":[],"product_cat":[473],"product_tag":[306,256],"class_list":{"0":"post-14229","1":"product","2":"type-product","3":"status-publish","4":"has-post-thumbnail","6":"product_cat-dije-de-corazon-chico-1-8cm-x-2cm","7":"product_tag-dije","8":"product_tag-piedra-natural","10":"first","11":"instock","12":"taxable","13":"shipping-taxable","14":"product-type-simple"},"_links":{"self":[{"href":"https:\/\/www.intiworld.com\/index.php?rest_route=\/wp\/v2\/product\/14229","targetHints":{"allow":["GET"]}}],"collection":[{"href":"https:\/\/www.intiworld.com\/index.php?rest_route=\/wp\/v2\/product"}],"about":[{"href":"https:\/\/www.intiworld.com\/index.php?rest_route=\/wp\/v2\/types\/product"}],"replies":[{"embeddable":true,"href":"https:\/\/www.intiworld.com\/index.php?rest_route=%2Fwp%2Fv2%2Fcomments&post=14229"}],"version-history":[{"count":9,"href":"https:\/\/www.intiworld.com\/index.php?rest_route=\/wp\/v2\/product\/14229\/revisions"}],"predecessor-version":[{"id":14238,"href":"https:\/\/www.intiworld.com\/index.php?rest_route=\/wp\/v2\/product\/14229\/revisions\/14238"}],"wp:featuredmedia":[{"embeddable":true,"href":"https:\/\/www.intiworld.com\/index.php?rest_route=\/wp\/v2\/media\/13999"}],"wp:attachment":[{"href":"https:\/\/www.intiworld.com\/index.php?rest_route=%2Fwp%2Fv2%2Fmedia&parent=14229"}],"wp:term":[{"taxonomy":"product_brand","embeddable":true,"href":"https:\/\/www.intiworld.com\/index.php?rest_route=%2Fwp%2Fv2%2Fproduct_brand&post=14229"},{"taxonomy":"product_cat","embeddable":true,"href":"https:\/\/www.intiworld.com\/index.php?rest_route=%2Fwp%2Fv2%2Fproduct_cat&post=14229"},{"taxonomy":"product_tag","embeddable":true,"href":"https:\/\/www.intiworld.com\/index.php?rest_route=%2Fwp%2Fv2%2Fproduct_tag&post=14229"}],"curies":[{"name":"wp","href":"https:\/\/api.w.org\/{rel}","templated":true}]}}