{"id":14136,"date":"2025-03-10T23:46:48","date_gmt":"2025-03-10T23:46:48","guid":{"rendered":"https:\/\/www.intiworld.com\/?post_type=product&#038;p=14136"},"modified":"2025-03-10T23:48:21","modified_gmt":"2025-03-10T23:48:21","slug":"dije-luneta-de-piedra-obsidiana-marron","status":"publish","type":"product","link":"https:\/\/www.intiworld.com\/?product=dije-luneta-de-piedra-obsidiana-marron","title":{"rendered":"Dije luneta de piedra obsidiana marr\u00f3n"},"content":{"rendered":"","protected":false},"excerpt":{"rendered":"<p><strong>Mineral:\u00a0<\/strong>Obsidiana Marr\u00f3n.<strong><br \/>\nComposici\u00f3n:\u00a0<\/strong>70\u201375\u00a0% SiO<sub>2<\/sub>, plus MgO, Fe<sub>3<\/sub>O<sub>4.<\/sub><strong><sub><br \/>\n<\/sub>Grupo:<\/strong>roca \u00edgnea\u2014volc\u00e1nica (vidrio volc\u00e1nico).<strong><br \/>\nDureza:\u00a0<\/strong>5 \u2013 6 Escala Mhos.<strong><br \/>\nPropiedades Espirituales<\/strong>: La obsidiana marr\u00f3n se considera una\u00a0<b>potente piedra de crecimiento personal<\/b>. Es usada para la protecci\u00f3n, la limpieza y la purificaci\u00f3n. Se dice que la obsidiana caoba tiene una energ\u00eda m\u00e1s delicada que la negra. Favorece la conexi\u00f3n con la tierra y el equilibrio de los chakras sacro y plexo solar.<\/p>\n<p><strong>Tipo<\/strong>: Dije Luneta.<br \/>\n<strong>Tama\u00f1o<\/strong>: 1.3cm de di\u00e1metro.<br \/>\n<strong>Forma de venta<\/strong>: Por Pieza.<br \/>\n<strong>Forma de entrega<\/strong>: En tienda o Envio por paqueter\u00eda.<\/p>\n<p><strong>Nota<\/strong>: Para cualquier duda sobre este material favor de mandar mensaje de whats app o por correo electr\u00f3nico.<\/p>\n","protected":false},"featured_media":14106,"comment_status":"open","ping_status":"closed","template":"","meta":[],"product_brand":[],"product_cat":[475],"product_tag":[306,256],"class_list":{"0":"post-14136","1":"product","2":"type-product","3":"status-publish","4":"has-post-thumbnail","6":"product_cat-dije-luneta-de-piedra-natural","7":"product_tag-dije","8":"product_tag-piedra-natural","10":"first","11":"instock","12":"taxable","13":"shipping-taxable","14":"product-type-simple"},"_links":{"self":[{"href":"https:\/\/www.intiworld.com\/index.php?rest_route=\/wp\/v2\/product\/14136","targetHints":{"allow":["GET"]}}],"collection":[{"href":"https:\/\/www.intiworld.com\/index.php?rest_route=\/wp\/v2\/product"}],"about":[{"href":"https:\/\/www.intiworld.com\/index.php?rest_route=\/wp\/v2\/types\/product"}],"replies":[{"embeddable":true,"href":"https:\/\/www.intiworld.com\/index.php?rest_route=%2Fwp%2Fv2%2Fcomments&post=14136"}],"version-history":[{"count":1,"href":"https:\/\/www.intiworld.com\/index.php?rest_route=\/wp\/v2\/product\/14136\/revisions"}],"predecessor-version":[{"id":14137,"href":"https:\/\/www.intiworld.com\/index.php?rest_route=\/wp\/v2\/product\/14136\/revisions\/14137"}],"wp:featuredmedia":[{"embeddable":true,"href":"https:\/\/www.intiworld.com\/index.php?rest_route=\/wp\/v2\/media\/14106"}],"wp:attachment":[{"href":"https:\/\/www.intiworld.com\/index.php?rest_route=%2Fwp%2Fv2%2Fmedia&parent=14136"}],"wp:term":[{"taxonomy":"product_brand","embeddable":true,"href":"https:\/\/www.intiworld.com\/index.php?rest_route=%2Fwp%2Fv2%2Fproduct_brand&post=14136"},{"taxonomy":"product_cat","embeddable":true,"href":"https:\/\/www.intiworld.com\/index.php?rest_route=%2Fwp%2Fv2%2Fproduct_cat&post=14136"},{"taxonomy":"product_tag","embeddable":true,"href":"https:\/\/www.intiworld.com\/index.php?rest_route=%2Fwp%2Fv2%2Fproduct_tag&post=14136"}],"curies":[{"name":"wp","href":"https:\/\/api.w.org\/{rel}","templated":true}]}}