{"id":14062,"date":"2025-03-10T19:22:10","date_gmt":"2025-03-10T19:22:10","guid":{"rendered":"https:\/\/www.intiworld.com\/?post_type=product&#038;p=14062"},"modified":"2025-03-13T22:21:40","modified_gmt":"2025-03-13T22:21:40","slug":"dije-de-corazon-chico-de-piedra-jicorita","status":"publish","type":"product","link":"https:\/\/www.intiworld.com\/?product=dije-de-corazon-chico-de-piedra-jicorita","title":{"rendered":"Dije de coraz\u00f3n chico de piedra jicorita"},"content":{"rendered":"","protected":false},"excerpt":{"rendered":"<p><strong>Mineral:<\/strong> Jaspe Jicorita.<br \/>\n<strong>Composici\u00f3n:\u00a0<\/strong>SiO<sub>2.<\/sub><strong><br \/>\nGrupo: <\/strong>Silicatos &#8211; tectosilicatos<strong><br \/>\nDureza: <\/strong>7 Escala Mhos.<strong><br \/>\nPropiedades Espirituales<\/strong>: Los jaspes son piedras indicadas para\u00a0<b>energizar el cuerpo y aportarle fuerza y vitalidad<\/b>. Tambi\u00e9n se asocian a la limpieza, a la protecci\u00f3n y al enraizamiento. Suelen ser indicados para desarrollar y llevar a t\u00e9rmino ideas y proyectos. En funci\u00f3n al color y tipo de jaspe, este tendr\u00e1 propiedades espec\u00edficas.<\/p>\n<p><strong>Tama\u00f1o<\/strong>: 1.8cm de largo + 1cm de colgante de metal x 2cm de ancho.<br \/>\n<strong>Forma de venta<\/strong>: Por Pieza.<br \/>\n<strong>Forma de entrega<\/strong>: En tienda o Envio por paqueter\u00eda.<\/p>\n<p><strong>Nota<\/strong>: Para cualquier duda sobre este material favor de mandar mensaje de whats app o por correo electr\u00f3nico.<\/p>\n","protected":false},"featured_media":14010,"comment_status":"open","ping_status":"closed","template":"","meta":[],"product_brand":[],"product_cat":[473],"product_tag":[306,256],"class_list":{"0":"post-14062","1":"product","2":"type-product","3":"status-publish","4":"has-post-thumbnail","6":"product_cat-dije-de-corazon-chico-1-8cm-x-2cm","7":"product_tag-dije","8":"product_tag-piedra-natural","10":"first","11":"instock","12":"taxable","13":"shipping-taxable","14":"product-type-simple"},"_links":{"self":[{"href":"https:\/\/www.intiworld.com\/index.php?rest_route=\/wp\/v2\/product\/14062","targetHints":{"allow":["GET"]}}],"collection":[{"href":"https:\/\/www.intiworld.com\/index.php?rest_route=\/wp\/v2\/product"}],"about":[{"href":"https:\/\/www.intiworld.com\/index.php?rest_route=\/wp\/v2\/types\/product"}],"replies":[{"embeddable":true,"href":"https:\/\/www.intiworld.com\/index.php?rest_route=%2Fwp%2Fv2%2Fcomments&post=14062"}],"version-history":[{"count":2,"href":"https:\/\/www.intiworld.com\/index.php?rest_route=\/wp\/v2\/product\/14062\/revisions"}],"predecessor-version":[{"id":14345,"href":"https:\/\/www.intiworld.com\/index.php?rest_route=\/wp\/v2\/product\/14062\/revisions\/14345"}],"wp:featuredmedia":[{"embeddable":true,"href":"https:\/\/www.intiworld.com\/index.php?rest_route=\/wp\/v2\/media\/14010"}],"wp:attachment":[{"href":"https:\/\/www.intiworld.com\/index.php?rest_route=%2Fwp%2Fv2%2Fmedia&parent=14062"}],"wp:term":[{"taxonomy":"product_brand","embeddable":true,"href":"https:\/\/www.intiworld.com\/index.php?rest_route=%2Fwp%2Fv2%2Fproduct_brand&post=14062"},{"taxonomy":"product_cat","embeddable":true,"href":"https:\/\/www.intiworld.com\/index.php?rest_route=%2Fwp%2Fv2%2Fproduct_cat&post=14062"},{"taxonomy":"product_tag","embeddable":true,"href":"https:\/\/www.intiworld.com\/index.php?rest_route=%2Fwp%2Fv2%2Fproduct_tag&post=14062"}],"curies":[{"name":"wp","href":"https:\/\/api.w.org\/{rel}","templated":true}]}}