{"id":14060,"date":"2025-03-10T19:14:25","date_gmt":"2025-03-10T19:14:25","guid":{"rendered":"https:\/\/www.intiworld.com\/?post_type=product&#038;p=14060"},"modified":"2025-03-10T19:20:58","modified_gmt":"2025-03-10T19:20:58","slug":"dije-de-corazon-chico-de-piedra-sangre","status":"publish","type":"product","link":"https:\/\/www.intiworld.com\/?product=dije-de-corazon-chico-de-piedra-sangre","title":{"rendered":"Dije de coraz\u00f3n chico de piedra sangre"},"content":{"rendered":"","protected":false},"excerpt":{"rendered":"<p><strong>Mineral:<\/strong>\u00a0Piedra Sangre.<br \/>\n<strong>Composici\u00f3n:\u00a0<\/strong>SiO<sub>2.<\/sub><strong><br \/>\nGrupo:\u00a0<\/strong>Microcristalino.<strong><br \/>\nDureza:\u00a0<\/strong>6.5 \u2013<strong>\u00a07<\/strong>\u00a0Escala Mhos.<strong><br \/>\nPropiedades Espirituales<\/strong>: Atrae la buena fortuna y la abundancia al mismo tiempo que equilibra y alinea las energ\u00edas. Purifica y revitaliza cuerpo y esp\u00edritu y es beneficioso para el desarrollo de la intuici\u00f3n y la creatividad as\u00ed como para la toma de buenas decisiones cuando estas son complicadas en los momentos de conflictos o de peligro.<\/p>\n<p><strong>Tama\u00f1o<\/strong>: 1.8cm de largo + 1cm de colgante de metal x 2cm de ancho.<br \/>\n<strong>Forma de venta<\/strong>: Por Pieza.<br \/>\n<strong>Forma de entrega<\/strong>: En tienda o Envio por paqueter\u00eda.<\/p>\n<p><strong>Nota<\/strong>: Para cualquier duda sobre este material favor de mandar mensaje de whats app o por correo electr\u00f3nico.<\/p>\n","protected":false},"featured_media":14018,"comment_status":"open","ping_status":"closed","template":"","meta":[],"product_brand":[],"product_cat":[473],"product_tag":[306,256],"class_list":{"0":"post-14060","1":"product","2":"type-product","3":"status-publish","4":"has-post-thumbnail","6":"product_cat-dije-de-corazon-chico-1-8cm-x-2cm","7":"product_tag-dije","8":"product_tag-piedra-natural","10":"first","11":"instock","12":"taxable","13":"shipping-taxable","14":"product-type-simple"},"_links":{"self":[{"href":"https:\/\/www.intiworld.com\/index.php?rest_route=\/wp\/v2\/product\/14060","targetHints":{"allow":["GET"]}}],"collection":[{"href":"https:\/\/www.intiworld.com\/index.php?rest_route=\/wp\/v2\/product"}],"about":[{"href":"https:\/\/www.intiworld.com\/index.php?rest_route=\/wp\/v2\/types\/product"}],"replies":[{"embeddable":true,"href":"https:\/\/www.intiworld.com\/index.php?rest_route=%2Fwp%2Fv2%2Fcomments&post=14060"}],"version-history":[{"count":1,"href":"https:\/\/www.intiworld.com\/index.php?rest_route=\/wp\/v2\/product\/14060\/revisions"}],"predecessor-version":[{"id":14061,"href":"https:\/\/www.intiworld.com\/index.php?rest_route=\/wp\/v2\/product\/14060\/revisions\/14061"}],"wp:featuredmedia":[{"embeddable":true,"href":"https:\/\/www.intiworld.com\/index.php?rest_route=\/wp\/v2\/media\/14018"}],"wp:attachment":[{"href":"https:\/\/www.intiworld.com\/index.php?rest_route=%2Fwp%2Fv2%2Fmedia&parent=14060"}],"wp:term":[{"taxonomy":"product_brand","embeddable":true,"href":"https:\/\/www.intiworld.com\/index.php?rest_route=%2Fwp%2Fv2%2Fproduct_brand&post=14060"},{"taxonomy":"product_cat","embeddable":true,"href":"https:\/\/www.intiworld.com\/index.php?rest_route=%2Fwp%2Fv2%2Fproduct_cat&post=14060"},{"taxonomy":"product_tag","embeddable":true,"href":"https:\/\/www.intiworld.com\/index.php?rest_route=%2Fwp%2Fv2%2Fproduct_tag&post=14060"}],"curies":[{"name":"wp","href":"https:\/\/api.w.org\/{rel}","templated":true}]}}