{"id":14043,"date":"2025-03-07T23:52:37","date_gmt":"2025-03-07T23:52:37","guid":{"rendered":"https:\/\/www.intiworld.com\/?post_type=product&#038;p=14043"},"modified":"2025-03-07T23:55:40","modified_gmt":"2025-03-07T23:55:40","slug":"dije-de-corazon-chico-de-piedra-obsidiana-nevada","status":"publish","type":"product","link":"https:\/\/www.intiworld.com\/?product=dije-de-corazon-chico-de-piedra-obsidiana-nevada","title":{"rendered":"Dije de coraz\u00f3n chico de piedra obsidiana nevada"},"content":{"rendered":"","protected":false},"excerpt":{"rendered":"<p><strong>Mineral:\u00a0<\/strong>Obsidiana Nevada.<strong><br \/>\nComposici\u00f3n:\u00a0<\/strong>70\u201375\u00a0% SiO<sub>2<\/sub>, plus MgO, Fe<sub>3<\/sub>O<sub>4.<\/sub><strong><sub><br \/>\n<\/sub>Grupo:<\/strong>roca \u00edgnea\u2014volc\u00e1nica (vidrio volc\u00e1nico).<strong><br \/>\nDureza:\u00a0<\/strong>5 \u2013 6 Escala Mhos.<strong><br \/>\nPropiedades Espirituales<\/strong>: Se dice que la\u00a0<strong>obsidiana nevada<\/strong> es una piedra que favorece el equilibrio entre cuerpo, mente y esp\u00edritu. La\u00a0<strong>obsidiana<\/strong> es conocida por su fuerza y por sus propiedades curativas. Simb\u00f3licamente representa el \u00abespejo\u00bb al que se refleja la totalidad del ser, con su sombra y con su luz. Una de sus caracter\u00edsticas es la de mostrar de forma directa aquellos aspectos limitantes y ensombrecidos de uno mismo, para as\u00ed dar la oportunidad de sanarlos, liberarlos o integrarlos. Con este prop\u00f3sito puede sacar a la luz bloqueos, traumas y recuerdos del pasado.<\/p>\n<p><strong>Tama\u00f1o<\/strong>: 1.8cm de largo + 1cm de colgante de metal x 2cm de ancho.<br \/>\n<strong>Forma de venta<\/strong>: Por Pieza.<br \/>\n<strong>Forma de entrega<\/strong>: En tienda o Envio por paqueter\u00eda.<\/p>\n<p><strong>Nota<\/strong>: Para cualquier duda sobre este material favor de mandar mensaje de whats app o por correo electr\u00f3nico.<\/p>\n","protected":false},"featured_media":14016,"comment_status":"open","ping_status":"closed","template":"","meta":[],"product_brand":[],"product_cat":[473],"product_tag":[306,256],"class_list":{"0":"post-14043","1":"product","2":"type-product","3":"status-publish","4":"has-post-thumbnail","6":"product_cat-dije-de-corazon-chico-1-8cm-x-2cm","7":"product_tag-dije","8":"product_tag-piedra-natural","10":"first","11":"instock","12":"taxable","13":"shipping-taxable","14":"product-type-simple"},"_links":{"self":[{"href":"https:\/\/www.intiworld.com\/index.php?rest_route=\/wp\/v2\/product\/14043","targetHints":{"allow":["GET"]}}],"collection":[{"href":"https:\/\/www.intiworld.com\/index.php?rest_route=\/wp\/v2\/product"}],"about":[{"href":"https:\/\/www.intiworld.com\/index.php?rest_route=\/wp\/v2\/types\/product"}],"replies":[{"embeddable":true,"href":"https:\/\/www.intiworld.com\/index.php?rest_route=%2Fwp%2Fv2%2Fcomments&post=14043"}],"version-history":[{"count":1,"href":"https:\/\/www.intiworld.com\/index.php?rest_route=\/wp\/v2\/product\/14043\/revisions"}],"predecessor-version":[{"id":14044,"href":"https:\/\/www.intiworld.com\/index.php?rest_route=\/wp\/v2\/product\/14043\/revisions\/14044"}],"wp:featuredmedia":[{"embeddable":true,"href":"https:\/\/www.intiworld.com\/index.php?rest_route=\/wp\/v2\/media\/14016"}],"wp:attachment":[{"href":"https:\/\/www.intiworld.com\/index.php?rest_route=%2Fwp%2Fv2%2Fmedia&parent=14043"}],"wp:term":[{"taxonomy":"product_brand","embeddable":true,"href":"https:\/\/www.intiworld.com\/index.php?rest_route=%2Fwp%2Fv2%2Fproduct_brand&post=14043"},{"taxonomy":"product_cat","embeddable":true,"href":"https:\/\/www.intiworld.com\/index.php?rest_route=%2Fwp%2Fv2%2Fproduct_cat&post=14043"},{"taxonomy":"product_tag","embeddable":true,"href":"https:\/\/www.intiworld.com\/index.php?rest_route=%2Fwp%2Fv2%2Fproduct_tag&post=14043"}],"curies":[{"name":"wp","href":"https:\/\/api.w.org\/{rel}","templated":true}]}}