{"id":14039,"date":"2025-03-07T23:41:06","date_gmt":"2025-03-07T23:41:06","guid":{"rendered":"https:\/\/www.intiworld.com\/?post_type=product&#038;p=14039"},"modified":"2025-03-07T23:46:47","modified_gmt":"2025-03-07T23:46:47","slug":"dije-de-corazon-chico-de-piedra-sodalita","status":"publish","type":"product","link":"https:\/\/www.intiworld.com\/?product=dije-de-corazon-chico-de-piedra-sodalita","title":{"rendered":"Dije de coraz\u00f3n chico de piedra sodalita"},"content":{"rendered":"","protected":false},"excerpt":{"rendered":"<p><strong>Mineral:\u00a0<\/strong>Sodalita.<br \/>\n<strong>Composici\u00f3n:<\/strong>Na<sub>4<\/sub>Al<sub>3<\/sub>Si<sub>3<\/sub>O<sub>12<\/sub>Cl.<sub><br \/>\n<\/sub><strong>Grupo:\u00a0<\/strong>Silicatos \u2013 tectosilicatos.<br \/>\n<strong>Dureza:\u00a0<\/strong>5.5 \u2013 6 Escala Mhos.<strong><br \/>\nPropiedades Espirituales<\/strong>: La\u00a0<strong>sodalita<\/strong>\u00a0aporta claridad mental y ayuda a la comprensi\u00f3n y liberaci\u00f3n de antiguos patrones mentales. Potencia el autoestima y la confianza en uno mismo. Est\u00e1 indicada para tratar la zona de la garganta, para potenciar el sistema inmunol\u00f3gico y tambi\u00e9n para limpiar la poluci\u00f3n electromagn\u00e9tica.<\/p>\n<p><strong>Tipo<\/strong>: Dije de Coraz\u00f3n.<br \/>\n<strong>Tama\u00f1o<\/strong>: 1.8cm de largo + 1cm de colgante de metal x 2cm de ancho.<br \/>\n<strong>Forma de venta<\/strong>: Por Pieza.<br \/>\n<strong>Forma de entrega<\/strong>: En tienda o Envio por paqueter\u00eda.<\/p>\n<p><strong>Nota<\/strong>: Para cualquier duda sobre este material favor de mandar mensaje de whats app o por correo electr\u00f3nico.<\/p>\n","protected":false},"featured_media":14021,"comment_status":"open","ping_status":"closed","template":"","meta":[],"product_brand":[],"product_cat":[473],"product_tag":[306,256],"class_list":{"0":"post-14039","1":"product","2":"type-product","3":"status-publish","4":"has-post-thumbnail","6":"product_cat-dije-de-corazon-chico-1-8cm-x-2cm","7":"product_tag-dije","8":"product_tag-piedra-natural","10":"first","11":"instock","12":"taxable","13":"shipping-taxable","14":"product-type-simple"},"_links":{"self":[{"href":"https:\/\/www.intiworld.com\/index.php?rest_route=\/wp\/v2\/product\/14039","targetHints":{"allow":["GET"]}}],"collection":[{"href":"https:\/\/www.intiworld.com\/index.php?rest_route=\/wp\/v2\/product"}],"about":[{"href":"https:\/\/www.intiworld.com\/index.php?rest_route=\/wp\/v2\/types\/product"}],"replies":[{"embeddable":true,"href":"https:\/\/www.intiworld.com\/index.php?rest_route=%2Fwp%2Fv2%2Fcomments&post=14039"}],"version-history":[{"count":1,"href":"https:\/\/www.intiworld.com\/index.php?rest_route=\/wp\/v2\/product\/14039\/revisions"}],"predecessor-version":[{"id":14040,"href":"https:\/\/www.intiworld.com\/index.php?rest_route=\/wp\/v2\/product\/14039\/revisions\/14040"}],"wp:featuredmedia":[{"embeddable":true,"href":"https:\/\/www.intiworld.com\/index.php?rest_route=\/wp\/v2\/media\/14021"}],"wp:attachment":[{"href":"https:\/\/www.intiworld.com\/index.php?rest_route=%2Fwp%2Fv2%2Fmedia&parent=14039"}],"wp:term":[{"taxonomy":"product_brand","embeddable":true,"href":"https:\/\/www.intiworld.com\/index.php?rest_route=%2Fwp%2Fv2%2Fproduct_brand&post=14039"},{"taxonomy":"product_cat","embeddable":true,"href":"https:\/\/www.intiworld.com\/index.php?rest_route=%2Fwp%2Fv2%2Fproduct_cat&post=14039"},{"taxonomy":"product_tag","embeddable":true,"href":"https:\/\/www.intiworld.com\/index.php?rest_route=%2Fwp%2Fv2%2Fproduct_tag&post=14039"}],"curies":[{"name":"wp","href":"https:\/\/api.w.org\/{rel}","templated":true}]}}