{"id":140,"date":"2022-10-14T00:50:01","date_gmt":"2022-10-14T00:50:01","guid":{"rendered":"https:\/\/intiworld.com\/?post_type=product&#038;p=140"},"modified":"2024-06-13T22:35:38","modified_gmt":"2024-06-13T22:35:38","slug":"obsidiana-negra","status":"publish","type":"product","link":"https:\/\/www.intiworld.com\/?product=obsidiana-negra","title":{"rendered":"Obsidiana Negra"},"content":{"rendered":"","protected":false},"excerpt":{"rendered":"<p>La obsidiana, tambi\u00e9n llamada \u00abvidrio volc\u00e1nico\u00bb es una roca \u00edgnea de origen volc\u00e1nico, ya que se forma a partir del enfriamiento acelerado de lava con altas cantidades de \u00e1cido sil\u00edcico. Esto provoca que los minerales no tengan oportunidad de cristalizar, creando as\u00ed la obsidiana.<br \/>\nPosee una dureza de 5 a 6 en la escala de Mohs, lo cual la hace una piedra resistente.<\/p>\n<p>Por el lado esot\u00e9rico, se cree que la obsidiana promueve el crecimiento personal, la autocr\u00edtica y la fuerza interior. As\u00edmismo, protege las energ\u00edas y bloquea el mal de ojo, siendo usada como amuleto protector.<\/p>\n<p>M\u00e1s de esta categor\u00eda: <span style=\"font-weight: 300;\">Obsidiana Arco Iris, Obsidiana Manto Huichol, Calcita Azul, Calcita \u00d3ptica, Amatista, \u00c1gata, geodas de Zacatecas, Mini geodas, Jaspe Picasso, Jaspe madera, Rosa del Desierto, selenita, \u00c1gata de fuego, \u00f3palo, Jaspe Imperial, etc.<\/span><\/p>\n","protected":false},"featured_media":152,"comment_status":"open","ping_status":"closed","template":"","meta":[],"product_brand":[],"product_cat":[178],"product_tag":[],"class_list":{"0":"post-140","1":"product","2":"type-product","3":"status-publish","4":"has-post-thumbnail","6":"product_cat-piedras-mexicanas-que-exportamos","8":"first","9":"instock","10":"featured","11":"taxable","12":"shipping-taxable","13":"product-type-simple"},"_links":{"self":[{"href":"https:\/\/www.intiworld.com\/index.php?rest_route=\/wp\/v2\/product\/140","targetHints":{"allow":["GET"]}}],"collection":[{"href":"https:\/\/www.intiworld.com\/index.php?rest_route=\/wp\/v2\/product"}],"about":[{"href":"https:\/\/www.intiworld.com\/index.php?rest_route=\/wp\/v2\/types\/product"}],"replies":[{"embeddable":true,"href":"https:\/\/www.intiworld.com\/index.php?rest_route=%2Fwp%2Fv2%2Fcomments&post=140"}],"version-history":[{"count":1,"href":"https:\/\/www.intiworld.com\/index.php?rest_route=\/wp\/v2\/product\/140\/revisions"}],"predecessor-version":[{"id":4279,"href":"https:\/\/www.intiworld.com\/index.php?rest_route=\/wp\/v2\/product\/140\/revisions\/4279"}],"wp:featuredmedia":[{"embeddable":true,"href":"https:\/\/www.intiworld.com\/index.php?rest_route=\/wp\/v2\/media\/152"}],"wp:attachment":[{"href":"https:\/\/www.intiworld.com\/index.php?rest_route=%2Fwp%2Fv2%2Fmedia&parent=140"}],"wp:term":[{"taxonomy":"product_brand","embeddable":true,"href":"https:\/\/www.intiworld.com\/index.php?rest_route=%2Fwp%2Fv2%2Fproduct_brand&post=140"},{"taxonomy":"product_cat","embeddable":true,"href":"https:\/\/www.intiworld.com\/index.php?rest_route=%2Fwp%2Fv2%2Fproduct_cat&post=140"},{"taxonomy":"product_tag","embeddable":true,"href":"https:\/\/www.intiworld.com\/index.php?rest_route=%2Fwp%2Fv2%2Fproduct_tag&post=140"}],"curies":[{"name":"wp","href":"https:\/\/api.w.org\/{rel}","templated":true}]}}