{"id":13867,"date":"2025-02-17T23:19:36","date_gmt":"2025-02-17T23:19:36","guid":{"rendered":"https:\/\/www.intiworld.com\/?post_type=product&#038;p=13867"},"modified":"2025-02-17T23:21:27","modified_gmt":"2025-02-17T23:21:27","slug":"aretes-de-piedra-fluorita-con-capuchon-dorado","status":"publish","type":"product","link":"https:\/\/www.intiworld.com\/?product=aretes-de-piedra-fluorita-con-capuchon-dorado","title":{"rendered":"Aretes de piedra fluorita con capuch\u00f3n dorado"},"content":{"rendered":"","protected":false},"excerpt":{"rendered":"<div class=\"elementor elementor-129 elementor-location-single post-8218 product type-product status-publish has-post-thumbnail product_cat-tiras-de-piedra-amorfa first instock taxable shipping-taxable product-type-simple product\" data-elementor-type=\"product\" data-elementor-id=\"129\" data-elementor-post-type=\"elementor_library\">\n<section class=\"elementor-section elementor-top-section elementor-element elementor-element-4c9a5a07 elementor-section-boxed elementor-section-height-default elementor-section-height-default\" data-id=\"4c9a5a07\" data-element_type=\"section\">\n<div class=\"elementor-container elementor-column-gap-default\">\n<div class=\"elementor-column elementor-col-50 elementor-top-column elementor-element elementor-element-33ea650d\" data-id=\"33ea650d\" data-element_type=\"column\">\n<div class=\"elementor-widget-wrap elementor-element-populated\">\n<div class=\"elementor-element elementor-element-38f5b418 elementor-widget elementor-widget-woocommerce-product-short-description\" data-id=\"38f5b418\" data-element_type=\"widget\" data-widget_type=\"woocommerce-product-short-description.default\">\n<div class=\"elementor-widget-container\">\n<div class=\"woocommerce-product-details__short-description\">\n<p><strong>Mineral:\u00a0<\/strong>Fluorita.<br \/>\n<strong>Composici\u00f3n:\u00a0<\/strong>CaF<sub>2.<\/sub><sub><br \/>\n<\/sub><strong>Grupo:<\/strong>\u00a0Halogenuros.<br \/>\n<strong>Dureza:\u00a0<\/strong>4\u00a0Escala Mhos.<strong><br \/>\nPropiedades Espirituales<\/strong>: La\u00a0<strong>fluorita<\/strong>\u00a0se considera una piedra espiritual de limpieza, purificaci\u00f3n y equilibrio. Tiene una energ\u00eda muy sutil y eleva la vibraci\u00f3n a trav\u00e9s de la relajaci\u00f3n de la mente. Equilibra los hemisferios y potencia la intuici\u00f3n. Es una piedra que favorece la organizaci\u00f3n y el orden interno. Suele usarse para las meditaciones individuales y en grupo.<\/p>\n<p><strong>Tipo<\/strong>: Aretes.<br \/>\n<strong>Material<\/strong>: Oro laminado y Plastimetal.<br \/>\n<strong>Forma de venta<\/strong>: Por Pieza.<br \/>\n<strong>Forma de entrega<\/strong>: En tienda o Envio por paqueter\u00eda.<\/p>\n<p><strong>Nota<\/strong>: Cualquier duda sobre este articulo favor de mandar mensaje de whats app o mandar correo electr\u00f3nico.<\/p>\n<\/div>\n<\/div>\n<\/div>\n<\/div>\n<\/div>\n<\/div>\n<\/section>\n<\/div>\n","protected":false},"featured_media":13840,"comment_status":"open","ping_status":"closed","template":"","meta":[],"product_brand":[],"product_cat":[467],"product_tag":[464,229],"class_list":{"0":"post-13867","1":"product","2":"type-product","3":"status-publish","4":"has-post-thumbnail","6":"product_cat-aretes-de-piedra-natural-con-capuchon-dorado","7":"product_tag-aretes","8":"product_tag-piedra","10":"first","11":"instock","12":"taxable","13":"shipping-taxable","14":"product-type-simple"},"_links":{"self":[{"href":"https:\/\/www.intiworld.com\/index.php?rest_route=\/wp\/v2\/product\/13867","targetHints":{"allow":["GET"]}}],"collection":[{"href":"https:\/\/www.intiworld.com\/index.php?rest_route=\/wp\/v2\/product"}],"about":[{"href":"https:\/\/www.intiworld.com\/index.php?rest_route=\/wp\/v2\/types\/product"}],"replies":[{"embeddable":true,"href":"https:\/\/www.intiworld.com\/index.php?rest_route=%2Fwp%2Fv2%2Fcomments&post=13867"}],"version-history":[{"count":1,"href":"https:\/\/www.intiworld.com\/index.php?rest_route=\/wp\/v2\/product\/13867\/revisions"}],"predecessor-version":[{"id":13868,"href":"https:\/\/www.intiworld.com\/index.php?rest_route=\/wp\/v2\/product\/13867\/revisions\/13868"}],"wp:featuredmedia":[{"embeddable":true,"href":"https:\/\/www.intiworld.com\/index.php?rest_route=\/wp\/v2\/media\/13840"}],"wp:attachment":[{"href":"https:\/\/www.intiworld.com\/index.php?rest_route=%2Fwp%2Fv2%2Fmedia&parent=13867"}],"wp:term":[{"taxonomy":"product_brand","embeddable":true,"href":"https:\/\/www.intiworld.com\/index.php?rest_route=%2Fwp%2Fv2%2Fproduct_brand&post=13867"},{"taxonomy":"product_cat","embeddable":true,"href":"https:\/\/www.intiworld.com\/index.php?rest_route=%2Fwp%2Fv2%2Fproduct_cat&post=13867"},{"taxonomy":"product_tag","embeddable":true,"href":"https:\/\/www.intiworld.com\/index.php?rest_route=%2Fwp%2Fv2%2Fproduct_tag&post=13867"}],"curies":[{"name":"wp","href":"https:\/\/api.w.org\/{rel}","templated":true}]}}