{"id":13801,"date":"2025-02-13T19:44:38","date_gmt":"2025-02-13T19:44:38","guid":{"rendered":"https:\/\/www.intiworld.com\/?post_type=product&#038;p=13801"},"modified":"2025-02-13T19:55:30","modified_gmt":"2025-02-13T19:55:30","slug":"pulsera-de-onix-con-piedra-fosforita","status":"publish","type":"product","link":"https:\/\/www.intiworld.com\/?product=pulsera-de-onix-con-piedra-fosforita","title":{"rendered":"Pulsera de \u00f3nix con piedra fosforita"},"content":{"rendered":"","protected":false},"excerpt":{"rendered":"<p><strong>Mineral:<\/strong> Fosforita.<br \/>\n<strong>Composici\u00f3n: <\/strong>Ca3(PO4)2<strong><br \/>\nGrupo: <\/strong>Fosfatos.<strong><br \/>\nDureza: <\/strong>5\u00a0Escala Mhos.<strong><br \/>\nPropiedades Espirituales<\/strong>: En la litoterapia, La fosforita natural promueve la concentraci\u00f3n, la autoconfianza y reduce el estr\u00e9s. Adem\u00e1s, aporta serenidad y calma. La fosforita est\u00e1 asociada con el chakra del coraz\u00f3n, el cual amplifica emociones positivas como el amor, la amistad y la alegr\u00eda. Adem\u00e1s, este chakra promueve la bondad, la empat\u00eda y permite tomar decisiones importantes. Fosfosiderita tambi\u00e9n est\u00e1 asociado con el chakra de la corona que amplifica la sabidur\u00eda, la fe y la conexi\u00f3n espiritual.<\/p>\n<p><strong>Tipo<\/strong>: Pulsera el\u00e1stica.<br \/>\n<strong>Tama\u00f1o de cuenta de piedra<\/strong>: 8mm.<br \/>\n<strong>Tama\u00f1o<\/strong>: 19 cm de largo.<br \/>\n<strong>Forma de venta<\/strong>: Por Pieza.<br \/>\n<strong>Forma de entrega<\/strong>: En tienda o Envio por paqueter\u00eda.<\/p>\n<p><strong>Nota<\/strong>: Para cualquier duda sobre este material favor de mandar mensaje de whats app o por correo electr\u00f3nico.<\/p>\n","protected":false},"featured_media":13752,"comment_status":"open","ping_status":"closed","template":"","meta":[],"product_brand":[],"product_cat":[466],"product_tag":[229,349],"class_list":{"0":"post-13801","1":"product","2":"type-product","3":"status-publish","4":"has-post-thumbnail","6":"product_cat-pulseras-de-onix-con-piedras-naturales-premium","7":"product_tag-piedra","8":"product_tag-pulsera","10":"first","11":"instock","12":"taxable","13":"shipping-taxable","14":"product-type-simple"},"_links":{"self":[{"href":"https:\/\/www.intiworld.com\/index.php?rest_route=\/wp\/v2\/product\/13801","targetHints":{"allow":["GET"]}}],"collection":[{"href":"https:\/\/www.intiworld.com\/index.php?rest_route=\/wp\/v2\/product"}],"about":[{"href":"https:\/\/www.intiworld.com\/index.php?rest_route=\/wp\/v2\/types\/product"}],"replies":[{"embeddable":true,"href":"https:\/\/www.intiworld.com\/index.php?rest_route=%2Fwp%2Fv2%2Fcomments&post=13801"}],"version-history":[{"count":1,"href":"https:\/\/www.intiworld.com\/index.php?rest_route=\/wp\/v2\/product\/13801\/revisions"}],"predecessor-version":[{"id":13802,"href":"https:\/\/www.intiworld.com\/index.php?rest_route=\/wp\/v2\/product\/13801\/revisions\/13802"}],"wp:featuredmedia":[{"embeddable":true,"href":"https:\/\/www.intiworld.com\/index.php?rest_route=\/wp\/v2\/media\/13752"}],"wp:attachment":[{"href":"https:\/\/www.intiworld.com\/index.php?rest_route=%2Fwp%2Fv2%2Fmedia&parent=13801"}],"wp:term":[{"taxonomy":"product_brand","embeddable":true,"href":"https:\/\/www.intiworld.com\/index.php?rest_route=%2Fwp%2Fv2%2Fproduct_brand&post=13801"},{"taxonomy":"product_cat","embeddable":true,"href":"https:\/\/www.intiworld.com\/index.php?rest_route=%2Fwp%2Fv2%2Fproduct_cat&post=13801"},{"taxonomy":"product_tag","embeddable":true,"href":"https:\/\/www.intiworld.com\/index.php?rest_route=%2Fwp%2Fv2%2Fproduct_tag&post=13801"}],"curies":[{"name":"wp","href":"https:\/\/api.w.org\/{rel}","templated":true}]}}