{"id":13793,"date":"2025-02-13T19:34:07","date_gmt":"2025-02-13T19:34:07","guid":{"rendered":"https:\/\/www.intiworld.com\/?post_type=product&#038;p=13793"},"modified":"2025-02-13T19:35:38","modified_gmt":"2025-02-13T19:35:38","slug":"pulsera-de-onix-con-cuarzo-cherry","status":"publish","type":"product","link":"https:\/\/www.intiworld.com\/?product=pulsera-de-onix-con-cuarzo-cherry","title":{"rendered":"Pulsera de \u00f3nix con cuarzo cherry"},"content":{"rendered":"","protected":false},"excerpt":{"rendered":"<p><strong>Mineral:<\/strong>\u00a0Cuarzo Cherry.<br \/>\n<strong>Composici\u00f3n:\u00a0<\/strong>SiO\u00b2.<strong><br \/>\nGrupo:\u00a0<\/strong>Silicatos.<strong><br \/>\nDureza:<\/strong>\u00a07 Escala Mhos.<strong><br \/>\nPropiedades Espirituales<\/strong>: El cuarzo cereza promueve una sensaci\u00f3n de amor y alegr\u00eda. Tambi\u00e9n anima al usuario a ser m\u00e1s humor\u00edstico y desenfadado. Este \u00faltimo encuentra una armon\u00eda interior m\u00e1s amplificada. Su compasi\u00f3n, autoayuda, empat\u00eda y cualidad altruista tambi\u00e9n se ven afectadas positivamente. Se vuelve m\u00e1s tolerante y menos susceptible a la depresi\u00f3n.<\/p>\n<p><strong>Tipo<\/strong>: Pulsera el\u00e1stica.<br \/>\n<strong>Tama\u00f1o de cuenta de piedra<\/strong>: 8mm.<br \/>\n<strong>Tama\u00f1o<\/strong>: 19 cm de largo.<br \/>\n<strong>Forma de venta<\/strong>: Por Pieza.<br \/>\n<strong>Forma de entrega<\/strong>: En tienda o Envio por paqueter\u00eda.<\/p>\n<p><strong>Nota<\/strong>: Para cualquier duda sobre este material favor de mandar mensaje de whats app o por correo electr\u00f3nico.<\/p>\n","protected":false},"featured_media":13744,"comment_status":"open","ping_status":"closed","template":"","meta":[],"product_brand":[],"product_cat":[466],"product_tag":[229,349],"class_list":{"0":"post-13793","1":"product","2":"type-product","3":"status-publish","4":"has-post-thumbnail","6":"product_cat-pulseras-de-onix-con-piedras-naturales-premium","7":"product_tag-piedra","8":"product_tag-pulsera","10":"first","11":"instock","12":"taxable","13":"shipping-taxable","14":"product-type-simple"},"_links":{"self":[{"href":"https:\/\/www.intiworld.com\/index.php?rest_route=\/wp\/v2\/product\/13793","targetHints":{"allow":["GET"]}}],"collection":[{"href":"https:\/\/www.intiworld.com\/index.php?rest_route=\/wp\/v2\/product"}],"about":[{"href":"https:\/\/www.intiworld.com\/index.php?rest_route=\/wp\/v2\/types\/product"}],"replies":[{"embeddable":true,"href":"https:\/\/www.intiworld.com\/index.php?rest_route=%2Fwp%2Fv2%2Fcomments&post=13793"}],"version-history":[{"count":1,"href":"https:\/\/www.intiworld.com\/index.php?rest_route=\/wp\/v2\/product\/13793\/revisions"}],"predecessor-version":[{"id":13794,"href":"https:\/\/www.intiworld.com\/index.php?rest_route=\/wp\/v2\/product\/13793\/revisions\/13794"}],"wp:featuredmedia":[{"embeddable":true,"href":"https:\/\/www.intiworld.com\/index.php?rest_route=\/wp\/v2\/media\/13744"}],"wp:attachment":[{"href":"https:\/\/www.intiworld.com\/index.php?rest_route=%2Fwp%2Fv2%2Fmedia&parent=13793"}],"wp:term":[{"taxonomy":"product_brand","embeddable":true,"href":"https:\/\/www.intiworld.com\/index.php?rest_route=%2Fwp%2Fv2%2Fproduct_brand&post=13793"},{"taxonomy":"product_cat","embeddable":true,"href":"https:\/\/www.intiworld.com\/index.php?rest_route=%2Fwp%2Fv2%2Fproduct_cat&post=13793"},{"taxonomy":"product_tag","embeddable":true,"href":"https:\/\/www.intiworld.com\/index.php?rest_route=%2Fwp%2Fv2%2Fproduct_tag&post=13793"}],"curies":[{"name":"wp","href":"https:\/\/api.w.org\/{rel}","templated":true}]}}