{"id":13791,"date":"2025-02-13T19:32:22","date_gmt":"2025-02-13T19:32:22","guid":{"rendered":"https:\/\/www.intiworld.com\/?post_type=product&#038;p=13791"},"modified":"2025-02-13T19:33:50","modified_gmt":"2025-02-13T19:33:50","slug":"pulsera-de-onix-con-cuarzo-blanco","status":"publish","type":"product","link":"https:\/\/www.intiworld.com\/?product=pulsera-de-onix-con-cuarzo-blanco","title":{"rendered":"Pulsera de \u00f3nix con cuarzo blanco"},"content":{"rendered":"","protected":false},"excerpt":{"rendered":"<p><strong>Mineral:\u00a0<\/strong>Cuarzo Blanco.<br \/>\n<strong>Composici\u00f3n:\u00a0<\/strong>SiO<sub>2.<\/sub><strong><br \/>\nGrupo:\u00a0<\/strong>Silicatos \u2013 tectosilicatos.<strong><br \/>\nDureza: 7<\/strong>\u00a0Escala Mhos.<strong><br \/>\nPropiedades Espirituales<\/strong>: El\u00a0<strong>cuarzo blanco<\/strong>\u00a0o\u00a0<strong>cristal de roca<\/strong>\u00a0es considerado un amplificador y potenciador, con lo que ser\u00e1 importante usarlo con la intenci\u00f3n bien enfocada. Junto con otros minerales amplificar\u00e1 y potenciar\u00e1 las propiedades del otro mineral.<\/p>\n<p><strong>Tipo<\/strong>: Pulsera el\u00e1stica.<br \/>\n<strong>Tama\u00f1o de cuenta de piedra<\/strong>: 8mm.<br \/>\n<strong>Tama\u00f1o<\/strong>: 19 cm de largo.<br \/>\n<strong>Forma de venta<\/strong>: Por Pieza.<br \/>\n<strong>Forma de entrega<\/strong>: En tienda o Envio por paqueter\u00eda.<\/p>\n<p><strong>Nota<\/strong>: Para cualquier duda sobre este material favor de mandar mensaje de whats app o por correo electr\u00f3nico.<\/p>\n","protected":false},"featured_media":13742,"comment_status":"open","ping_status":"closed","template":"","meta":[],"product_brand":[],"product_cat":[466],"product_tag":[229,349],"class_list":{"0":"post-13791","1":"product","2":"type-product","3":"status-publish","4":"has-post-thumbnail","6":"product_cat-pulseras-de-onix-con-piedras-naturales-premium","7":"product_tag-piedra","8":"product_tag-pulsera","10":"first","11":"instock","12":"taxable","13":"shipping-taxable","14":"product-type-simple"},"_links":{"self":[{"href":"https:\/\/www.intiworld.com\/index.php?rest_route=\/wp\/v2\/product\/13791","targetHints":{"allow":["GET"]}}],"collection":[{"href":"https:\/\/www.intiworld.com\/index.php?rest_route=\/wp\/v2\/product"}],"about":[{"href":"https:\/\/www.intiworld.com\/index.php?rest_route=\/wp\/v2\/types\/product"}],"replies":[{"embeddable":true,"href":"https:\/\/www.intiworld.com\/index.php?rest_route=%2Fwp%2Fv2%2Fcomments&post=13791"}],"version-history":[{"count":1,"href":"https:\/\/www.intiworld.com\/index.php?rest_route=\/wp\/v2\/product\/13791\/revisions"}],"predecessor-version":[{"id":13792,"href":"https:\/\/www.intiworld.com\/index.php?rest_route=\/wp\/v2\/product\/13791\/revisions\/13792"}],"wp:featuredmedia":[{"embeddable":true,"href":"https:\/\/www.intiworld.com\/index.php?rest_route=\/wp\/v2\/media\/13742"}],"wp:attachment":[{"href":"https:\/\/www.intiworld.com\/index.php?rest_route=%2Fwp%2Fv2%2Fmedia&parent=13791"}],"wp:term":[{"taxonomy":"product_brand","embeddable":true,"href":"https:\/\/www.intiworld.com\/index.php?rest_route=%2Fwp%2Fv2%2Fproduct_brand&post=13791"},{"taxonomy":"product_cat","embeddable":true,"href":"https:\/\/www.intiworld.com\/index.php?rest_route=%2Fwp%2Fv2%2Fproduct_cat&post=13791"},{"taxonomy":"product_tag","embeddable":true,"href":"https:\/\/www.intiworld.com\/index.php?rest_route=%2Fwp%2Fv2%2Fproduct_tag&post=13791"}],"curies":[{"name":"wp","href":"https:\/\/api.w.org\/{rel}","templated":true}]}}