{"id":13773,"date":"2025-02-11T23:05:45","date_gmt":"2025-02-11T23:05:45","guid":{"rendered":"https:\/\/www.intiworld.com\/?post_type=product&#038;p=13773"},"modified":"2025-02-11T23:07:54","modified_gmt":"2025-02-11T23:07:54","slug":"pulsera-de-onix-con-piedra-rodocrosita-de-argentina","status":"publish","type":"product","link":"https:\/\/www.intiworld.com\/?product=pulsera-de-onix-con-piedra-rodocrosita-de-argentina","title":{"rendered":"Pulsera de \u00f3nix con piedra rodocrosita de argentina"},"content":{"rendered":"","protected":false},"excerpt":{"rendered":"<p><strong>Mineral:<\/strong>\u00a0Rodocrosita.<br \/>\n<strong>Composici\u00f3n:\u00a0<\/strong>MnCO<sub>3<\/sub>.<sub><br \/>\n<\/sub><strong>Grupo:<\/strong>\u00a0Carbonatos.<br \/>\n<strong>Dureza:\u00a0<\/strong>3.5 \u2013 4 Escala Mhos.<strong><br \/>\nPropiedades Espirituales<\/strong>: La\u00a0<strong>rodocrosita<\/strong>\u00a0estimula y equilibra la zona del coraz\u00f3n, procurando la comprensi\u00f3n, la autoestima y el coraje. Es una piedra que ayuda a armonizar el mundo interior a trav\u00e9s de la liberaci\u00f3n emocional. La\u00a0<strong>rodocrosita<\/strong>\u00a0representa el amor desinteresado y la compasi\u00f3n.<\/p>\n<p><strong>Tipo<\/strong>: Pulsera el\u00e1stica.<br \/>\n<strong>Tama\u00f1o de cuenta de piedra<\/strong>: 8mm.<br \/>\n<strong>Tama\u00f1o<\/strong>: 19 cm de largo.<br \/>\n<strong>Forma de venta<\/strong>: Por Pieza.<br \/>\n<strong>Forma de entrega<\/strong>: En tienda o Envio por paqueter\u00eda.<\/p>\n<p><strong>Nota<\/strong>: Para cualquier duda sobre este material favor de mandar mensaje de whats app o por correo electr\u00f3nico.<\/p>\n","protected":false},"featured_media":13727,"comment_status":"open","ping_status":"closed","template":"","meta":[],"product_brand":[],"product_cat":[466],"product_tag":[229,349],"class_list":{"0":"post-13773","1":"product","2":"type-product","3":"status-publish","4":"has-post-thumbnail","6":"product_cat-pulseras-de-onix-con-piedras-naturales-premium","7":"product_tag-piedra","8":"product_tag-pulsera","10":"first","11":"instock","12":"taxable","13":"shipping-taxable","14":"product-type-simple"},"_links":{"self":[{"href":"https:\/\/www.intiworld.com\/index.php?rest_route=\/wp\/v2\/product\/13773","targetHints":{"allow":["GET"]}}],"collection":[{"href":"https:\/\/www.intiworld.com\/index.php?rest_route=\/wp\/v2\/product"}],"about":[{"href":"https:\/\/www.intiworld.com\/index.php?rest_route=\/wp\/v2\/types\/product"}],"replies":[{"embeddable":true,"href":"https:\/\/www.intiworld.com\/index.php?rest_route=%2Fwp%2Fv2%2Fcomments&post=13773"}],"version-history":[{"count":1,"href":"https:\/\/www.intiworld.com\/index.php?rest_route=\/wp\/v2\/product\/13773\/revisions"}],"predecessor-version":[{"id":13774,"href":"https:\/\/www.intiworld.com\/index.php?rest_route=\/wp\/v2\/product\/13773\/revisions\/13774"}],"wp:featuredmedia":[{"embeddable":true,"href":"https:\/\/www.intiworld.com\/index.php?rest_route=\/wp\/v2\/media\/13727"}],"wp:attachment":[{"href":"https:\/\/www.intiworld.com\/index.php?rest_route=%2Fwp%2Fv2%2Fmedia&parent=13773"}],"wp:term":[{"taxonomy":"product_brand","embeddable":true,"href":"https:\/\/www.intiworld.com\/index.php?rest_route=%2Fwp%2Fv2%2Fproduct_brand&post=13773"},{"taxonomy":"product_cat","embeddable":true,"href":"https:\/\/www.intiworld.com\/index.php?rest_route=%2Fwp%2Fv2%2Fproduct_cat&post=13773"},{"taxonomy":"product_tag","embeddable":true,"href":"https:\/\/www.intiworld.com\/index.php?rest_route=%2Fwp%2Fv2%2Fproduct_tag&post=13773"}],"curies":[{"name":"wp","href":"https:\/\/api.w.org\/{rel}","templated":true}]}}