{"id":13761,"date":"2025-02-11T19:40:14","date_gmt":"2025-02-11T19:40:14","guid":{"rendered":"https:\/\/www.intiworld.com\/?post_type=product&#038;p=13761"},"modified":"2025-02-11T19:46:04","modified_gmt":"2025-02-11T19:46:04","slug":"pulsera-ajustable-de-los-7-chacras","status":"publish","type":"product","link":"https:\/\/www.intiworld.com\/?product=pulsera-ajustable-de-los-7-chacras","title":{"rendered":"Pulsera ajustable de los 7 Chacras"},"content":{"rendered":"","protected":false},"excerpt":{"rendered":"<p><strong>Propiedades Espirituales<\/strong>: Cuando los\u00a0<strong>7 Chakras<\/strong>\u00a0est\u00e1n armonizados, dejan fluir la energ\u00eda. Si por cualquier motivo alguno de estos puntos energ\u00e9ticos se bloquea, la energ\u00eda deja de fluir, afectando negativamente al aspecto de nuestra vida relacionado con ese chakra. Para que la energ\u00eda vuelva a fluir debemos desbloquear ese Chakra.<\/p>\n<p><strong>Los Chakras son los siguientes:<\/strong><\/p>\n<ul>\n<li><strong>Chakra 1, el chakra Ra\u00edz.\u00a0<\/strong>Se encuentra en la base de la espina dorsal. Est\u00e1 asociado con la supervivencia,\u00a0 muy relacionado a nuestro cuerpo y como lo manejamos.\u00a0 Nuestra salud y el sentido de la seguridad.\u00a0 El poder econ\u00f3mico.\u00a0Color: Rojo. Piedras asociadas: rub\u00ed, coral rojo, granate y jaspe rojo.<\/li>\n<li><strong>Chakra 2, chakra sacro.<\/strong>\u00a0Se encuentra en el bajo abdomen. Est\u00e1 asociado con las emociones y la sexualidad, la pasi\u00f3n, el placer y un amor m\u00e1s f\u00edsico. Color: Naranja.\u00a0Piedras asociadas: \u00e1mbar y \u00e1gata cornalina.<\/li>\n<li><strong>Chakra 3, chakra plexo solar.<\/strong>\u00a0Se encuentra en el abdomen. Est\u00e1 asociado con el poder personal, la fuerza de voluntad\u00a0 y el sentido de la transformaci\u00f3n.\u00a0 Nuestro sentido de la autoridad, disciplina y\u00a0 el auto control convergen en este punto.\u00a0Color: amarillo.\u00a0Piedras asociadas: cuarzo citrino y ojo de tigre.<\/li>\n<li><strong>Chakra 4, chakra coraz\u00f3n.\u00a0<\/strong>Se encuentra en el centro del pecho.\u00a0 Est\u00e1 asociado con el amor, pero El Amor con may\u00fasculas, es el amor de\u00a0la compasi\u00f3n, empat\u00eda, el perd\u00f3n.\u00a0 Es amor hacia el universo.\u00a0\u00a0 Desde este centro irradiamos armon\u00eda y balance.\u00a0Color:\u00a0verde (el color de la sanaci\u00f3n) o rosa (amor universal)\u00a0\u00a0Piedras asociadas:\u00a0Esmeralda, prehnita, cuarzo verde y olivino.<\/li>\n<li><strong>Chakra 5, chakra garganta.<\/strong>\u00a0Se encuentra en el \u00e1rea de la garganta.\u00a0 Este chakra est\u00e1 asociado con la comunicaci\u00f3n y creatividad. La honestidad, amabilidad, conocimiento y sabidur\u00eda pueden expresarse desde este chakra. Color:\u00a0azul.\u00a0Piedras asociadas:\u00a0Turquesa, angelita, calcedonia y topacio azul.<\/li>\n<li><strong>Chakra 6, chakra tercer ojo.<\/strong>\u00a0Se encuentra en el centro de la frente, justo por encima de los ojos; este centro energ\u00e9tico est\u00e1 asociado con la clarividencia, la intuici\u00f3n, nuestra imaginaci\u00f3n y percepci\u00f3n m\u00e1s all\u00e1 del mundo f\u00edsico.\u00a0Color: \u00edndigo\u00a0\u00a0Piedras asociadas:\u00a0Lapisl\u00e1zuli, sodalita, iolita y zafiro.<\/li>\n<li><strong>Chakra 7, chakra corona.\u00a0<\/strong>Se encuentra en la cabeza. Est\u00e1 asociado con el conocimiento, la comprensi\u00f3n y todo lo que tenga que ver con la mente. Nuestra uni\u00f3n con el Universo,\u00a0 la voluntad,\u00a0 la inspiraci\u00f3n.\u00a0Color: violeta. Piedras asociadas:\u00a0Amatista, diamante y cuarzo cristal de roca.<\/li>\n<\/ul>\n<p><strong>Tipo<\/strong>: Pulsera ajustable.<br \/>\n<strong>Tama\u00f1o de cuenta de piedra<\/strong>: 8mm.<br \/>\n<strong>Tama\u00f1o<\/strong>: 19 cm de largo.<br \/>\n<strong>Forma de venta<\/strong>: Por Pieza.<br \/>\n<strong>Forma de entrega<\/strong>: En tienda o Envio por paqueter\u00eda.<\/p>\n<p><strong>Nota<\/strong>: Para cualquier duda sobre este material favor de mandar mensaje de whats app o por correo electr\u00f3nico.<\/p>\n","protected":false},"featured_media":13734,"comment_status":"open","ping_status":"closed","template":"","meta":[],"product_brand":[],"product_cat":[466],"product_tag":[229,349],"class_list":{"0":"post-13761","1":"product","2":"type-product","3":"status-publish","4":"has-post-thumbnail","6":"product_cat-pulseras-de-onix-con-piedras-naturales-premium","7":"product_tag-piedra","8":"product_tag-pulsera","10":"first","11":"instock","12":"taxable","13":"shipping-taxable","14":"product-type-simple"},"_links":{"self":[{"href":"https:\/\/www.intiworld.com\/index.php?rest_route=\/wp\/v2\/product\/13761","targetHints":{"allow":["GET"]}}],"collection":[{"href":"https:\/\/www.intiworld.com\/index.php?rest_route=\/wp\/v2\/product"}],"about":[{"href":"https:\/\/www.intiworld.com\/index.php?rest_route=\/wp\/v2\/types\/product"}],"replies":[{"embeddable":true,"href":"https:\/\/www.intiworld.com\/index.php?rest_route=%2Fwp%2Fv2%2Fcomments&post=13761"}],"version-history":[{"count":1,"href":"https:\/\/www.intiworld.com\/index.php?rest_route=\/wp\/v2\/product\/13761\/revisions"}],"predecessor-version":[{"id":13762,"href":"https:\/\/www.intiworld.com\/index.php?rest_route=\/wp\/v2\/product\/13761\/revisions\/13762"}],"wp:featuredmedia":[{"embeddable":true,"href":"https:\/\/www.intiworld.com\/index.php?rest_route=\/wp\/v2\/media\/13734"}],"wp:attachment":[{"href":"https:\/\/www.intiworld.com\/index.php?rest_route=%2Fwp%2Fv2%2Fmedia&parent=13761"}],"wp:term":[{"taxonomy":"product_brand","embeddable":true,"href":"https:\/\/www.intiworld.com\/index.php?rest_route=%2Fwp%2Fv2%2Fproduct_brand&post=13761"},{"taxonomy":"product_cat","embeddable":true,"href":"https:\/\/www.intiworld.com\/index.php?rest_route=%2Fwp%2Fv2%2Fproduct_cat&post=13761"},{"taxonomy":"product_tag","embeddable":true,"href":"https:\/\/www.intiworld.com\/index.php?rest_route=%2Fwp%2Fv2%2Fproduct_tag&post=13761"}],"curies":[{"name":"wp","href":"https:\/\/api.w.org\/{rel}","templated":true}]}}