{"id":13573,"date":"2025-02-05T23:27:38","date_gmt":"2025-02-05T23:27:38","guid":{"rendered":"https:\/\/www.intiworld.com\/?post_type=product&#038;p=13573"},"modified":"2025-02-05T23:28:26","modified_gmt":"2025-02-05T23:28:26","slug":"anillo-de-laton-ajustable-diseno-con-ojo-turco-modelo-2","status":"publish","type":"product","link":"https:\/\/www.intiworld.com\/?product=anillo-de-laton-ajustable-diseno-con-ojo-turco-modelo-2","title":{"rendered":"Anillo de lat\u00f3n ajustable dise\u00f1o con ojo turco | Modelo 2"},"content":{"rendered":"","protected":false},"excerpt":{"rendered":"<p>Anillo de lat\u00f3n ajustable dise\u00f1o de ojo turco.<\/p>\n<p><strong>Tipo<\/strong>: Anillo.<br \/>\n<strong>Tama\u00f1o<\/strong>: Ajustable.<br \/>\n<strong>Forma de venta<\/strong>: Por pieza.<br \/>\n<strong>Forma de entrega<\/strong>: En tienda o Envio por paqueter\u00eda.<\/p>\n<p><strong>Nota<\/strong>: Cualquier duda sobre este articulo favor de mandar mensaje de whats app o mandar correo electr\u00f3nico.<\/p>\n","protected":false},"featured_media":13563,"comment_status":"open","ping_status":"closed","template":"","meta":[],"product_brand":[],"product_cat":[462],"product_tag":[],"class_list":{"0":"post-13573","1":"product","2":"type-product","3":"status-publish","4":"has-post-thumbnail","6":"product_cat-anillos-de-laton-ajustables-de-diferentes-figuras","8":"first","9":"instock","10":"taxable","11":"shipping-taxable","12":"product-type-simple"},"_links":{"self":[{"href":"https:\/\/www.intiworld.com\/index.php?rest_route=\/wp\/v2\/product\/13573","targetHints":{"allow":["GET"]}}],"collection":[{"href":"https:\/\/www.intiworld.com\/index.php?rest_route=\/wp\/v2\/product"}],"about":[{"href":"https:\/\/www.intiworld.com\/index.php?rest_route=\/wp\/v2\/types\/product"}],"replies":[{"embeddable":true,"href":"https:\/\/www.intiworld.com\/index.php?rest_route=%2Fwp%2Fv2%2Fcomments&post=13573"}],"version-history":[{"count":1,"href":"https:\/\/www.intiworld.com\/index.php?rest_route=\/wp\/v2\/product\/13573\/revisions"}],"predecessor-version":[{"id":13574,"href":"https:\/\/www.intiworld.com\/index.php?rest_route=\/wp\/v2\/product\/13573\/revisions\/13574"}],"wp:featuredmedia":[{"embeddable":true,"href":"https:\/\/www.intiworld.com\/index.php?rest_route=\/wp\/v2\/media\/13563"}],"wp:attachment":[{"href":"https:\/\/www.intiworld.com\/index.php?rest_route=%2Fwp%2Fv2%2Fmedia&parent=13573"}],"wp:term":[{"taxonomy":"product_brand","embeddable":true,"href":"https:\/\/www.intiworld.com\/index.php?rest_route=%2Fwp%2Fv2%2Fproduct_brand&post=13573"},{"taxonomy":"product_cat","embeddable":true,"href":"https:\/\/www.intiworld.com\/index.php?rest_route=%2Fwp%2Fv2%2Fproduct_cat&post=13573"},{"taxonomy":"product_tag","embeddable":true,"href":"https:\/\/www.intiworld.com\/index.php?rest_route=%2Fwp%2Fv2%2Fproduct_tag&post=13573"}],"curies":[{"name":"wp","href":"https:\/\/api.w.org\/{rel}","templated":true}]}}