{"id":13557,"date":"2025-02-05T22:29:02","date_gmt":"2025-02-05T22:29:02","guid":{"rendered":"https:\/\/www.intiworld.com\/?post_type=product&#038;p=13557"},"modified":"2025-02-05T22:31:05","modified_gmt":"2025-02-05T22:31:05","slug":"anillo-de-laton-ajustable-diseno-de-circulos-de-perla-madre","status":"publish","type":"product","link":"https:\/\/www.intiworld.com\/?product=anillo-de-laton-ajustable-diseno-de-circulos-de-perla-madre","title":{"rendered":"Anillo de lat\u00f3n ajustable dise\u00f1o de c\u00edrculos de perla madre"},"content":{"rendered":"","protected":false},"excerpt":{"rendered":"<p><strong>Mineral: <\/strong>Perla.<br \/>\n<strong>Composici\u00f3n: <\/strong>CaCO3.<strong><br \/>\nGrupo: <\/strong>N\u00e1car;\u00a0Piedras preciosas org\u00e1nicas.<strong><br \/>\nDureza: <\/strong>2.5 &#8211; 4.5\u00a0Escala Mhos.<strong><br \/>\nPropiedades Espirituales<\/strong>: Algunos creen que las perlas son\u00a0piedras curativas\u00a0poderosas asociadas con el agua. Simbolizan la pureza y promueven el equilibrio, la serenidad y la tranquilidad.Los curanderos de cristales tambi\u00e9n utilizan perlas como\u00a0piedra de chakra\u00a0universal para equilibrar todos los chakras (o centros de energ\u00eda).<\/p>\n<p><strong>Tipo<\/strong>: Anillo.<br \/>\n<strong>Tama\u00f1o<\/strong>: Ajustable.<br \/>\n<strong>Forma de venta<\/strong>: Por pieza.<br \/>\n<strong>Forma de entrega<\/strong>: En tienda o Envio por paqueter\u00eda.<\/p>\n<p><strong>Nota<\/strong>: Cualquier duda sobre este articulo favor de mandar mensaje de whats app o mandar correo electr\u00f3nico.<\/p>\n","protected":false},"featured_media":13549,"comment_status":"open","ping_status":"closed","template":"","meta":[],"product_brand":[],"product_cat":[402],"product_tag":[],"class_list":{"0":"post-13557","1":"product","2":"type-product","3":"status-publish","4":"has-post-thumbnail","6":"product_cat-accesorios-con-perlas-de-rio-y-perla-madre","8":"first","9":"instock","10":"taxable","11":"shipping-taxable","12":"product-type-simple"},"_links":{"self":[{"href":"https:\/\/www.intiworld.com\/index.php?rest_route=\/wp\/v2\/product\/13557","targetHints":{"allow":["GET"]}}],"collection":[{"href":"https:\/\/www.intiworld.com\/index.php?rest_route=\/wp\/v2\/product"}],"about":[{"href":"https:\/\/www.intiworld.com\/index.php?rest_route=\/wp\/v2\/types\/product"}],"replies":[{"embeddable":true,"href":"https:\/\/www.intiworld.com\/index.php?rest_route=%2Fwp%2Fv2%2Fcomments&post=13557"}],"version-history":[{"count":1,"href":"https:\/\/www.intiworld.com\/index.php?rest_route=\/wp\/v2\/product\/13557\/revisions"}],"predecessor-version":[{"id":13558,"href":"https:\/\/www.intiworld.com\/index.php?rest_route=\/wp\/v2\/product\/13557\/revisions\/13558"}],"wp:featuredmedia":[{"embeddable":true,"href":"https:\/\/www.intiworld.com\/index.php?rest_route=\/wp\/v2\/media\/13549"}],"wp:attachment":[{"href":"https:\/\/www.intiworld.com\/index.php?rest_route=%2Fwp%2Fv2%2Fmedia&parent=13557"}],"wp:term":[{"taxonomy":"product_brand","embeddable":true,"href":"https:\/\/www.intiworld.com\/index.php?rest_route=%2Fwp%2Fv2%2Fproduct_brand&post=13557"},{"taxonomy":"product_cat","embeddable":true,"href":"https:\/\/www.intiworld.com\/index.php?rest_route=%2Fwp%2Fv2%2Fproduct_cat&post=13557"},{"taxonomy":"product_tag","embeddable":true,"href":"https:\/\/www.intiworld.com\/index.php?rest_route=%2Fwp%2Fv2%2Fproduct_tag&post=13557"}],"curies":[{"name":"wp","href":"https:\/\/api.w.org\/{rel}","templated":true}]}}