{"id":13178,"date":"2025-01-31T20:01:20","date_gmt":"2025-01-31T20:01:20","guid":{"rendered":"https:\/\/www.intiworld.com\/?post_type=product&#038;p=13178"},"modified":"2025-01-31T20:05:32","modified_gmt":"2025-01-31T20:05:32","slug":"colgante-de-ambar","status":"publish","type":"product","link":"https:\/\/www.intiworld.com\/?product=colgante-de-ambar","title":{"rendered":"Colgante de \u00e1mbar"},"content":{"rendered":"","protected":false},"excerpt":{"rendered":"<p><strong>Mineral: <\/strong>\u00c1mbar.<br \/>\n<strong>Composici\u00f3n: <\/strong>Hidrocarburo (C,H,O)<strong><br \/>\nGrupo: <\/strong>Org\u00e1nicos &#8211; hidrocarburos<strong><br \/>\nDureza: <\/strong>2 &#8211; 2.5 Escala Mhos.<strong><br \/>\nPropiedades Espirituales<\/strong>: El \u00e1mbar ha sido valorado por muchas culturas a lo largo de la historia por su belleza y supuestas propiedades curativas y espirituales. En t\u00e9rminos espirituales, el \u00e1mbar se asocia con la luz solar y se cree que posee una energ\u00eda c\u00e1lida y reconfortante que puede ayudar a aliviar la ansiedad y el estr\u00e9s. Se cree que el \u00e1mbar tiene la capacidad de absorber energ\u00eda negativa y transformarla en energ\u00eda positiva, lo que lo convierte en una piedra popular en la meditaci\u00f3n y la curaci\u00f3n energ\u00e9tica. Tambi\u00e9n se dice que promueve la claridad mental y ayuda a aumentar la confianza en uno mismo. Adem\u00e1s, el \u00e1mbar se ha utilizado durante siglos como amuleto de protecci\u00f3n y se cree que tiene la capacidad de proteger al portador de la negatividad y el mal. Se dice que ayuda a fortalecer los lazos familiares y atraer la buena suerte y la prosperidad.<\/p>\n<p><strong>Tipo<\/strong>: Colgante.<br \/>\n<strong>Tama\u00f1o<\/strong>: 22 cm de largo.<br \/>\n<strong>Forma de venta<\/strong>: Por Pieza.<br \/>\n<strong>Forma de entrega<\/strong>: En tienda o Envio por paqueter\u00eda.<\/p>\n<p><strong>Nota<\/strong>: Para cualquier duda sobre este material favor de mandar mensaje de whats app o por correo electr\u00f3nico.<\/p>\n","protected":false},"featured_media":13073,"comment_status":"open","ping_status":"closed","template":"","meta":[],"product_brand":[],"product_cat":[449],"product_tag":[349],"class_list":{"0":"post-13178","1":"product","2":"type-product","3":"status-publish","4":"has-post-thumbnail","6":"product_cat-colgante-de-ambar","7":"product_tag-pulsera","9":"first","10":"instock","11":"taxable","12":"shipping-taxable","13":"product-type-simple"},"_links":{"self":[{"href":"https:\/\/www.intiworld.com\/index.php?rest_route=\/wp\/v2\/product\/13178","targetHints":{"allow":["GET"]}}],"collection":[{"href":"https:\/\/www.intiworld.com\/index.php?rest_route=\/wp\/v2\/product"}],"about":[{"href":"https:\/\/www.intiworld.com\/index.php?rest_route=\/wp\/v2\/types\/product"}],"replies":[{"embeddable":true,"href":"https:\/\/www.intiworld.com\/index.php?rest_route=%2Fwp%2Fv2%2Fcomments&post=13178"}],"version-history":[{"count":1,"href":"https:\/\/www.intiworld.com\/index.php?rest_route=\/wp\/v2\/product\/13178\/revisions"}],"predecessor-version":[{"id":13179,"href":"https:\/\/www.intiworld.com\/index.php?rest_route=\/wp\/v2\/product\/13178\/revisions\/13179"}],"wp:featuredmedia":[{"embeddable":true,"href":"https:\/\/www.intiworld.com\/index.php?rest_route=\/wp\/v2\/media\/13073"}],"wp:attachment":[{"href":"https:\/\/www.intiworld.com\/index.php?rest_route=%2Fwp%2Fv2%2Fmedia&parent=13178"}],"wp:term":[{"taxonomy":"product_brand","embeddable":true,"href":"https:\/\/www.intiworld.com\/index.php?rest_route=%2Fwp%2Fv2%2Fproduct_brand&post=13178"},{"taxonomy":"product_cat","embeddable":true,"href":"https:\/\/www.intiworld.com\/index.php?rest_route=%2Fwp%2Fv2%2Fproduct_cat&post=13178"},{"taxonomy":"product_tag","embeddable":true,"href":"https:\/\/www.intiworld.com\/index.php?rest_route=%2Fwp%2Fv2%2Fproduct_tag&post=13178"}],"curies":[{"name":"wp","href":"https:\/\/api.w.org\/{rel}","templated":true}]}}