{"id":13085,"date":"2025-01-30T22:27:43","date_gmt":"2025-01-30T22:27:43","guid":{"rendered":"https:\/\/www.intiworld.com\/?post_type=product&#038;p=13085"},"modified":"2025-01-30T22:28:58","modified_gmt":"2025-01-30T22:28:58","slug":"huevo-de-cuarzo-azul","status":"publish","type":"product","link":"https:\/\/www.intiworld.com\/?product=huevo-de-cuarzo-azul","title":{"rendered":"Huevo de cuarzo azul"},"content":{"rendered":"","protected":false},"excerpt":{"rendered":"<p><strong>Mineral:\u00a0<\/strong>Cuarzo Azul.<br \/>\n<strong>Composici\u00f3n:\u00a0<\/strong>SiO<sub>2.<\/sub><strong><br \/>\nGrupo:\u00a0<\/strong>Silicatos \u2013 tectosilicatos.<strong><br \/>\nDureza: 7<\/strong>\u00a0Escala Mhos.<strong><br \/>\nPropiedades Espirituales<\/strong>: El\u00a0<strong>cuarzo azul<\/strong>\u00a0es una piedra asociada al 5\u00ba chakra. Es una piedra indicada para calmar y tranquilizar. Favorece la comunicaci\u00f3n. Ayuda a relajar el cuerpo y a dormir bien. A nivel curativo suele usarse en todo tipo de afecciones de la garganta, desinflamando y equilibrando la zona.<\/p>\n<p><strong>Tipo<\/strong>: <strong>Huevo Yoni para Terapia Vaginal.<\/strong> Los huevos vaginales sirven para conocer y trabajar el suelo p\u00e9lvico y la zona vaginal de la mujer. Est\u00e1 especialmente indicado en mujeres que necesitan fortalecer su suelo p\u00e9lvico por motivos hormonales: preparto, postparto y menopausia. Tambi\u00e9n en aquellas mujeres que necesitan ejercitar el suelo p\u00e9lvico debido a su pr\u00e1ctica profesional o deportiva: cantantes, trabajadoras de fuerza, deportistas de crossfit o deportes de impacto. Y, por \u00faltimo, para mujeres que necesitan reeducar su zona p\u00e9lvica, bien por problemas de estre\u00f1imiento o disfunciones sexuales relacionadas con la vagina o el suelo p\u00e9lvico.<br \/>\n<strong>Forma de venta<\/strong>: Por Pieza.<br \/>\n<strong>Tama\u00f1o<\/strong>: 2.5 cm &#8211; 3cm de largo x 2 cm &#8211; 2.5 cm de ancho.<br \/>\n<strong>Forma de entrega<\/strong>: En tienda o Envio por paqueter\u00eda.<\/p>\n<p><strong>Nota<\/strong>: Para cualquier duda sobre este producto favor de mandar mensaje de whats app o por correo electr\u00f3nico.<\/p>\n","protected":false},"featured_media":12941,"comment_status":"open","ping_status":"closed","template":"","meta":[],"product_brand":[],"product_cat":[441],"product_tag":[450,229],"class_list":{"0":"post-13085","1":"product","2":"type-product","3":"status-publish","4":"has-post-thumbnail","6":"product_cat-huevitos-de-piedra-natural","7":"product_tag-huevos","8":"product_tag-piedra","10":"first","11":"instock","12":"taxable","13":"shipping-taxable","14":"product-type-simple"},"_links":{"self":[{"href":"https:\/\/www.intiworld.com\/index.php?rest_route=\/wp\/v2\/product\/13085","targetHints":{"allow":["GET"]}}],"collection":[{"href":"https:\/\/www.intiworld.com\/index.php?rest_route=\/wp\/v2\/product"}],"about":[{"href":"https:\/\/www.intiworld.com\/index.php?rest_route=\/wp\/v2\/types\/product"}],"replies":[{"embeddable":true,"href":"https:\/\/www.intiworld.com\/index.php?rest_route=%2Fwp%2Fv2%2Fcomments&post=13085"}],"version-history":[{"count":1,"href":"https:\/\/www.intiworld.com\/index.php?rest_route=\/wp\/v2\/product\/13085\/revisions"}],"predecessor-version":[{"id":13086,"href":"https:\/\/www.intiworld.com\/index.php?rest_route=\/wp\/v2\/product\/13085\/revisions\/13086"}],"wp:featuredmedia":[{"embeddable":true,"href":"https:\/\/www.intiworld.com\/index.php?rest_route=\/wp\/v2\/media\/12941"}],"wp:attachment":[{"href":"https:\/\/www.intiworld.com\/index.php?rest_route=%2Fwp%2Fv2%2Fmedia&parent=13085"}],"wp:term":[{"taxonomy":"product_brand","embeddable":true,"href":"https:\/\/www.intiworld.com\/index.php?rest_route=%2Fwp%2Fv2%2Fproduct_brand&post=13085"},{"taxonomy":"product_cat","embeddable":true,"href":"https:\/\/www.intiworld.com\/index.php?rest_route=%2Fwp%2Fv2%2Fproduct_cat&post=13085"},{"taxonomy":"product_tag","embeddable":true,"href":"https:\/\/www.intiworld.com\/index.php?rest_route=%2Fwp%2Fv2%2Fproduct_tag&post=13085"}],"curies":[{"name":"wp","href":"https:\/\/api.w.org\/{rel}","templated":true}]}}