{"id":13077,"date":"2025-01-30T22:17:21","date_gmt":"2025-01-30T22:17:21","guid":{"rendered":"https:\/\/www.intiworld.com\/?post_type=product&#038;p=13077"},"modified":"2025-01-30T22:20:12","modified_gmt":"2025-01-30T22:20:12","slug":"huevo-de-piedra-rodonita","status":"publish","type":"product","link":"https:\/\/www.intiworld.com\/?product=huevo-de-piedra-rodonita","title":{"rendered":"Huevo de piedra rodonita"},"content":{"rendered":"","protected":false},"excerpt":{"rendered":"<p><strong>Mineral:\u00a0<\/strong>Rodonita.<br \/>\n<strong>Composici\u00f3n:<\/strong>\u00a0(Mn,Ca)<sub>5<\/sub>(Si<sub>5<\/sub>O<sub>15<\/sub>)<sub><br \/>\n<\/sub><strong>Grupo:\u00a0<\/strong>Silicatos \u2013 inosilicatos.<br \/>\n<strong>Dureza:\u00a0<\/strong>6 Escala Mhos.<strong><br \/>\nPropiedades Espirituales<\/strong>: La\u00a0<strong>rodonita<\/strong>\u00a0simboliza la amistad. Se utiliza para equilibrar el chakra del coraz\u00f3n y para asentar la energ\u00eda. Es una piedra que fomenta el perd\u00f3n y la reconciliaci\u00f3n. Favorece la resoluci\u00f3n de conflictos y estados de codependencia y ayuda a limpiar \u201cheridas\u201d del pasado. En casos de shock o trauma emocional puede ser usada como piedra de primeros auxilios.<\/p>\n<p><strong>Tipo<\/strong>: <strong>Huevo Yoni para Terapia Vaginal.<\/strong> Los huevos vaginales sirven para conocer y trabajar el suelo p\u00e9lvico y la zona vaginal de la mujer. Est\u00e1 especialmente indicado en mujeres que necesitan fortalecer su suelo p\u00e9lvico por motivos hormonales: preparto, postparto y menopausia. Tambi\u00e9n en aquellas mujeres que necesitan ejercitar el suelo p\u00e9lvico debido a su pr\u00e1ctica profesional o deportiva: cantantes, trabajadoras de fuerza, deportistas de crossfit o deportes de impacto. Y, por \u00faltimo, para mujeres que necesitan reeducar su zona p\u00e9lvica, bien por problemas de estre\u00f1imiento o disfunciones sexuales relacionadas con la vagina o el suelo p\u00e9lvico.<br \/>\n<strong>Forma de venta<\/strong>: Por Pieza.<br \/>\n<strong>Tama\u00f1o<\/strong>: 2.5 cm &#8211; 3cm de largo x 2 cm &#8211; 2.5 cm de ancho.<br \/>\n<strong>Forma de entrega<\/strong>: En tienda o Envio por paqueter\u00eda.<\/p>\n<p><strong>Nota<\/strong>: Para cualquier duda sobre este producto favor de mandar mensaje de whats app o por correo electr\u00f3nico.<\/p>\n","protected":false},"featured_media":12950,"comment_status":"open","ping_status":"closed","template":"","meta":[],"product_brand":[],"product_cat":[441],"product_tag":[450,229],"class_list":{"0":"post-13077","1":"product","2":"type-product","3":"status-publish","4":"has-post-thumbnail","6":"product_cat-huevitos-de-piedra-natural","7":"product_tag-huevos","8":"product_tag-piedra","10":"first","11":"instock","12":"taxable","13":"shipping-taxable","14":"product-type-simple"},"_links":{"self":[{"href":"https:\/\/www.intiworld.com\/index.php?rest_route=\/wp\/v2\/product\/13077","targetHints":{"allow":["GET"]}}],"collection":[{"href":"https:\/\/www.intiworld.com\/index.php?rest_route=\/wp\/v2\/product"}],"about":[{"href":"https:\/\/www.intiworld.com\/index.php?rest_route=\/wp\/v2\/types\/product"}],"replies":[{"embeddable":true,"href":"https:\/\/www.intiworld.com\/index.php?rest_route=%2Fwp%2Fv2%2Fcomments&post=13077"}],"version-history":[{"count":1,"href":"https:\/\/www.intiworld.com\/index.php?rest_route=\/wp\/v2\/product\/13077\/revisions"}],"predecessor-version":[{"id":13078,"href":"https:\/\/www.intiworld.com\/index.php?rest_route=\/wp\/v2\/product\/13077\/revisions\/13078"}],"wp:featuredmedia":[{"embeddable":true,"href":"https:\/\/www.intiworld.com\/index.php?rest_route=\/wp\/v2\/media\/12950"}],"wp:attachment":[{"href":"https:\/\/www.intiworld.com\/index.php?rest_route=%2Fwp%2Fv2%2Fmedia&parent=13077"}],"wp:term":[{"taxonomy":"product_brand","embeddable":true,"href":"https:\/\/www.intiworld.com\/index.php?rest_route=%2Fwp%2Fv2%2Fproduct_brand&post=13077"},{"taxonomy":"product_cat","embeddable":true,"href":"https:\/\/www.intiworld.com\/index.php?rest_route=%2Fwp%2Fv2%2Fproduct_cat&post=13077"},{"taxonomy":"product_tag","embeddable":true,"href":"https:\/\/www.intiworld.com\/index.php?rest_route=%2Fwp%2Fv2%2Fproduct_tag&post=13077"}],"curies":[{"name":"wp","href":"https:\/\/api.w.org\/{rel}","templated":true}]}}