{"id":12703,"date":"2025-01-22T23:49:28","date_gmt":"2025-01-22T23:49:28","guid":{"rendered":"https:\/\/www.intiworld.com\/?post_type=product&#038;p=12703"},"modified":"2025-01-22T23:54:43","modified_gmt":"2025-01-22T23:54:43","slug":"perfumero-de-piedra-howlita-en-forma-de-gota-con-facetas","status":"publish","type":"product","link":"https:\/\/www.intiworld.com\/?product=perfumero-de-piedra-howlita-en-forma-de-gota-con-facetas","title":{"rendered":"Perfumero de piedra howlita en forma de gota con facetas"},"content":{"rendered":"","protected":false},"excerpt":{"rendered":"<p><strong>Mineral:\u00a0<\/strong>Howlita.<br \/>\n<strong>Composici\u00f3n:\u00a0<\/strong>Ca<sub>2<\/sub>B<sub>5<\/sub>SiO<sub>9<\/sub>(OH)<sub>5.<\/sub><strong><br \/>\nGrupo:\u00a0<\/strong>Boratos.<strong><br \/>\nDureza:\u00a0<\/strong>3.5 Escala Mhos.<strong><br \/>\nPropiedades Espirituales<\/strong>: La\u00a0<strong>howlita<\/strong>\u00a0aporta relajaci\u00f3n, ayuda a calmar la mente, a conciliar el sue\u00f1o y favorece la meditaci\u00f3n. Fomenta la paciencia y la buena comunicaci\u00f3n. Fortalece los rasgos positivos del car\u00e1cter. Se dice que la\u00a0<strong>howlita<\/strong>\u00a0prepara la mente para recibir sabidur\u00eda y comprensiones de vidas pasadas.<\/p>\n<p><strong>Tipo<\/strong>: Perfumero de piedra.<br \/>\n<strong>Tama\u00f1o<\/strong>: 1.7 cm de ancho x 3.2 cm de largo.<br \/>\n<strong>Forma de venta<\/strong>: Por Pieza.<br \/>\n<strong>Forma de entrega<\/strong>: En tienda o Envio por paqueter\u00eda.<\/p>\n<p><strong>Nota<\/strong>: Para cualquier duda sobre este material favor de mandar mensaje de whats app o por correo electr\u00f3nico.<\/p>\n","protected":false},"featured_media":12675,"comment_status":"open","ping_status":"closed","template":"","meta":[],"product_brand":[],"product_cat":[430],"product_tag":[306,256],"class_list":{"0":"post-12703","1":"product","2":"type-product","3":"status-publish","4":"has-post-thumbnail","6":"product_cat-perfumero-de-piedra-natural-en-forma-de-gota","7":"product_tag-dije","8":"product_tag-piedra-natural","10":"first","11":"instock","12":"taxable","13":"shipping-taxable","14":"product-type-simple"},"_links":{"self":[{"href":"https:\/\/www.intiworld.com\/index.php?rest_route=\/wp\/v2\/product\/12703","targetHints":{"allow":["GET"]}}],"collection":[{"href":"https:\/\/www.intiworld.com\/index.php?rest_route=\/wp\/v2\/product"}],"about":[{"href":"https:\/\/www.intiworld.com\/index.php?rest_route=\/wp\/v2\/types\/product"}],"replies":[{"embeddable":true,"href":"https:\/\/www.intiworld.com\/index.php?rest_route=%2Fwp%2Fv2%2Fcomments&post=12703"}],"version-history":[{"count":1,"href":"https:\/\/www.intiworld.com\/index.php?rest_route=\/wp\/v2\/product\/12703\/revisions"}],"predecessor-version":[{"id":12704,"href":"https:\/\/www.intiworld.com\/index.php?rest_route=\/wp\/v2\/product\/12703\/revisions\/12704"}],"wp:featuredmedia":[{"embeddable":true,"href":"https:\/\/www.intiworld.com\/index.php?rest_route=\/wp\/v2\/media\/12675"}],"wp:attachment":[{"href":"https:\/\/www.intiworld.com\/index.php?rest_route=%2Fwp%2Fv2%2Fmedia&parent=12703"}],"wp:term":[{"taxonomy":"product_brand","embeddable":true,"href":"https:\/\/www.intiworld.com\/index.php?rest_route=%2Fwp%2Fv2%2Fproduct_brand&post=12703"},{"taxonomy":"product_cat","embeddable":true,"href":"https:\/\/www.intiworld.com\/index.php?rest_route=%2Fwp%2Fv2%2Fproduct_cat&post=12703"},{"taxonomy":"product_tag","embeddable":true,"href":"https:\/\/www.intiworld.com\/index.php?rest_route=%2Fwp%2Fv2%2Fproduct_tag&post=12703"}],"curies":[{"name":"wp","href":"https:\/\/api.w.org\/{rel}","templated":true}]}}