{"id":12548,"date":"2025-01-22T20:43:49","date_gmt":"2025-01-22T20:43:49","guid":{"rendered":"https:\/\/www.intiworld.com\/?post_type=product&#038;p=12548"},"modified":"2025-01-22T20:45:41","modified_gmt":"2025-01-22T20:45:41","slug":"dije-de-toro-de-piedra-natural-fluorita-calidad-suprema","status":"publish","type":"product","link":"https:\/\/www.intiworld.com\/?product=dije-de-toro-de-piedra-natural-fluorita-calidad-suprema","title":{"rendered":"Dije de toro de piedra natural fluorita calidad suprema"},"content":{"rendered":"","protected":false},"excerpt":{"rendered":"<p><strong>Mineral:\u00a0<\/strong>Fluorita.<br \/>\n<strong>Composici\u00f3n: <\/strong>CaF<sub>2.<\/sub><sub><br \/>\n<\/sub><strong>Grupo:<\/strong> Halogenuros.<br \/>\n<strong>Dureza: <\/strong>4\u00a0Escala Mhos.<strong><br \/>\nPropiedades Espirituales<\/strong>: La\u00a0<strong>fluorita<\/strong>\u00a0se considera una piedra espiritual de limpieza, purificaci\u00f3n y equilibrio. Tiene una energ\u00eda muy sutil y eleva la vibraci\u00f3n a trav\u00e9s de la relajaci\u00f3n de la mente. Equilibra los hemisferios y potencia la intuici\u00f3n. Es una piedra que favorece la organizaci\u00f3n y el orden interno. Suele usarse para las meditaciones individuales y en grupo.<\/p>\n<p><strong>Tipo<\/strong>: Dije de Toro.<br \/>\n<strong>Tama\u00f1o<\/strong>: 3 cm de largo x 4 cm de ancho.<br \/>\n<strong>Forma de venta<\/strong>: Por Pieza.<br \/>\n<strong>Forma de entrega<\/strong>: En tienda o Envio por paqueter\u00eda.<\/p>\n<p><strong>Nota<\/strong>: Para cualquier duda sobre este material favor de mandar mensaje de whats app o por correo electr\u00f3nico.<\/p>\n","protected":false},"featured_media":12545,"comment_status":"open","ping_status":"closed","template":"","meta":[],"product_brand":[],"product_cat":[304],"product_tag":[255,256],"class_list":{"0":"post-12548","1":"product","2":"type-product","3":"status-publish","4":"has-post-thumbnail","6":"product_cat-figuras-de-piedra","7":"product_tag-cabujon","8":"product_tag-piedra-natural","10":"first","11":"instock","12":"taxable","13":"shipping-taxable","14":"product-type-simple"},"_links":{"self":[{"href":"https:\/\/www.intiworld.com\/index.php?rest_route=\/wp\/v2\/product\/12548","targetHints":{"allow":["GET"]}}],"collection":[{"href":"https:\/\/www.intiworld.com\/index.php?rest_route=\/wp\/v2\/product"}],"about":[{"href":"https:\/\/www.intiworld.com\/index.php?rest_route=\/wp\/v2\/types\/product"}],"replies":[{"embeddable":true,"href":"https:\/\/www.intiworld.com\/index.php?rest_route=%2Fwp%2Fv2%2Fcomments&post=12548"}],"version-history":[{"count":1,"href":"https:\/\/www.intiworld.com\/index.php?rest_route=\/wp\/v2\/product\/12548\/revisions"}],"predecessor-version":[{"id":12549,"href":"https:\/\/www.intiworld.com\/index.php?rest_route=\/wp\/v2\/product\/12548\/revisions\/12549"}],"wp:featuredmedia":[{"embeddable":true,"href":"https:\/\/www.intiworld.com\/index.php?rest_route=\/wp\/v2\/media\/12545"}],"wp:attachment":[{"href":"https:\/\/www.intiworld.com\/index.php?rest_route=%2Fwp%2Fv2%2Fmedia&parent=12548"}],"wp:term":[{"taxonomy":"product_brand","embeddable":true,"href":"https:\/\/www.intiworld.com\/index.php?rest_route=%2Fwp%2Fv2%2Fproduct_brand&post=12548"},{"taxonomy":"product_cat","embeddable":true,"href":"https:\/\/www.intiworld.com\/index.php?rest_route=%2Fwp%2Fv2%2Fproduct_cat&post=12548"},{"taxonomy":"product_tag","embeddable":true,"href":"https:\/\/www.intiworld.com\/index.php?rest_route=%2Fwp%2Fv2%2Fproduct_tag&post=12548"}],"curies":[{"name":"wp","href":"https:\/\/api.w.org\/{rel}","templated":true}]}}