{"id":12345,"date":"2025-01-21T22:14:29","date_gmt":"2025-01-21T22:14:29","guid":{"rendered":"https:\/\/www.intiworld.com\/?post_type=product&#038;p=12345"},"modified":"2025-01-21T22:16:47","modified_gmt":"2025-01-21T22:16:47","slug":"gargantilla-de-metal-con-cuentas-amorfas-de-cuarzo-mixto","status":"publish","type":"product","link":"https:\/\/www.intiworld.com\/?product=gargantilla-de-metal-con-cuentas-amorfas-de-cuarzo-mixto","title":{"rendered":"Gargantilla de metal con cuentas amorfas de cuarzo mixto"},"content":{"rendered":"","protected":false},"excerpt":{"rendered":"<p><strong>Mineral:\u00a0<\/strong>Cuarzo Mixto.<strong><br \/>\nComposici\u00f3n:\u00a0<\/strong>SiO<sub>2.<\/sub><strong><br \/>\nGrupo:\u00a0<\/strong>Silicatos \u2013 tectosilicatos.<strong><br \/>\nDureza:\u00a0<\/strong>7\u00a0Escala Mhos.<strong><br \/>\nPropiedades Espirituales:\u00a0<\/strong>Se dice que los cuarzos tienen propiedades que pueden ayudar a purificar la energ\u00eda interna, combatir el estr\u00e9s, aumentar la autoestima, atraer \u00e9xito, atraer la buena suerte, el amor, relajar la mente, entre otras cosas. El conservar o traer cuarzos diversos ayuda a que cada propiedad se active de acuerdo al cuarzo.<\/p>\n<p><strong>Articulo<\/strong>: Gargantilla con piedra natural.<br \/>\n<strong>Tama\u00f1o: <\/strong>41 cm + 5cm de largo.<br \/>\n<strong>Color<\/strong>: Dorado.<br \/>\n<strong>Material<\/strong>: Aleaci\u00f3n.<br \/>\n<strong>Formato de venta<\/strong>: Por Pieza.<br \/>\n<strong>Forma de entrega<\/strong>: Recoge en tienda o Envio por paqueter\u00eda.<\/p>\n<p>Cualquier duda con este material favor de mandar whats app o mandar correo electr\u00f3nico.<\/p>\n","protected":false},"featured_media":12308,"comment_status":"open","ping_status":"closed","template":"","meta":[],"product_brand":[],"product_cat":[424],"product_tag":[],"class_list":{"0":"post-12345","1":"product","2":"type-product","3":"status-publish","4":"has-post-thumbnail","6":"product_cat-gargantillas-de-metal-con-cuentas-amorfas-de-piedra-natural","8":"first","9":"instock","10":"taxable","11":"shipping-taxable","12":"product-type-simple"},"_links":{"self":[{"href":"https:\/\/www.intiworld.com\/index.php?rest_route=\/wp\/v2\/product\/12345","targetHints":{"allow":["GET"]}}],"collection":[{"href":"https:\/\/www.intiworld.com\/index.php?rest_route=\/wp\/v2\/product"}],"about":[{"href":"https:\/\/www.intiworld.com\/index.php?rest_route=\/wp\/v2\/types\/product"}],"replies":[{"embeddable":true,"href":"https:\/\/www.intiworld.com\/index.php?rest_route=%2Fwp%2Fv2%2Fcomments&post=12345"}],"version-history":[{"count":2,"href":"https:\/\/www.intiworld.com\/index.php?rest_route=\/wp\/v2\/product\/12345\/revisions"}],"predecessor-version":[{"id":12347,"href":"https:\/\/www.intiworld.com\/index.php?rest_route=\/wp\/v2\/product\/12345\/revisions\/12347"}],"wp:featuredmedia":[{"embeddable":true,"href":"https:\/\/www.intiworld.com\/index.php?rest_route=\/wp\/v2\/media\/12308"}],"wp:attachment":[{"href":"https:\/\/www.intiworld.com\/index.php?rest_route=%2Fwp%2Fv2%2Fmedia&parent=12345"}],"wp:term":[{"taxonomy":"product_brand","embeddable":true,"href":"https:\/\/www.intiworld.com\/index.php?rest_route=%2Fwp%2Fv2%2Fproduct_brand&post=12345"},{"taxonomy":"product_cat","embeddable":true,"href":"https:\/\/www.intiworld.com\/index.php?rest_route=%2Fwp%2Fv2%2Fproduct_cat&post=12345"},{"taxonomy":"product_tag","embeddable":true,"href":"https:\/\/www.intiworld.com\/index.php?rest_route=%2Fwp%2Fv2%2Fproduct_tag&post=12345"}],"curies":[{"name":"wp","href":"https:\/\/api.w.org\/{rel}","templated":true}]}}