{"id":12338,"date":"2025-01-21T21:09:46","date_gmt":"2025-01-21T21:09:46","guid":{"rendered":"https:\/\/www.intiworld.com\/?post_type=product&#038;p=12338"},"modified":"2025-01-21T21:11:31","modified_gmt":"2025-01-21T21:11:31","slug":"gargantilla-de-metal-con-cuentas-amorfas-de-cuarzo-rutilado","status":"publish","type":"product","link":"https:\/\/www.intiworld.com\/?product=gargantilla-de-metal-con-cuentas-amorfas-de-cuarzo-rutilado","title":{"rendered":"Gargantilla de metal con cuentas amorfas de cuarzo rutilado"},"content":{"rendered":"","protected":false},"excerpt":{"rendered":"<p><strong>Mineral:\u00a0<\/strong>Cuarzo Rutilado.<br \/>\n<strong>Composici\u00f3n:\u00a0<\/strong>SiO<sub>2.<\/sub><strong><br \/>\nGrupo:\u00a0<\/strong>Silicatos \u2013 tectosilicatos.<strong><br \/>\nDureza: 7<\/strong>\u00a0Escala Mhos.<strong><br \/>\nPropiedades Espirituales<\/strong>: El\u00a0<strong>cuarzo rutilado<\/strong>\u00a0es una piedra asociada a la vitalidad y a la luz. Simboliza la energ\u00eda nutridora del sol. Se recomienda en las meditaciones y para limpiar y energizar el aura. Favorece la concentraci\u00f3n, el enfoque y la creatividad. Potencia la canalizaci\u00f3n y la conexi\u00f3n con los gu\u00edas personales y la sabidur\u00eda interior.<\/p>\n<p><strong>Articulo<\/strong>: Gargantilla con piedra natural.<br \/>\n<strong>Tama\u00f1o<\/strong>: 41 cm + 5cm de largo.<br \/>\n<strong>Color<\/strong>: Dorado.<br \/>\n<strong>Material<\/strong>: Aleaci\u00f3n.<br \/>\n<strong>Formato de venta<\/strong>: Por Pieza.<br \/>\n<strong>Forma de entrega<\/strong>: Recoge en tienda o Envio por paqueter\u00eda.<\/p>\n<p>Cualquier duda con este material favor de mandar whats app o mandar correo electr\u00f3nico.<\/p>\n","protected":false},"featured_media":12312,"comment_status":"open","ping_status":"closed","template":"","meta":[],"product_brand":[],"product_cat":[424],"product_tag":[],"class_list":{"0":"post-12338","1":"product","2":"type-product","3":"status-publish","4":"has-post-thumbnail","6":"product_cat-gargantillas-de-metal-con-cuentas-amorfas-de-piedra-natural","8":"first","9":"instock","10":"taxable","11":"shipping-taxable","12":"product-type-simple"},"_links":{"self":[{"href":"https:\/\/www.intiworld.com\/index.php?rest_route=\/wp\/v2\/product\/12338","targetHints":{"allow":["GET"]}}],"collection":[{"href":"https:\/\/www.intiworld.com\/index.php?rest_route=\/wp\/v2\/product"}],"about":[{"href":"https:\/\/www.intiworld.com\/index.php?rest_route=\/wp\/v2\/types\/product"}],"replies":[{"embeddable":true,"href":"https:\/\/www.intiworld.com\/index.php?rest_route=%2Fwp%2Fv2%2Fcomments&post=12338"}],"version-history":[{"count":1,"href":"https:\/\/www.intiworld.com\/index.php?rest_route=\/wp\/v2\/product\/12338\/revisions"}],"predecessor-version":[{"id":12339,"href":"https:\/\/www.intiworld.com\/index.php?rest_route=\/wp\/v2\/product\/12338\/revisions\/12339"}],"wp:featuredmedia":[{"embeddable":true,"href":"https:\/\/www.intiworld.com\/index.php?rest_route=\/wp\/v2\/media\/12312"}],"wp:attachment":[{"href":"https:\/\/www.intiworld.com\/index.php?rest_route=%2Fwp%2Fv2%2Fmedia&parent=12338"}],"wp:term":[{"taxonomy":"product_brand","embeddable":true,"href":"https:\/\/www.intiworld.com\/index.php?rest_route=%2Fwp%2Fv2%2Fproduct_brand&post=12338"},{"taxonomy":"product_cat","embeddable":true,"href":"https:\/\/www.intiworld.com\/index.php?rest_route=%2Fwp%2Fv2%2Fproduct_cat&post=12338"},{"taxonomy":"product_tag","embeddable":true,"href":"https:\/\/www.intiworld.com\/index.php?rest_route=%2Fwp%2Fv2%2Fproduct_tag&post=12338"}],"curies":[{"name":"wp","href":"https:\/\/api.w.org\/{rel}","templated":true}]}}