{"id":12286,"date":"2025-01-21T20:14:06","date_gmt":"2025-01-21T20:14:06","guid":{"rendered":"https:\/\/www.intiworld.com\/?post_type=product&#038;p=12286"},"modified":"2025-01-21T20:15:09","modified_gmt":"2025-01-21T20:15:09","slug":"cadena-de-metal-con-cuentas-amorfas-de-piedra-granate","status":"publish","type":"product","link":"https:\/\/www.intiworld.com\/?product=cadena-de-metal-con-cuentas-amorfas-de-piedra-granate","title":{"rendered":"Cadena de metal con cuentas amorfas de piedra granate"},"content":{"rendered":"","protected":false},"excerpt":{"rendered":"<p><strong>Mineral:\u00a0<\/strong>Granate.<br \/>\n<strong>Composici\u00f3n:\u00a0<\/strong>X<sub>3<\/sub>Z<sub>2<\/sub>(SiO<sub>4<\/sub>)<sub>3.<\/sub><strong><br \/>\nGrupo:\u00a0<\/strong>Nesosilicatos.<strong><br \/>\nDureza:\u00a0<\/strong>6.5 \u2013 7.5 \u00a0Escala Mhos.<strong><br \/>\nPropiedades Espirituales<\/strong>: El\u00a0<strong>granate<\/strong>\u00a0se considera una piedra de 1\u00ba chakra, con una energ\u00eda vigorosa. Ayuda a enraizar con fuerza, lo que favorece la seguridad y la firmeza de car\u00e1cter. Potencia la l\u00edvido y refuerza la zona de los \u00f3rganos sexuales y de reproducci\u00f3n.<\/p>\n<p><strong>Articulo<\/strong>: Cadena con piedra natural.<br \/>\n<strong>Color<\/strong>: Dorado.<br \/>\n<strong>Material<\/strong>: Aleaci\u00f3n.<br \/>\n<strong>Formato de venta<\/strong>: Por Metro.<br \/>\n<strong>Forma de entrega<\/strong>: Recoge en tienda o Envio por paqueter\u00eda.<\/p>\n<p>Cualquier duda con este material favor de mandar whats app o mandar correo electr\u00f3nico.<\/p>\n","protected":false},"featured_media":12249,"comment_status":"open","ping_status":"closed","template":"","meta":[],"product_brand":[],"product_cat":[423],"product_tag":[],"class_list":{"0":"post-12286","1":"product","2":"type-product","3":"status-publish","4":"has-post-thumbnail","6":"product_cat-cadena-de-metal-con-piedras-naturales","8":"first","9":"instock","10":"taxable","11":"shipping-taxable","12":"product-type-simple"},"_links":{"self":[{"href":"https:\/\/www.intiworld.com\/index.php?rest_route=\/wp\/v2\/product\/12286","targetHints":{"allow":["GET"]}}],"collection":[{"href":"https:\/\/www.intiworld.com\/index.php?rest_route=\/wp\/v2\/product"}],"about":[{"href":"https:\/\/www.intiworld.com\/index.php?rest_route=\/wp\/v2\/types\/product"}],"replies":[{"embeddable":true,"href":"https:\/\/www.intiworld.com\/index.php?rest_route=%2Fwp%2Fv2%2Fcomments&post=12286"}],"version-history":[{"count":1,"href":"https:\/\/www.intiworld.com\/index.php?rest_route=\/wp\/v2\/product\/12286\/revisions"}],"predecessor-version":[{"id":12287,"href":"https:\/\/www.intiworld.com\/index.php?rest_route=\/wp\/v2\/product\/12286\/revisions\/12287"}],"wp:featuredmedia":[{"embeddable":true,"href":"https:\/\/www.intiworld.com\/index.php?rest_route=\/wp\/v2\/media\/12249"}],"wp:attachment":[{"href":"https:\/\/www.intiworld.com\/index.php?rest_route=%2Fwp%2Fv2%2Fmedia&parent=12286"}],"wp:term":[{"taxonomy":"product_brand","embeddable":true,"href":"https:\/\/www.intiworld.com\/index.php?rest_route=%2Fwp%2Fv2%2Fproduct_brand&post=12286"},{"taxonomy":"product_cat","embeddable":true,"href":"https:\/\/www.intiworld.com\/index.php?rest_route=%2Fwp%2Fv2%2Fproduct_cat&post=12286"},{"taxonomy":"product_tag","embeddable":true,"href":"https:\/\/www.intiworld.com\/index.php?rest_route=%2Fwp%2Fv2%2Fproduct_tag&post=12286"}],"curies":[{"name":"wp","href":"https:\/\/api.w.org\/{rel}","templated":true}]}}