{"id":12280,"date":"2025-01-21T19:56:03","date_gmt":"2025-01-21T19:56:03","guid":{"rendered":"https:\/\/www.intiworld.com\/?post_type=product&#038;p=12280"},"modified":"2025-01-21T19:56:53","modified_gmt":"2025-01-21T19:56:53","slug":"cadena-de-metal-con-cuentas-amorfas-de-piedra-agata-negra","status":"publish","type":"product","link":"https:\/\/www.intiworld.com\/?product=cadena-de-metal-con-cuentas-amorfas-de-piedra-agata-negra","title":{"rendered":"Cadena de metal con cuentas amorfas de piedra \u00e1gata negra"},"content":{"rendered":"","protected":false},"excerpt":{"rendered":"<p><strong>Mineral:\u00a0<\/strong>\u00c1gata Negra.<br \/>\n<strong>Composici\u00f3n:\u00a0<\/strong>SiO<sub>2.<\/sub><strong><br \/>\nGrupo:\u00a0<\/strong>Silicatos \u2013 tectosilicatos.<strong><br \/>\nDureza: 7<\/strong>\u00a0Escala Mhos.<strong><br \/>\nPropiedades Espirituales<\/strong>: El\u00a0\u00e1gata negra\u00a0es conocida por sus propiedades curativas y protectoras. Se cree que reduce el estr\u00e9s y la ansiedad, adem\u00e1s de favorecer la concentraci\u00f3n y el enfoque. El \u00e1gata negra tambi\u00e9n es conocida por su capacidad para proteger contra la energ\u00eda negativa, as\u00ed como para ayudar en la toma de decisiones.<\/p>\n<p><strong>Articulo<\/strong>: Cadena con piedra natural.<br \/>\n<strong>Color<\/strong>: Dorado.<br \/>\n<strong>Material<\/strong>: Aleaci\u00f3n.<br \/>\n<strong>Formato de venta<\/strong>: Por Metro.<br \/>\n<strong>Forma de entrega<\/strong>: Recoge en tienda o Envio por paqueter\u00eda.<\/p>\n<p>Cualquier duda con este material favor de mandar whats app o mandar correo electr\u00f3nico.<\/p>\n","protected":false},"featured_media":12258,"comment_status":"open","ping_status":"closed","template":"","meta":[],"product_brand":[],"product_cat":[423],"product_tag":[],"class_list":{"0":"post-12280","1":"product","2":"type-product","3":"status-publish","4":"has-post-thumbnail","6":"product_cat-cadena-de-metal-con-piedras-naturales","8":"first","9":"instock","10":"taxable","11":"shipping-taxable","12":"product-type-simple"},"_links":{"self":[{"href":"https:\/\/www.intiworld.com\/index.php?rest_route=\/wp\/v2\/product\/12280","targetHints":{"allow":["GET"]}}],"collection":[{"href":"https:\/\/www.intiworld.com\/index.php?rest_route=\/wp\/v2\/product"}],"about":[{"href":"https:\/\/www.intiworld.com\/index.php?rest_route=\/wp\/v2\/types\/product"}],"replies":[{"embeddable":true,"href":"https:\/\/www.intiworld.com\/index.php?rest_route=%2Fwp%2Fv2%2Fcomments&post=12280"}],"version-history":[{"count":1,"href":"https:\/\/www.intiworld.com\/index.php?rest_route=\/wp\/v2\/product\/12280\/revisions"}],"predecessor-version":[{"id":12281,"href":"https:\/\/www.intiworld.com\/index.php?rest_route=\/wp\/v2\/product\/12280\/revisions\/12281"}],"wp:featuredmedia":[{"embeddable":true,"href":"https:\/\/www.intiworld.com\/index.php?rest_route=\/wp\/v2\/media\/12258"}],"wp:attachment":[{"href":"https:\/\/www.intiworld.com\/index.php?rest_route=%2Fwp%2Fv2%2Fmedia&parent=12280"}],"wp:term":[{"taxonomy":"product_brand","embeddable":true,"href":"https:\/\/www.intiworld.com\/index.php?rest_route=%2Fwp%2Fv2%2Fproduct_brand&post=12280"},{"taxonomy":"product_cat","embeddable":true,"href":"https:\/\/www.intiworld.com\/index.php?rest_route=%2Fwp%2Fv2%2Fproduct_cat&post=12280"},{"taxonomy":"product_tag","embeddable":true,"href":"https:\/\/www.intiworld.com\/index.php?rest_route=%2Fwp%2Fv2%2Fproduct_tag&post=12280"}],"curies":[{"name":"wp","href":"https:\/\/api.w.org\/{rel}","templated":true}]}}