{"id":12277,"date":"2025-01-21T19:52:40","date_gmt":"2025-01-21T19:52:40","guid":{"rendered":"https:\/\/www.intiworld.com\/?post_type=product&#038;p=12277"},"modified":"2025-01-21T22:21:56","modified_gmt":"2025-01-21T22:21:56","slug":"cadena-de-metal-con-cuentas-de-cuarzo-cherry","status":"publish","type":"product","link":"https:\/\/www.intiworld.com\/?product=cadena-de-metal-con-cuentas-de-cuarzo-cherry","title":{"rendered":"Cadena de metal con cuentas amorfas de cuarzo cherry"},"content":{"rendered":"","protected":false},"excerpt":{"rendered":"<p><strong>Mineral:<\/strong>\u00a0Cuarzo Cherry.<br \/>\n<strong>Composici\u00f3n:\u00a0<\/strong>SiO\u00b2.<strong><br \/>\nGrupo:\u00a0<\/strong>Silicatos.<strong><br \/>\nDureza:<\/strong>\u00a07 Escala Mhos.<strong><br \/>\nPropiedades Espirituales<\/strong>: El cuarzo cereza promueve una sensaci\u00f3n de amor y alegr\u00eda. Tambi\u00e9n anima al usuario a ser m\u00e1s humor\u00edstico y desenfadado. Este \u00faltimo encuentra una armon\u00eda interior m\u00e1s amplificada. Su compasi\u00f3n, autoayuda, empat\u00eda y cualidad altruista tambi\u00e9n se ven afectadas positivamente. Se vuelve m\u00e1s tolerante y menos susceptible a la depresi\u00f3n.<\/p>\n<p><strong>Articulo<\/strong>: Cadena con piedra natural.<br \/>\n<strong>Color<\/strong>: Dorado.<br \/>\n<strong>Material<\/strong>: Aleaci\u00f3n.<br \/>\n<strong>Formato de venta<\/strong>: Por Metro.<br \/>\n<strong>Forma de entrega<\/strong>: Recoge en tienda o Envio por paqueter\u00eda.<\/p>\n<p>Cualquier duda con este material favor de mandar whats app o mandar correo electr\u00f3nico.<\/p>\n","protected":false},"featured_media":12235,"comment_status":"open","ping_status":"closed","template":"","meta":[],"product_brand":[],"product_cat":[423],"product_tag":[],"class_list":{"0":"post-12277","1":"product","2":"type-product","3":"status-publish","4":"has-post-thumbnail","6":"product_cat-cadena-de-metal-con-piedras-naturales","8":"first","9":"instock","10":"taxable","11":"shipping-taxable","12":"product-type-simple"},"_links":{"self":[{"href":"https:\/\/www.intiworld.com\/index.php?rest_route=\/wp\/v2\/product\/12277","targetHints":{"allow":["GET"]}}],"collection":[{"href":"https:\/\/www.intiworld.com\/index.php?rest_route=\/wp\/v2\/product"}],"about":[{"href":"https:\/\/www.intiworld.com\/index.php?rest_route=\/wp\/v2\/types\/product"}],"replies":[{"embeddable":true,"href":"https:\/\/www.intiworld.com\/index.php?rest_route=%2Fwp%2Fv2%2Fcomments&post=12277"}],"version-history":[{"count":3,"href":"https:\/\/www.intiworld.com\/index.php?rest_route=\/wp\/v2\/product\/12277\/revisions"}],"predecessor-version":[{"id":12353,"href":"https:\/\/www.intiworld.com\/index.php?rest_route=\/wp\/v2\/product\/12277\/revisions\/12353"}],"wp:featuredmedia":[{"embeddable":true,"href":"https:\/\/www.intiworld.com\/index.php?rest_route=\/wp\/v2\/media\/12235"}],"wp:attachment":[{"href":"https:\/\/www.intiworld.com\/index.php?rest_route=%2Fwp%2Fv2%2Fmedia&parent=12277"}],"wp:term":[{"taxonomy":"product_brand","embeddable":true,"href":"https:\/\/www.intiworld.com\/index.php?rest_route=%2Fwp%2Fv2%2Fproduct_brand&post=12277"},{"taxonomy":"product_cat","embeddable":true,"href":"https:\/\/www.intiworld.com\/index.php?rest_route=%2Fwp%2Fv2%2Fproduct_cat&post=12277"},{"taxonomy":"product_tag","embeddable":true,"href":"https:\/\/www.intiworld.com\/index.php?rest_route=%2Fwp%2Fv2%2Fproduct_tag&post=12277"}],"curies":[{"name":"wp","href":"https:\/\/api.w.org\/{rel}","templated":true}]}}