{"id":12265,"date":"2025-01-21T19:36:52","date_gmt":"2025-01-21T19:36:52","guid":{"rendered":"https:\/\/www.intiworld.com\/?post_type=product&#038;p=12265"},"modified":"2025-01-21T20:18:09","modified_gmt":"2025-01-21T20:18:09","slug":"cadena-de-metal-con-piedra-prehnita","status":"publish","type":"product","link":"https:\/\/www.intiworld.com\/?product=cadena-de-metal-con-piedra-prehnita","title":{"rendered":"Cadena de metal con cuentas amorfas de piedra prehnita"},"content":{"rendered":"","protected":false},"excerpt":{"rendered":"<p><strong>Mineral:\u00a0<\/strong>Prehnita.<br \/>\n<strong>Composici\u00f3n:\u00a0<\/strong>Ca<sub>2<\/sub>Al<sub>2<\/sub>Si<sub>3<\/sub>O<sub>10<\/sub>(OH)<sub>2.<\/sub><sub><br \/>\n<\/sub><strong>Grupo:<\/strong>\u00a0Silicatos \u2013 filosilicatos<br \/>\n<strong>Dureza:<\/strong>\u00a06 \u2013 6.5 Escala Mhos.<strong><br \/>\nPropiedades Espirituales<\/strong>: La\u00a0<strong>prehnita<\/strong>\u00a0se considera la piedra sanadora de los terapeutas. Es una piedra de amor incondicional que infunde calma y paz. Aligera el alma de las cargas energ\u00e9ticas acumuladas, favorece el crecimiento espiritual y proporciona protecci\u00f3n energ\u00e9tica.<\/p>\n<p><strong>Articulo<\/strong>: Cadena con piedra natural.<br \/>\n<strong>Color<\/strong>: Dorado.<br \/>\n<strong>Material<\/strong>: Aleaci\u00f3n.<br \/>\n<strong>Formato de venta<\/strong>: Por Metro.<br \/>\n<strong>Forma de entrega<\/strong>: Recoge en tienda o Envio por paqueter\u00eda.<\/p>\n<p>Cualquier duda con este material favor de mandar whats app o mandar correo electr\u00f3nico.<\/p>\n","protected":false},"featured_media":12253,"comment_status":"open","ping_status":"closed","template":"","meta":[],"product_brand":[],"product_cat":[423],"product_tag":[],"class_list":{"0":"post-12265","1":"product","2":"type-product","3":"status-publish","4":"has-post-thumbnail","6":"product_cat-cadena-de-metal-con-piedras-naturales","8":"first","9":"instock","10":"taxable","11":"shipping-taxable","12":"product-type-simple"},"_links":{"self":[{"href":"https:\/\/www.intiworld.com\/index.php?rest_route=\/wp\/v2\/product\/12265","targetHints":{"allow":["GET"]}}],"collection":[{"href":"https:\/\/www.intiworld.com\/index.php?rest_route=\/wp\/v2\/product"}],"about":[{"href":"https:\/\/www.intiworld.com\/index.php?rest_route=\/wp\/v2\/types\/product"}],"replies":[{"embeddable":true,"href":"https:\/\/www.intiworld.com\/index.php?rest_route=%2Fwp%2Fv2%2Fcomments&post=12265"}],"version-history":[{"count":2,"href":"https:\/\/www.intiworld.com\/index.php?rest_route=\/wp\/v2\/product\/12265\/revisions"}],"predecessor-version":[{"id":12293,"href":"https:\/\/www.intiworld.com\/index.php?rest_route=\/wp\/v2\/product\/12265\/revisions\/12293"}],"wp:featuredmedia":[{"embeddable":true,"href":"https:\/\/www.intiworld.com\/index.php?rest_route=\/wp\/v2\/media\/12253"}],"wp:attachment":[{"href":"https:\/\/www.intiworld.com\/index.php?rest_route=%2Fwp%2Fv2%2Fmedia&parent=12265"}],"wp:term":[{"taxonomy":"product_brand","embeddable":true,"href":"https:\/\/www.intiworld.com\/index.php?rest_route=%2Fwp%2Fv2%2Fproduct_brand&post=12265"},{"taxonomy":"product_cat","embeddable":true,"href":"https:\/\/www.intiworld.com\/index.php?rest_route=%2Fwp%2Fv2%2Fproduct_cat&post=12265"},{"taxonomy":"product_tag","embeddable":true,"href":"https:\/\/www.intiworld.com\/index.php?rest_route=%2Fwp%2Fv2%2Fproduct_tag&post=12265"}],"curies":[{"name":"wp","href":"https:\/\/api.w.org\/{rel}","templated":true}]}}