{"id":12172,"date":"2025-01-15T19:30:34","date_gmt":"2025-01-15T19:30:34","guid":{"rendered":"https:\/\/www.intiworld.com\/?post_type=product&#038;p=12172"},"modified":"2025-01-15T19:31:10","modified_gmt":"2025-01-15T19:31:10","slug":"dije-de-piedra-turquesa-encapsulado-en-forma-de-gota","status":"publish","type":"product","link":"https:\/\/www.intiworld.com\/?product=dije-de-piedra-turquesa-encapsulado-en-forma-de-gota","title":{"rendered":"Dije de piedra turquesa encapsulado en forma de gota"},"content":{"rendered":"","protected":false},"excerpt":{"rendered":"<p><strong>Mineral:<\/strong>\u00a0Turquesa.<br \/>\n<strong>Composici\u00f3n:<\/strong>CuAl<sub>6<\/sub>(PO<sub>4<\/sub>)<sub>4<\/sub>(OH)<sub>8<\/sub>\u00a0\u00b7\u00a0<sub>4<\/sub>H<sub>2<\/sub>O.<strong><br \/>\nGrupo:\u00a0<\/strong>Fosfatos.<strong><br \/>\nDureza:<\/strong>\u00a05 \u2013 6\u00a0Escala Mhos.<strong><br \/>\nPropiedades Espirituales<\/strong>: La\u00a0<strong>turquesa<\/strong>\u00a0se considera una piedra sanadora y protectora. Ya desde la antig\u00fcedad se usaba para la elaboraci\u00f3n de amuletos. Favorece el descanso y la vitalidad. A nivel f\u00edsico se dice que estimula la regeneraci\u00f3n de los tejidos del organismo.<\/p>\n<p><strong>Tipo<\/strong>: Dije Encapsulado.<br \/>\n<strong>Tama\u00f1o<\/strong>: 2.5 cm de ancho x 4 cm de largo.<br \/>\n<strong>Forma de venta<\/strong>: Por Pieza.<br \/>\n<strong>Forma de entrega<\/strong>: En tienda o Envio por paqueter\u00eda.<\/p>\n<p><strong>Nota<\/strong>: Para cualquier duda sobre este material favor de mandar mensaje de whats app o por correo electr\u00f3nico.<\/p>\n","protected":false},"featured_media":12069,"comment_status":"open","ping_status":"closed","template":"","meta":[],"product_brand":[],"product_cat":[421],"product_tag":[306,256],"class_list":{"0":"post-12172","1":"product","2":"type-product","3":"status-publish","4":"has-post-thumbnail","6":"product_cat-dijes-de-piedra-natural-encapsulados-en-forma-de-gota","7":"product_tag-dije","8":"product_tag-piedra-natural","10":"first","11":"instock","12":"taxable","13":"shipping-taxable","14":"product-type-simple"},"_links":{"self":[{"href":"https:\/\/www.intiworld.com\/index.php?rest_route=\/wp\/v2\/product\/12172","targetHints":{"allow":["GET"]}}],"collection":[{"href":"https:\/\/www.intiworld.com\/index.php?rest_route=\/wp\/v2\/product"}],"about":[{"href":"https:\/\/www.intiworld.com\/index.php?rest_route=\/wp\/v2\/types\/product"}],"replies":[{"embeddable":true,"href":"https:\/\/www.intiworld.com\/index.php?rest_route=%2Fwp%2Fv2%2Fcomments&post=12172"}],"version-history":[{"count":1,"href":"https:\/\/www.intiworld.com\/index.php?rest_route=\/wp\/v2\/product\/12172\/revisions"}],"predecessor-version":[{"id":12173,"href":"https:\/\/www.intiworld.com\/index.php?rest_route=\/wp\/v2\/product\/12172\/revisions\/12173"}],"wp:featuredmedia":[{"embeddable":true,"href":"https:\/\/www.intiworld.com\/index.php?rest_route=\/wp\/v2\/media\/12069"}],"wp:attachment":[{"href":"https:\/\/www.intiworld.com\/index.php?rest_route=%2Fwp%2Fv2%2Fmedia&parent=12172"}],"wp:term":[{"taxonomy":"product_brand","embeddable":true,"href":"https:\/\/www.intiworld.com\/index.php?rest_route=%2Fwp%2Fv2%2Fproduct_brand&post=12172"},{"taxonomy":"product_cat","embeddable":true,"href":"https:\/\/www.intiworld.com\/index.php?rest_route=%2Fwp%2Fv2%2Fproduct_cat&post=12172"},{"taxonomy":"product_tag","embeddable":true,"href":"https:\/\/www.intiworld.com\/index.php?rest_route=%2Fwp%2Fv2%2Fproduct_tag&post=12172"}],"curies":[{"name":"wp","href":"https:\/\/api.w.org\/{rel}","templated":true}]}}