{"id":11849,"date":"2025-01-09T20:35:07","date_gmt":"2025-01-09T20:35:07","guid":{"rendered":"https:\/\/www.intiworld.com\/?post_type=product&#038;p=11849"},"modified":"2025-01-09T20:37:46","modified_gmt":"2025-01-09T20:37:46","slug":"silbato-de-concha-natural-modelo-2","status":"publish","type":"product","link":"https:\/\/www.intiworld.com\/?product=silbato-de-concha-natural-modelo-2","title":{"rendered":"Silbato de concha natural | Modelo 2"},"content":{"rendered":"","protected":false},"excerpt":{"rendered":"<p><span class=\"a-list-item\">Cada silbato de caracola est\u00e1 equipado con cuerda, que es f\u00e1cil de colgar alrededor del cuello del ni\u00f1o. Los ni\u00f1os menores de tres a\u00f1os no se recomiendan usarlo. <\/span><span class=\"a-list-item\">Los encantadores ni\u00f1os con formas profundas pueden hacer sonidos hermosos y hermosos. Tambi\u00e9n pueden o\u00edr el sonido de la brisa del mar cubriendo sus o\u00eddos.<\/span><\/p>\n<p><strong>Tipo<\/strong>: Silbato caracol.<br \/>\n<strong>Tama\u00f1o<\/strong>: 8.5-9.5cm de largo x 5-6cm de ancho aproximadamente.<br \/>\n<strong>Forma de venta<\/strong>: Pieza.<br \/>\n<strong>Forma de entrega<\/strong>: En tienda o Envio por paqueter\u00eda.<\/p>\n<p><strong>Nota<\/strong>: Cualquier duda sobre este articulo favor de mandar mensaje de whats app o mandar correo electr\u00f3nico.<\/p>\n","protected":false},"featured_media":11843,"comment_status":"open","ping_status":"closed","template":"","meta":[],"product_brand":[],"product_cat":[404],"product_tag":[],"class_list":{"0":"post-11849","1":"product","2":"type-product","3":"status-publish","4":"has-post-thumbnail","6":"product_cat-silbato-de-concha-natural","8":"first","9":"instock","10":"taxable","11":"shipping-taxable","12":"product-type-simple"},"_links":{"self":[{"href":"https:\/\/www.intiworld.com\/index.php?rest_route=\/wp\/v2\/product\/11849","targetHints":{"allow":["GET"]}}],"collection":[{"href":"https:\/\/www.intiworld.com\/index.php?rest_route=\/wp\/v2\/product"}],"about":[{"href":"https:\/\/www.intiworld.com\/index.php?rest_route=\/wp\/v2\/types\/product"}],"replies":[{"embeddable":true,"href":"https:\/\/www.intiworld.com\/index.php?rest_route=%2Fwp%2Fv2%2Fcomments&post=11849"}],"version-history":[{"count":1,"href":"https:\/\/www.intiworld.com\/index.php?rest_route=\/wp\/v2\/product\/11849\/revisions"}],"predecessor-version":[{"id":11850,"href":"https:\/\/www.intiworld.com\/index.php?rest_route=\/wp\/v2\/product\/11849\/revisions\/11850"}],"wp:featuredmedia":[{"embeddable":true,"href":"https:\/\/www.intiworld.com\/index.php?rest_route=\/wp\/v2\/media\/11843"}],"wp:attachment":[{"href":"https:\/\/www.intiworld.com\/index.php?rest_route=%2Fwp%2Fv2%2Fmedia&parent=11849"}],"wp:term":[{"taxonomy":"product_brand","embeddable":true,"href":"https:\/\/www.intiworld.com\/index.php?rest_route=%2Fwp%2Fv2%2Fproduct_brand&post=11849"},{"taxonomy":"product_cat","embeddable":true,"href":"https:\/\/www.intiworld.com\/index.php?rest_route=%2Fwp%2Fv2%2Fproduct_cat&post=11849"},{"taxonomy":"product_tag","embeddable":true,"href":"https:\/\/www.intiworld.com\/index.php?rest_route=%2Fwp%2Fv2%2Fproduct_tag&post=11849"}],"curies":[{"name":"wp","href":"https:\/\/api.w.org\/{rel}","templated":true}]}}