{"id":11830,"date":"2025-01-09T19:42:06","date_gmt":"2025-01-09T19:42:06","guid":{"rendered":"https:\/\/www.intiworld.com\/?post_type=product&#038;p=11830"},"modified":"2025-01-09T20:04:39","modified_gmt":"2025-01-09T20:04:39","slug":"concha-de-madre-perla","status":"publish","type":"product","link":"https:\/\/www.intiworld.com\/?product=concha-de-madre-perla","title":{"rendered":"Concha de madre perla"},"content":{"rendered":"","protected":false},"excerpt":{"rendered":"<p>Concha de madre perla, para poder exhibir o guardar tus joyas.<\/p>\n<p><strong>Propiedades<\/strong>: Es apreciada por su simbolismo y propiedades energ\u00e9ticas. Se la considera una piedra de protecci\u00f3n y suavidad, que ayuda a equilibrar las emociones y fomenta la paz interior. Adem\u00e1s, se dice que promueve la intuici\u00f3n y la claridad mental, estimulando la creatividad y la inspiraci\u00f3n.<\/p>\n<p><strong>Tipo<\/strong>: Concha de madre perla.<br \/>\n<strong>Tama\u00f1o<\/strong>: 15-18cm ancho x 8-12cm aproximadamente.<br \/>\n<strong>Forma de venta<\/strong>: Por pieza.<br \/>\n<strong>Forma de entrega<\/strong>: En tienda o Envio por paqueter\u00eda.<\/p>\n<p><strong>Nota<\/strong>: Cualquier duda sobre este articulo favor de mandar mensaje de whats app o mandar correo electr\u00f3nico.<\/p>\n","protected":false},"featured_media":11829,"comment_status":"open","ping_status":"closed","template":"","meta":[],"product_brand":[],"product_cat":[403],"product_tag":[],"class_list":{"0":"post-11830","1":"product","2":"type-product","3":"status-publish","4":"has-post-thumbnail","6":"product_cat-concha-de-perla-madre","8":"first","9":"instock","10":"taxable","11":"shipping-taxable","12":"product-type-simple"},"_links":{"self":[{"href":"https:\/\/www.intiworld.com\/index.php?rest_route=\/wp\/v2\/product\/11830","targetHints":{"allow":["GET"]}}],"collection":[{"href":"https:\/\/www.intiworld.com\/index.php?rest_route=\/wp\/v2\/product"}],"about":[{"href":"https:\/\/www.intiworld.com\/index.php?rest_route=\/wp\/v2\/types\/product"}],"replies":[{"embeddable":true,"href":"https:\/\/www.intiworld.com\/index.php?rest_route=%2Fwp%2Fv2%2Fcomments&post=11830"}],"version-history":[{"count":1,"href":"https:\/\/www.intiworld.com\/index.php?rest_route=\/wp\/v2\/product\/11830\/revisions"}],"predecessor-version":[{"id":11831,"href":"https:\/\/www.intiworld.com\/index.php?rest_route=\/wp\/v2\/product\/11830\/revisions\/11831"}],"wp:featuredmedia":[{"embeddable":true,"href":"https:\/\/www.intiworld.com\/index.php?rest_route=\/wp\/v2\/media\/11829"}],"wp:attachment":[{"href":"https:\/\/www.intiworld.com\/index.php?rest_route=%2Fwp%2Fv2%2Fmedia&parent=11830"}],"wp:term":[{"taxonomy":"product_brand","embeddable":true,"href":"https:\/\/www.intiworld.com\/index.php?rest_route=%2Fwp%2Fv2%2Fproduct_brand&post=11830"},{"taxonomy":"product_cat","embeddable":true,"href":"https:\/\/www.intiworld.com\/index.php?rest_route=%2Fwp%2Fv2%2Fproduct_cat&post=11830"},{"taxonomy":"product_tag","embeddable":true,"href":"https:\/\/www.intiworld.com\/index.php?rest_route=%2Fwp%2Fv2%2Fproduct_tag&post=11830"}],"curies":[{"name":"wp","href":"https:\/\/api.w.org\/{rel}","templated":true}]}}