{"id":11761,"date":"2025-01-08T22:52:20","date_gmt":"2025-01-08T22:52:20","guid":{"rendered":"https:\/\/www.intiworld.com\/?post_type=product&#038;p=11761"},"modified":"2025-01-09T19:58:08","modified_gmt":"2025-01-09T19:58:08","slug":"conchitas-de-caracol-para-bisuteria-con-perforacion-para-colgar","status":"publish","type":"product","link":"https:\/\/www.intiworld.com\/?product=conchitas-de-caracol-para-bisuteria-con-perforacion-para-colgar","title":{"rendered":"Conchitas de caracol para bisuter\u00eda con perforaci\u00f3n para colgar"},"content":{"rendered":"","protected":false},"excerpt":{"rendered":"<p>Conchitas de cauri o conchitas de carasol para elaboraci\u00f3n de joyer\u00eda o bisuter\u00eda.<\/p>\n<p><strong>Propiedades<\/strong>: Las conchas de cauri a menudo tambi\u00e9n se las ha considerado como s\u00edmbolos de la fertilidad\u00a0femenina, por lo que a veces se los trataba como verdaderos\u00a0amuletos\u00a0de fertilidad. Esta asociaci\u00f3n en parte es debido a que el dorso de la concha se asemeja a un vientre embarazado, y la parte inferior a una\u00a0vulva.<\/p>\n<p><strong>Tipo<\/strong>: Conchas de caracol.<br \/>\n<strong>Tama\u00f1o de Cuenta<\/strong>: 1.5cm a 2cm aproximadamente.<br \/>\n<strong>Forma de venta<\/strong>: Kilo o Paquete de 20 Gramos.<br \/>\n<strong>Forma de entrega<\/strong>: En tienda o Envio por paqueter\u00eda.<\/p>\n<p><strong>Nota<\/strong>: Cualquier duda sobre este articulo favor de mandar mensaje de whats app o mandar correo electr\u00f3nico.<\/p>\n","protected":false},"featured_media":11756,"comment_status":"open","ping_status":"closed","template":"","meta":[],"product_brand":[],"product_cat":[401],"product_tag":[],"class_list":{"0":"post-11761","1":"product","2":"type-product","3":"status-publish","4":"has-post-thumbnail","6":"product_cat-conchas-de-caracol-natural-pequenas-para-bisuteria","8":"first","9":"instock","10":"taxable","11":"shipping-taxable","12":"product-type-simple"},"_links":{"self":[{"href":"https:\/\/www.intiworld.com\/index.php?rest_route=\/wp\/v2\/product\/11761","targetHints":{"allow":["GET"]}}],"collection":[{"href":"https:\/\/www.intiworld.com\/index.php?rest_route=\/wp\/v2\/product"}],"about":[{"href":"https:\/\/www.intiworld.com\/index.php?rest_route=\/wp\/v2\/types\/product"}],"replies":[{"embeddable":true,"href":"https:\/\/www.intiworld.com\/index.php?rest_route=%2Fwp%2Fv2%2Fcomments&post=11761"}],"version-history":[{"count":3,"href":"https:\/\/www.intiworld.com\/index.php?rest_route=\/wp\/v2\/product\/11761\/revisions"}],"predecessor-version":[{"id":11835,"href":"https:\/\/www.intiworld.com\/index.php?rest_route=\/wp\/v2\/product\/11761\/revisions\/11835"}],"wp:featuredmedia":[{"embeddable":true,"href":"https:\/\/www.intiworld.com\/index.php?rest_route=\/wp\/v2\/media\/11756"}],"wp:attachment":[{"href":"https:\/\/www.intiworld.com\/index.php?rest_route=%2Fwp%2Fv2%2Fmedia&parent=11761"}],"wp:term":[{"taxonomy":"product_brand","embeddable":true,"href":"https:\/\/www.intiworld.com\/index.php?rest_route=%2Fwp%2Fv2%2Fproduct_brand&post=11761"},{"taxonomy":"product_cat","embeddable":true,"href":"https:\/\/www.intiworld.com\/index.php?rest_route=%2Fwp%2Fv2%2Fproduct_cat&post=11761"},{"taxonomy":"product_tag","embeddable":true,"href":"https:\/\/www.intiworld.com\/index.php?rest_route=%2Fwp%2Fv2%2Fproduct_tag&post=11761"}],"curies":[{"name":"wp","href":"https:\/\/api.w.org\/{rel}","templated":true}]}}