{"id":11721,"date":"2025-01-08T18:38:31","date_gmt":"2025-01-08T18:38:31","guid":{"rendered":"https:\/\/www.intiworld.com\/?post_type=product&#038;p=11721"},"modified":"2025-01-08T18:39:50","modified_gmt":"2025-01-08T18:39:50","slug":"tira-de-madre-perla-en-forma-de-esfera-7mm","status":"publish","type":"product","link":"https:\/\/www.intiworld.com\/?product=tira-de-madre-perla-en-forma-de-esfera-7mm","title":{"rendered":"Tira de madre perla en forma de esfera | 7mm"},"content":{"rendered":"","protected":false},"excerpt":{"rendered":"<p>Tira de concha n\u00e1car o madre perla para elaboraci\u00f3n de joyer\u00eda o bisuter\u00eda.<\/p>\n<p><strong>Propiedades<\/strong>: Se dice que el n\u00e1car aporta sabidur\u00eda y perspicacia a quien lo lleva. Tiene un efecto muy suave y calmante sobre el cuerpo f\u00edsico. Mucha gente tambi\u00e9n la usa como collar o como pendientes, para llevarla encima durante el d\u00eda. Esto se hace con la esperanza de que la perla forme un mecanismo de defensa contra los irritantes extra\u00f1os y la energ\u00eda negativa.<\/p>\n<p><strong>Tipo<\/strong>: Esfera.<br \/>\n<strong>Tama\u00f1o de Cuenta<\/strong>: 8mm.<br \/>\n<strong>Forma de venta<\/strong>: Por Hilo o Tira.<br \/>\n<strong>Tama\u00f1o del Hilo<\/strong>: 37 cm a 40 cm de largo Aproximadamente.<br \/>\n<strong>Forma de entrega<\/strong>: En tienda o Envio por paqueter\u00eda.<\/p>\n<p><strong>Nota<\/strong>: Cualquier duda sobre este articulo favor de mandar mensaje de whats app o mandar correo electr\u00f3nico.<\/p>\n","protected":false},"featured_media":11716,"comment_status":"open","ping_status":"closed","template":"","meta":[],"product_brand":[],"product_cat":[398],"product_tag":[],"class_list":{"0":"post-11721","1":"product","2":"type-product","3":"status-publish","4":"has-post-thumbnail","6":"product_cat-tiras-de-perla-madre-en-forma-de-esfera","8":"first","9":"instock","10":"taxable","11":"shipping-taxable","12":"product-type-simple"},"_links":{"self":[{"href":"https:\/\/www.intiworld.com\/index.php?rest_route=\/wp\/v2\/product\/11721","targetHints":{"allow":["GET"]}}],"collection":[{"href":"https:\/\/www.intiworld.com\/index.php?rest_route=\/wp\/v2\/product"}],"about":[{"href":"https:\/\/www.intiworld.com\/index.php?rest_route=\/wp\/v2\/types\/product"}],"replies":[{"embeddable":true,"href":"https:\/\/www.intiworld.com\/index.php?rest_route=%2Fwp%2Fv2%2Fcomments&post=11721"}],"version-history":[{"count":1,"href":"https:\/\/www.intiworld.com\/index.php?rest_route=\/wp\/v2\/product\/11721\/revisions"}],"predecessor-version":[{"id":11722,"href":"https:\/\/www.intiworld.com\/index.php?rest_route=\/wp\/v2\/product\/11721\/revisions\/11722"}],"wp:featuredmedia":[{"embeddable":true,"href":"https:\/\/www.intiworld.com\/index.php?rest_route=\/wp\/v2\/media\/11716"}],"wp:attachment":[{"href":"https:\/\/www.intiworld.com\/index.php?rest_route=%2Fwp%2Fv2%2Fmedia&parent=11721"}],"wp:term":[{"taxonomy":"product_brand","embeddable":true,"href":"https:\/\/www.intiworld.com\/index.php?rest_route=%2Fwp%2Fv2%2Fproduct_brand&post=11721"},{"taxonomy":"product_cat","embeddable":true,"href":"https:\/\/www.intiworld.com\/index.php?rest_route=%2Fwp%2Fv2%2Fproduct_cat&post=11721"},{"taxonomy":"product_tag","embeddable":true,"href":"https:\/\/www.intiworld.com\/index.php?rest_route=%2Fwp%2Fv2%2Fproduct_tag&post=11721"}],"curies":[{"name":"wp","href":"https:\/\/api.w.org\/{rel}","templated":true}]}}