{"id":115,"date":"2022-10-13T22:26:21","date_gmt":"2022-10-13T22:26:21","guid":{"rendered":"https:\/\/intiworld.com\/?post_type=product&#038;p=115"},"modified":"2024-06-13T22:37:07","modified_gmt":"2024-06-13T22:37:07","slug":"calcita-naranja","status":"publish","type":"product","link":"https:\/\/www.intiworld.com\/?product=calcita-naranja","title":{"rendered":"Calcita Naranja"},"content":{"rendered":"","protected":false},"excerpt":{"rendered":"<p>La calcita naranja es un mineral muy com\u00fan. Se forma a partir de carbonato de calcio. Esta se forma gracias a los procesos biol\u00f3gicos y sedimentarios de los corales, moluscos y placas. Esto quiere decir que estos se disolvieron hace millones de a\u00f1os para convertirse en calcita. Pertenece al grupo de los Carbonatos, cuenta con una dureza de 3 en la escala de Mohs, as\u00ed que puede rayarse f\u00e1cilmente con una moneda de cobre.<\/p>\n<p>Por el lado esot\u00e9rico, la calcita naranja limpia energ\u00edas. Aumenta la perspectiva y la intuici\u00f3n. Refuerza el autoestima y la confianza en uno mismo. Tambi\u00e9n se cree que ayuda a la curaci\u00f3n de problemas en huesos y articulaciones e incluso de la piel. Es \u00fatil tambi\u00e9n en problemas intestinales, reproductivos y de la vejiga.<\/p>\n<p>M\u00e1s de esta categor\u00eda: <span style=\"font-weight: 300;\">Obsidiana Arco Iris, Obsidiana Manto Huichol, Calcita Azul, Calcita \u00d3ptica, Amatista, \u00c1gata, geodas de Zacatecas, Mini geodas, Jaspe Picasso, Jaspe madera, Rosa del Desierto, selenita, \u00c1gata de fuego, \u00f3palo, Jaspe Imperial, etc.<\/span><\/p>\n","protected":false},"featured_media":1509,"comment_status":"open","ping_status":"closed","template":"","meta":[],"product_brand":[],"product_cat":[178],"product_tag":[],"class_list":{"0":"post-115","1":"product","2":"type-product","3":"status-publish","4":"has-post-thumbnail","6":"product_cat-piedras-mexicanas-que-exportamos","8":"first","9":"instock","10":"featured","11":"virtual","12":"taxable","13":"product-type-simple"},"_links":{"self":[{"href":"https:\/\/www.intiworld.com\/index.php?rest_route=\/wp\/v2\/product\/115","targetHints":{"allow":["GET"]}}],"collection":[{"href":"https:\/\/www.intiworld.com\/index.php?rest_route=\/wp\/v2\/product"}],"about":[{"href":"https:\/\/www.intiworld.com\/index.php?rest_route=\/wp\/v2\/types\/product"}],"replies":[{"embeddable":true,"href":"https:\/\/www.intiworld.com\/index.php?rest_route=%2Fwp%2Fv2%2Fcomments&post=115"}],"version-history":[{"count":1,"href":"https:\/\/www.intiworld.com\/index.php?rest_route=\/wp\/v2\/product\/115\/revisions"}],"predecessor-version":[{"id":4280,"href":"https:\/\/www.intiworld.com\/index.php?rest_route=\/wp\/v2\/product\/115\/revisions\/4280"}],"wp:featuredmedia":[{"embeddable":true,"href":"https:\/\/www.intiworld.com\/index.php?rest_route=\/wp\/v2\/media\/1509"}],"wp:attachment":[{"href":"https:\/\/www.intiworld.com\/index.php?rest_route=%2Fwp%2Fv2%2Fmedia&parent=115"}],"wp:term":[{"taxonomy":"product_brand","embeddable":true,"href":"https:\/\/www.intiworld.com\/index.php?rest_route=%2Fwp%2Fv2%2Fproduct_brand&post=115"},{"taxonomy":"product_cat","embeddable":true,"href":"https:\/\/www.intiworld.com\/index.php?rest_route=%2Fwp%2Fv2%2Fproduct_cat&post=115"},{"taxonomy":"product_tag","embeddable":true,"href":"https:\/\/www.intiworld.com\/index.php?rest_route=%2Fwp%2Fv2%2Fproduct_tag&post=115"}],"curies":[{"name":"wp","href":"https:\/\/api.w.org\/{rel}","templated":true}]}}