{"id":10985,"date":"2024-12-27T23:52:39","date_gmt":"2024-12-27T23:52:39","guid":{"rendered":"https:\/\/www.intiworld.com\/?post_type=product&#038;p=10985"},"modified":"2024-12-27T23:53:49","modified_gmt":"2024-12-27T23:53:49","slug":"incensario-de-ceramica-en-forma-de-flor-3","status":"publish","type":"product","link":"https:\/\/www.intiworld.com\/?product=incensario-de-ceramica-en-forma-de-flor-3","title":{"rendered":"Incensario de cer\u00e1mica en forma de flor"},"content":{"rendered":"","protected":false},"excerpt":{"rendered":"<p>Incensario de cer\u00e1mica pintado, una pieza elegante que en armon\u00eda con el incienso le da toque diferente y aumenta la energ\u00eda de cualquier lugar.<\/p>\n<p><strong>Tama\u00f1o<\/strong>: 10.5 cm de di\u00e1metro.<br \/>\n<strong>Material<\/strong>: Cer\u00e1mica.<br \/>\n<strong>Color<\/strong>: Caf\u00e9.<br \/>\n<strong>Formato de venta<\/strong>: Por Pieza.<br \/>\n<strong>Forma de entrega<\/strong>: Recoge en tienda o Envio por paqueter\u00eda.<\/p>\n<p>Cualquier duda con este material favor de mandar whats app o mandar correo electr\u00f3nico.<\/p>\n","protected":false},"featured_media":10965,"comment_status":"open","ping_status":"closed","template":"","meta":[],"product_brand":[],"product_cat":[377],"product_tag":[],"class_list":{"0":"post-10985","1":"product","2":"type-product","3":"status-publish","4":"has-post-thumbnail","6":"product_cat-incensarios-de-ceramica-en-diferentes-formas","8":"first","9":"instock","10":"taxable","11":"shipping-taxable","12":"product-type-simple"},"_links":{"self":[{"href":"https:\/\/www.intiworld.com\/index.php?rest_route=\/wp\/v2\/product\/10985","targetHints":{"allow":["GET"]}}],"collection":[{"href":"https:\/\/www.intiworld.com\/index.php?rest_route=\/wp\/v2\/product"}],"about":[{"href":"https:\/\/www.intiworld.com\/index.php?rest_route=\/wp\/v2\/types\/product"}],"replies":[{"embeddable":true,"href":"https:\/\/www.intiworld.com\/index.php?rest_route=%2Fwp%2Fv2%2Fcomments&post=10985"}],"version-history":[{"count":1,"href":"https:\/\/www.intiworld.com\/index.php?rest_route=\/wp\/v2\/product\/10985\/revisions"}],"predecessor-version":[{"id":10986,"href":"https:\/\/www.intiworld.com\/index.php?rest_route=\/wp\/v2\/product\/10985\/revisions\/10986"}],"wp:featuredmedia":[{"embeddable":true,"href":"https:\/\/www.intiworld.com\/index.php?rest_route=\/wp\/v2\/media\/10965"}],"wp:attachment":[{"href":"https:\/\/www.intiworld.com\/index.php?rest_route=%2Fwp%2Fv2%2Fmedia&parent=10985"}],"wp:term":[{"taxonomy":"product_brand","embeddable":true,"href":"https:\/\/www.intiworld.com\/index.php?rest_route=%2Fwp%2Fv2%2Fproduct_brand&post=10985"},{"taxonomy":"product_cat","embeddable":true,"href":"https:\/\/www.intiworld.com\/index.php?rest_route=%2Fwp%2Fv2%2Fproduct_cat&post=10985"},{"taxonomy":"product_tag","embeddable":true,"href":"https:\/\/www.intiworld.com\/index.php?rest_route=%2Fwp%2Fv2%2Fproduct_tag&post=10985"}],"curies":[{"name":"wp","href":"https:\/\/api.w.org\/{rel}","templated":true}]}}