{"id":10872,"date":"2024-12-26T19:19:23","date_gmt":"2024-12-26T19:19:23","guid":{"rendered":"https:\/\/www.intiworld.com\/?post_type=product&#038;p=10872"},"modified":"2024-12-26T19:29:38","modified_gmt":"2024-12-26T19:29:38","slug":"exhibidor-para-anillos-de-madera-19cm-x-15cm","status":"publish","type":"product","link":"https:\/\/www.intiworld.com\/?product=exhibidor-para-anillos-de-madera-19cm-x-15cm","title":{"rendered":"Exhibidor para anillos de madera | 19cm x 15cm"},"content":{"rendered":"","protected":false},"excerpt":{"rendered":"<p>Exhibidor para anillos de madera en color beige, excelente para exhibir tu joyer\u00eda d\u00e1ndole un toque \u00fanico y elegante.<\/p>\n<p><strong>Tama\u00f1o<\/strong>: 19 cm de ancho x 15 cm de largo.<br \/>\n<strong>Material<\/strong>: Madera.<br \/>\n<strong>Color<\/strong>: Madera Natural &#8211; Beige.<br \/>\n<strong>Formato de venta<\/strong>: Por Pieza.<br \/>\n<strong>Forma de entrega<\/strong>: Recoge en tienda o Envio por paqueter\u00eda.<\/p>\n<p>Cualquier duda con este material favor de mandar whats app o mandar correo electronico.<\/p>\n","protected":false},"featured_media":10874,"comment_status":"open","ping_status":"closed","template":"","meta":[],"product_brand":[],"product_cat":[314],"product_tag":[],"class_list":{"0":"post-10872","1":"product","2":"type-product","3":"status-publish","4":"has-post-thumbnail","6":"product_cat-exhibidor-de-anillos-de-madera","8":"first","9":"instock","10":"taxable","11":"shipping-taxable","12":"product-type-simple"},"_links":{"self":[{"href":"https:\/\/www.intiworld.com\/index.php?rest_route=\/wp\/v2\/product\/10872","targetHints":{"allow":["GET"]}}],"collection":[{"href":"https:\/\/www.intiworld.com\/index.php?rest_route=\/wp\/v2\/product"}],"about":[{"href":"https:\/\/www.intiworld.com\/index.php?rest_route=\/wp\/v2\/types\/product"}],"replies":[{"embeddable":true,"href":"https:\/\/www.intiworld.com\/index.php?rest_route=%2Fwp%2Fv2%2Fcomments&post=10872"}],"version-history":[{"count":1,"href":"https:\/\/www.intiworld.com\/index.php?rest_route=\/wp\/v2\/product\/10872\/revisions"}],"predecessor-version":[{"id":10881,"href":"https:\/\/www.intiworld.com\/index.php?rest_route=\/wp\/v2\/product\/10872\/revisions\/10881"}],"wp:featuredmedia":[{"embeddable":true,"href":"https:\/\/www.intiworld.com\/index.php?rest_route=\/wp\/v2\/media\/10874"}],"wp:attachment":[{"href":"https:\/\/www.intiworld.com\/index.php?rest_route=%2Fwp%2Fv2%2Fmedia&parent=10872"}],"wp:term":[{"taxonomy":"product_brand","embeddable":true,"href":"https:\/\/www.intiworld.com\/index.php?rest_route=%2Fwp%2Fv2%2Fproduct_brand&post=10872"},{"taxonomy":"product_cat","embeddable":true,"href":"https:\/\/www.intiworld.com\/index.php?rest_route=%2Fwp%2Fv2%2Fproduct_cat&post=10872"},{"taxonomy":"product_tag","embeddable":true,"href":"https:\/\/www.intiworld.com\/index.php?rest_route=%2Fwp%2Fv2%2Fproduct_tag&post=10872"}],"curies":[{"name":"wp","href":"https:\/\/api.w.org\/{rel}","templated":true}]}}