{"id":10862,"date":"2024-12-24T19:44:25","date_gmt":"2024-12-24T19:44:25","guid":{"rendered":"https:\/\/www.intiworld.com\/?post_type=product&#038;p=10862"},"modified":"2024-12-24T19:45:40","modified_gmt":"2024-12-24T19:45:40","slug":"mortero-de-piedra-marmol-naranja-8-5cm-x-4-5cm","status":"publish","type":"product","link":"https:\/\/www.intiworld.com\/?product=mortero-de-piedra-marmol-naranja-8-5cm-x-4-5cm","title":{"rendered":"Mortero de piedra m\u00e1rmol | Naranja | 8.5cm x 4.5cm"},"content":{"rendered":"","protected":false},"excerpt":{"rendered":"<p><strong>Mineral: <\/strong>M\u00e1rmol.<br \/>\n<strong>Composici\u00f3n: <\/strong>CaCO3<sub>.<\/sub><strong><br \/>\nGrupo:\u00a0<\/strong>Metam\u00f3rficas.\u00a0<strong><br \/>\nDureza: <\/strong>3 &#8211; 4\u00a0Escala Mhos.<strong><br \/>\nPropiedades Espirituales<\/strong>: <span data-huuid=\"5038538477817608088\">El m\u00e1rmol es una piedra natural que se relaciona con la belleza, la sabidur\u00eda, la inspiraci\u00f3n y la grandeza.\u00a0<\/span><span data-huuid=\"5038538477817608965\">En el Feng Shui, se considera que los minerales son una fuente de energ\u00eda positiva en los hogares.<\/span><\/p>\n<p><strong>Tipo<\/strong>: Mortero.<br \/>\n<strong>Medidas<\/strong>: 8.5 cm de di\u00e1metro x 4.5 cm de alto.<br \/>\n<strong>Uso<\/strong>: Es la herramienta ideal para\u00a0triturar especias de forma fina, extraer aceites, extraer aceites esenciales de hierbas y m\u00e1s tareas de pulverizaci\u00f3n fina.<br \/>\n<strong>Forma de venta<\/strong>: Por Pieza.<br \/>\n<strong>Forma de entrega<\/strong>: En tienda o Envio por paqueter\u00eda.<\/p>\n<p><strong>Nota<\/strong>: Para cualquier duda sobre este art\u00edculo favor de mandar mensaje de whats app o por correo electr\u00f3nico.<\/p>\n","protected":false},"featured_media":10860,"comment_status":"open","ping_status":"closed","template":"","meta":[],"product_brand":[],"product_cat":[368],"product_tag":[239,302],"class_list":{"0":"post-10862","1":"product","2":"type-product","3":"status-publish","4":"has-post-thumbnail","6":"product_cat-morteros-de-piedra-marmol","7":"product_tag-cuarzo","8":"product_tag-gua-sha","10":"first","11":"instock","12":"taxable","13":"shipping-taxable","14":"product-type-simple"},"_links":{"self":[{"href":"https:\/\/www.intiworld.com\/index.php?rest_route=\/wp\/v2\/product\/10862","targetHints":{"allow":["GET"]}}],"collection":[{"href":"https:\/\/www.intiworld.com\/index.php?rest_route=\/wp\/v2\/product"}],"about":[{"href":"https:\/\/www.intiworld.com\/index.php?rest_route=\/wp\/v2\/types\/product"}],"replies":[{"embeddable":true,"href":"https:\/\/www.intiworld.com\/index.php?rest_route=%2Fwp%2Fv2%2Fcomments&post=10862"}],"version-history":[{"count":1,"href":"https:\/\/www.intiworld.com\/index.php?rest_route=\/wp\/v2\/product\/10862\/revisions"}],"predecessor-version":[{"id":10863,"href":"https:\/\/www.intiworld.com\/index.php?rest_route=\/wp\/v2\/product\/10862\/revisions\/10863"}],"wp:featuredmedia":[{"embeddable":true,"href":"https:\/\/www.intiworld.com\/index.php?rest_route=\/wp\/v2\/media\/10860"}],"wp:attachment":[{"href":"https:\/\/www.intiworld.com\/index.php?rest_route=%2Fwp%2Fv2%2Fmedia&parent=10862"}],"wp:term":[{"taxonomy":"product_brand","embeddable":true,"href":"https:\/\/www.intiworld.com\/index.php?rest_route=%2Fwp%2Fv2%2Fproduct_brand&post=10862"},{"taxonomy":"product_cat","embeddable":true,"href":"https:\/\/www.intiworld.com\/index.php?rest_route=%2Fwp%2Fv2%2Fproduct_cat&post=10862"},{"taxonomy":"product_tag","embeddable":true,"href":"https:\/\/www.intiworld.com\/index.php?rest_route=%2Fwp%2Fv2%2Fproduct_tag&post=10862"}],"curies":[{"name":"wp","href":"https:\/\/api.w.org\/{rel}","templated":true}]}}