{"id":10718,"date":"2024-12-23T20:30:21","date_gmt":"2024-12-23T20:30:21","guid":{"rendered":"https:\/\/www.intiworld.com\/?post_type=product&#038;p=10718"},"modified":"2024-12-23T20:32:11","modified_gmt":"2024-12-23T20:32:11","slug":"arbolito-de-piedra-ojo-de-tigre-9cm-x-16cm","status":"publish","type":"product","link":"https:\/\/www.intiworld.com\/?product=arbolito-de-piedra-ojo-de-tigre-9cm-x-16cm","title":{"rendered":"Arbolito de piedra ojo de tigre | 9cm x 16cm"},"content":{"rendered":"","protected":false},"excerpt":{"rendered":"<p><strong>Mineral:\u00a0<\/strong>Ojo de Tigre.<br \/>\n<strong>Composici\u00f3n:\u00a0<\/strong>SiO<sub>2.<\/sub><strong><br \/>\nGrupo:\u00a0<\/strong>Silicatos \u2013 tectosilicatos.<strong><br \/>\nDureza: 7<\/strong>\u00a0Escala Mhos.<strong><br \/>\nPropiedades Espirituales<\/strong>: El\u00a0<strong>ojo de tigre<\/strong>\u00a0se considera una piedra de creatividad, fuerza y equilibrio. Se dice que representa la uni\u00f3n entre la energ\u00eda del Sol y la de la Tierra. Tradicionalmente el\u00a0<strong>ojo de tigre<\/strong>\u00a0se ha considerado una piedra protectora. Favorece el enraizamiento y la manifestaci\u00f3n de la voluntad. Ayuda a elevar la autoestima y el estado de \u00e1nimo. Tambi\u00e9n suele asociarse a la prosperidad.<\/p>\n<p><strong>Tipo<\/strong>: Arbolito de Cuarzo.<br \/>\n<strong>Material<\/strong>: Resina, Cuarzo y Alambre.<br \/>\n<strong>Tama\u00f1o<\/strong>: 19 cm de alto x 8 cm de ancho x 11 cm de largo .<br \/>\n<strong>Forma de venta<\/strong>: Por Pieza.<br \/>\n<strong>Forma de entrega<\/strong>: En tienda o Envio por paqueter\u00eda.<\/p>\n<p><strong>Nota<\/strong>: Para cualquier duda sobre este art\u00edculo favor de mandar mensaje de whats app o por correo electr\u00f3nico.<\/p>\n","protected":false},"featured_media":10695,"comment_status":"open","ping_status":"closed","template":"","meta":[],"product_brand":[],"product_cat":[365],"product_tag":[289,239,229],"class_list":{"0":"post-10718","1":"product","2":"type-product","3":"status-publish","4":"has-post-thumbnail","6":"product_cat-arbolitos-de-cuarzo-9cm-x-16cm","7":"product_tag-arbolito","8":"product_tag-cuarzo","9":"product_tag-piedra","11":"first","12":"instock","13":"taxable","14":"shipping-taxable","15":"product-type-simple"},"_links":{"self":[{"href":"https:\/\/www.intiworld.com\/index.php?rest_route=\/wp\/v2\/product\/10718","targetHints":{"allow":["GET"]}}],"collection":[{"href":"https:\/\/www.intiworld.com\/index.php?rest_route=\/wp\/v2\/product"}],"about":[{"href":"https:\/\/www.intiworld.com\/index.php?rest_route=\/wp\/v2\/types\/product"}],"replies":[{"embeddable":true,"href":"https:\/\/www.intiworld.com\/index.php?rest_route=%2Fwp%2Fv2%2Fcomments&post=10718"}],"version-history":[{"count":1,"href":"https:\/\/www.intiworld.com\/index.php?rest_route=\/wp\/v2\/product\/10718\/revisions"}],"predecessor-version":[{"id":10719,"href":"https:\/\/www.intiworld.com\/index.php?rest_route=\/wp\/v2\/product\/10718\/revisions\/10719"}],"wp:featuredmedia":[{"embeddable":true,"href":"https:\/\/www.intiworld.com\/index.php?rest_route=\/wp\/v2\/media\/10695"}],"wp:attachment":[{"href":"https:\/\/www.intiworld.com\/index.php?rest_route=%2Fwp%2Fv2%2Fmedia&parent=10718"}],"wp:term":[{"taxonomy":"product_brand","embeddable":true,"href":"https:\/\/www.intiworld.com\/index.php?rest_route=%2Fwp%2Fv2%2Fproduct_brand&post=10718"},{"taxonomy":"product_cat","embeddable":true,"href":"https:\/\/www.intiworld.com\/index.php?rest_route=%2Fwp%2Fv2%2Fproduct_cat&post=10718"},{"taxonomy":"product_tag","embeddable":true,"href":"https:\/\/www.intiworld.com\/index.php?rest_route=%2Fwp%2Fv2%2Fproduct_tag&post=10718"}],"curies":[{"name":"wp","href":"https:\/\/api.w.org\/{rel}","templated":true}]}}