{"id":10590,"date":"2024-12-20T19:42:41","date_gmt":"2024-12-20T19:42:41","guid":{"rendered":"https:\/\/www.intiworld.com\/?post_type=product&#038;p=10590"},"modified":"2024-12-20T20:01:01","modified_gmt":"2024-12-20T20:01:01","slug":"incensario-de-metal-mandala-modelo-1","status":"publish","type":"product","link":"https:\/\/www.intiworld.com\/?product=incensario-de-metal-mandala-modelo-1","title":{"rendered":"Incensario de metal m\u00e1ndala | Modelo 1"},"content":{"rendered":"","protected":false},"excerpt":{"rendered":"<p>Incensario de metal con m\u00e1ndala en varios colores, una pieza elegante que en armon\u00eda con el incienso le da toque diferente y aumenta la energ\u00eda de cualquier lugar.<\/p>\n<p><strong>Tama\u00f1o<\/strong>: 10.8 cm de di\u00e1metro.<br \/>\n<strong>Material<\/strong>: Metal.<br \/>\n<strong>Color<\/strong>: Colores Mixtos.<br \/>\n<strong>Formato de venta<\/strong>: Por Pieza.<br \/>\n<strong>Forma de entrega<\/strong>: Recoge en tienda o Envio por paqueter\u00eda.<\/p>\n<p>Cualquier duda con este material favor de mandar whats app o mandar correo electr\u00f3nico.<\/p>\n","protected":false},"featured_media":10578,"comment_status":"open","ping_status":"closed","template":"","meta":[],"product_brand":[],"product_cat":[358],"product_tag":[],"class_list":{"0":"post-10590","1":"product","2":"type-product","3":"status-publish","4":"has-post-thumbnail","6":"product_cat-incensarios-de-metal-mandala","8":"first","9":"instock","10":"taxable","11":"shipping-taxable","12":"product-type-simple"},"_links":{"self":[{"href":"https:\/\/www.intiworld.com\/index.php?rest_route=\/wp\/v2\/product\/10590","targetHints":{"allow":["GET"]}}],"collection":[{"href":"https:\/\/www.intiworld.com\/index.php?rest_route=\/wp\/v2\/product"}],"about":[{"href":"https:\/\/www.intiworld.com\/index.php?rest_route=\/wp\/v2\/types\/product"}],"replies":[{"embeddable":true,"href":"https:\/\/www.intiworld.com\/index.php?rest_route=%2Fwp%2Fv2%2Fcomments&post=10590"}],"version-history":[{"count":1,"href":"https:\/\/www.intiworld.com\/index.php?rest_route=\/wp\/v2\/product\/10590\/revisions"}],"predecessor-version":[{"id":10591,"href":"https:\/\/www.intiworld.com\/index.php?rest_route=\/wp\/v2\/product\/10590\/revisions\/10591"}],"wp:featuredmedia":[{"embeddable":true,"href":"https:\/\/www.intiworld.com\/index.php?rest_route=\/wp\/v2\/media\/10578"}],"wp:attachment":[{"href":"https:\/\/www.intiworld.com\/index.php?rest_route=%2Fwp%2Fv2%2Fmedia&parent=10590"}],"wp:term":[{"taxonomy":"product_brand","embeddable":true,"href":"https:\/\/www.intiworld.com\/index.php?rest_route=%2Fwp%2Fv2%2Fproduct_brand&post=10590"},{"taxonomy":"product_cat","embeddable":true,"href":"https:\/\/www.intiworld.com\/index.php?rest_route=%2Fwp%2Fv2%2Fproduct_cat&post=10590"},{"taxonomy":"product_tag","embeddable":true,"href":"https:\/\/www.intiworld.com\/index.php?rest_route=%2Fwp%2Fv2%2Fproduct_tag&post=10590"}],"curies":[{"name":"wp","href":"https:\/\/api.w.org\/{rel}","templated":true}]}}