{"id":10555,"date":"2024-12-19T23:28:55","date_gmt":"2024-12-19T23:28:55","guid":{"rendered":"https:\/\/www.intiworld.com\/?post_type=product&#038;p=10555"},"modified":"2024-12-19T23:32:06","modified_gmt":"2024-12-19T23:32:06","slug":"anillo-ajustable-con-3-cuentas-de-piedra-ojo-de-tigre","status":"publish","type":"product","link":"https:\/\/www.intiworld.com\/?product=anillo-ajustable-con-3-cuentas-de-piedra-ojo-de-tigre","title":{"rendered":"Anillo ajustable con 3 cuentas de piedra ojo de tigre"},"content":{"rendered":"","protected":false},"excerpt":{"rendered":"<p><strong>Mineral:\u00a0<\/strong>Ojo de Tigre.<br \/>\n<strong>Composici\u00f3n:\u00a0<\/strong>SiO<sub>2.<\/sub><strong><br \/>\nGrupo:\u00a0<\/strong>Silicatos \u2013 tectosilicatos.<strong><br \/>\nDureza: 7<\/strong>\u00a0Escala Mhos.<strong><br \/>\nPropiedades Espirituales<\/strong>: El\u00a0<strong>ojo de tigre<\/strong>\u00a0se considera una piedra de creatividad, fuerza y equilibrio. Se dice que representa la uni\u00f3n entre la energ\u00eda del Sol y la de la Tierra. Tradicionalmente el\u00a0<strong>ojo de tigre<\/strong>\u00a0se ha considerado una piedra protectora. Favorece el enraizamiento y la manifestaci\u00f3n de la voluntad. Ayuda a elevar la autoestima y el estado de \u00e1nimo. Tambi\u00e9n suele asociarse a la prosperidad.<\/p>\n<p><strong>Tipo<\/strong>: Anillo de lat\u00f3n con piedra natural.<br \/>\n<strong>Tama\u00f1o<\/strong>: Ajustable.<br \/>\n<strong>Material<\/strong>: Lat\u00f3n.<br \/>\n<strong>Forma de venta<\/strong>: Por Pieza.<br \/>\n<strong>Forma de entrega<\/strong>: En tienda o Envio por paqueter\u00eda.<\/p>\n<p><strong>Nota<\/strong>: Cualquier duda sobre este articulo favor de mandar mensaje de whats app o mandar correo electr\u00f3nico.<\/p>\n<p>&nbsp;<\/p>\n","protected":false},"featured_media":10542,"comment_status":"open","ping_status":"closed","template":"","meta":[],"product_brand":[],"product_cat":[356],"product_tag":[357,229],"class_list":{"0":"post-10555","1":"product","2":"type-product","3":"status-publish","4":"has-post-thumbnail","6":"product_cat-anillo-de-laton-ajustable-con-3-piedras","7":"product_tag-anillo","8":"product_tag-piedra","10":"first","11":"instock","12":"taxable","13":"shipping-taxable","14":"product-type-simple"},"_links":{"self":[{"href":"https:\/\/www.intiworld.com\/index.php?rest_route=\/wp\/v2\/product\/10555","targetHints":{"allow":["GET"]}}],"collection":[{"href":"https:\/\/www.intiworld.com\/index.php?rest_route=\/wp\/v2\/product"}],"about":[{"href":"https:\/\/www.intiworld.com\/index.php?rest_route=\/wp\/v2\/types\/product"}],"replies":[{"embeddable":true,"href":"https:\/\/www.intiworld.com\/index.php?rest_route=%2Fwp%2Fv2%2Fcomments&post=10555"}],"version-history":[{"count":1,"href":"https:\/\/www.intiworld.com\/index.php?rest_route=\/wp\/v2\/product\/10555\/revisions"}],"predecessor-version":[{"id":10556,"href":"https:\/\/www.intiworld.com\/index.php?rest_route=\/wp\/v2\/product\/10555\/revisions\/10556"}],"wp:featuredmedia":[{"embeddable":true,"href":"https:\/\/www.intiworld.com\/index.php?rest_route=\/wp\/v2\/media\/10542"}],"wp:attachment":[{"href":"https:\/\/www.intiworld.com\/index.php?rest_route=%2Fwp%2Fv2%2Fmedia&parent=10555"}],"wp:term":[{"taxonomy":"product_brand","embeddable":true,"href":"https:\/\/www.intiworld.com\/index.php?rest_route=%2Fwp%2Fv2%2Fproduct_brand&post=10555"},{"taxonomy":"product_cat","embeddable":true,"href":"https:\/\/www.intiworld.com\/index.php?rest_route=%2Fwp%2Fv2%2Fproduct_cat&post=10555"},{"taxonomy":"product_tag","embeddable":true,"href":"https:\/\/www.intiworld.com\/index.php?rest_route=%2Fwp%2Fv2%2Fproduct_tag&post=10555"}],"curies":[{"name":"wp","href":"https:\/\/api.w.org\/{rel}","templated":true}]}}