{"id":10515,"date":"2024-11-22T14:55:28","date_gmt":"2024-11-22T14:55:28","guid":{"rendered":"https:\/\/www.intiworld.com\/?post_type=product&#038;p=10515"},"modified":"2024-11-22T14:56:34","modified_gmt":"2024-11-22T14:56:34","slug":"collar-de-piedra-calcita-naranja-con-capuchon-dorado","status":"publish","type":"product","link":"https:\/\/www.intiworld.com\/?product=collar-de-piedra-calcita-naranja-con-capuchon-dorado","title":{"rendered":"Collar de piedra calcita naranja con capuch\u00f3n dorado"},"content":{"rendered":"","protected":false},"excerpt":{"rendered":"<p><strong>Mineral:\u00a0<\/strong>Calcita Naranja.<br \/>\n<strong>Composici\u00f3n:<\/strong>CaCO<sub>3.<\/sub><strong><br \/>\nGrupo:\u00a0<\/strong>Carbonatos.<strong><br \/>\nDureza:\u00a0<\/strong>3 Escala Mhos.<strong><br \/>\nPropiedades Espirituales<\/strong>: La\u00a0<strong>calcita<\/strong>\u00a0se considera un mineral dinamizante y limpiador de las energ\u00edas. Se dice que abre la percepci\u00f3n y la intuici\u00f3n, facilitando la apertura de la conciencia y de las capacidades ps\u00edquicas. Relaja la mente y favorece la confianza en uno mismo. A nivel curativo se dice que fortalece el sistema inmunitario, los huesos y articulaciones, y ayuda a curar las heridas y afecciones de la piel. La\u00a0<strong>calcita<\/strong>\u00a0se presenta en m\u00faltiples colores, cada color suele utilizarse en el chakra que le corresponde.<\/p>\n<p><strong>Tipo<\/strong>: Collar con Dije de Piedra.<br \/>\n<strong>Material<\/strong>: Hilo Encerado.<br \/>\n<strong>Tama\u00f1o<\/strong>: Correa ajustable y el Dije var\u00eda de 1.5 cm a 3 cm Aproximadamente.<br \/>\n<strong>Forma de venta<\/strong>: Por Pieza.<br \/>\n<strong>Forma de entrega<\/strong>: En tienda o Envio por paqueter\u00eda.<\/p>\n<p><strong>Nota<\/strong>: Para cualquier duda sobre este material favor de mandar mensaje de whats app o por correo electr\u00f3nico.<\/p>\n","protected":false},"featured_media":10486,"comment_status":"open","ping_status":"closed","template":"","meta":[],"product_brand":[],"product_cat":[355],"product_tag":[346,229],"class_list":{"0":"post-10515","1":"product","2":"type-product","3":"status-publish","4":"has-post-thumbnail","6":"product_cat-collares-de-piedra-con-capuchon-dorado","7":"product_tag-collar","8":"product_tag-piedra","10":"first","11":"instock","12":"taxable","13":"shipping-taxable","14":"product-type-simple"},"_links":{"self":[{"href":"https:\/\/www.intiworld.com\/index.php?rest_route=\/wp\/v2\/product\/10515","targetHints":{"allow":["GET"]}}],"collection":[{"href":"https:\/\/www.intiworld.com\/index.php?rest_route=\/wp\/v2\/product"}],"about":[{"href":"https:\/\/www.intiworld.com\/index.php?rest_route=\/wp\/v2\/types\/product"}],"replies":[{"embeddable":true,"href":"https:\/\/www.intiworld.com\/index.php?rest_route=%2Fwp%2Fv2%2Fcomments&post=10515"}],"version-history":[{"count":1,"href":"https:\/\/www.intiworld.com\/index.php?rest_route=\/wp\/v2\/product\/10515\/revisions"}],"predecessor-version":[{"id":10516,"href":"https:\/\/www.intiworld.com\/index.php?rest_route=\/wp\/v2\/product\/10515\/revisions\/10516"}],"wp:featuredmedia":[{"embeddable":true,"href":"https:\/\/www.intiworld.com\/index.php?rest_route=\/wp\/v2\/media\/10486"}],"wp:attachment":[{"href":"https:\/\/www.intiworld.com\/index.php?rest_route=%2Fwp%2Fv2%2Fmedia&parent=10515"}],"wp:term":[{"taxonomy":"product_brand","embeddable":true,"href":"https:\/\/www.intiworld.com\/index.php?rest_route=%2Fwp%2Fv2%2Fproduct_brand&post=10515"},{"taxonomy":"product_cat","embeddable":true,"href":"https:\/\/www.intiworld.com\/index.php?rest_route=%2Fwp%2Fv2%2Fproduct_cat&post=10515"},{"taxonomy":"product_tag","embeddable":true,"href":"https:\/\/www.intiworld.com\/index.php?rest_route=%2Fwp%2Fv2%2Fproduct_tag&post=10515"}],"curies":[{"name":"wp","href":"https:\/\/api.w.org\/{rel}","templated":true}]}}