{"id":10503,"date":"2024-11-22T14:43:20","date_gmt":"2024-11-22T14:43:20","guid":{"rendered":"https:\/\/www.intiworld.com\/?post_type=product&#038;p=10503"},"modified":"2024-11-22T14:44:24","modified_gmt":"2024-11-22T14:44:24","slug":"collar-de-piedra-pirita-con-capuchon-dorado","status":"publish","type":"product","link":"https:\/\/www.intiworld.com\/?product=collar-de-piedra-pirita-con-capuchon-dorado","title":{"rendered":"Collar de piedra pirita con capuch\u00f3n dorado"},"content":{"rendered":"","protected":false},"excerpt":{"rendered":"<p><strong>Mineral:\u00a0<\/strong>Pirita.<br \/>\n<strong>Composici\u00f3n:\u00a0<\/strong>FeS<sub>2.<\/sub><sub><br \/>\n<\/sub><strong>Grupo:<\/strong>\u00a0Sulfuros.<br \/>\n<strong>Dureza:<\/strong>\u00a06 \u2013 6.5\u00a0Escala Mhos.<strong><br \/>\nPropiedades Espirituales<\/strong>: La\u00a0<strong>pirita<\/strong>\u00a0se considera una piedra de protecci\u00f3n y prosperidad. Su forma de cristalizar es c\u00fabica, vinculada al n\u00famero 4, s\u00edmbolo tambi\u00e9n de la materia. La\u00a0<strong>pirita<\/strong>\u00a0favorece la creatividad y activa las ideas, habilidades y potenciales. Se dice que es una piedra para los buenos negocios. Incrementa la energ\u00eda vital, fomenta la autoestima y la confianza en uno mismo.<\/p>\n<p><strong>Tipo<\/strong>: Collar con Dije de Piedra.<br \/>\n<strong>Material<\/strong>: Hilo Encerado.<br \/>\n<strong>Tama\u00f1o<\/strong>: Correa ajustable y el Dije var\u00eda de 1.5 cm a 3 cm Aproximadamente.<br \/>\n<strong>Forma de venta<\/strong>: Por Pieza.<br \/>\n<strong>Forma de entrega<\/strong>: En tienda o Envio por paqueter\u00eda.<\/p>\n<p><strong>Nota<\/strong>: Para cualquier duda sobre este material favor de mandar mensaje de whats app o por correo electr\u00f3nico.<\/p>\n","protected":false},"featured_media":10478,"comment_status":"open","ping_status":"closed","template":"","meta":[],"product_brand":[],"product_cat":[355],"product_tag":[346,229],"class_list":{"0":"post-10503","1":"product","2":"type-product","3":"status-publish","4":"has-post-thumbnail","6":"product_cat-collares-de-piedra-con-capuchon-dorado","7":"product_tag-collar","8":"product_tag-piedra","10":"first","11":"instock","12":"taxable","13":"shipping-taxable","14":"product-type-simple"},"_links":{"self":[{"href":"https:\/\/www.intiworld.com\/index.php?rest_route=\/wp\/v2\/product\/10503","targetHints":{"allow":["GET"]}}],"collection":[{"href":"https:\/\/www.intiworld.com\/index.php?rest_route=\/wp\/v2\/product"}],"about":[{"href":"https:\/\/www.intiworld.com\/index.php?rest_route=\/wp\/v2\/types\/product"}],"replies":[{"embeddable":true,"href":"https:\/\/www.intiworld.com\/index.php?rest_route=%2Fwp%2Fv2%2Fcomments&post=10503"}],"version-history":[{"count":1,"href":"https:\/\/www.intiworld.com\/index.php?rest_route=\/wp\/v2\/product\/10503\/revisions"}],"predecessor-version":[{"id":10504,"href":"https:\/\/www.intiworld.com\/index.php?rest_route=\/wp\/v2\/product\/10503\/revisions\/10504"}],"wp:featuredmedia":[{"embeddable":true,"href":"https:\/\/www.intiworld.com\/index.php?rest_route=\/wp\/v2\/media\/10478"}],"wp:attachment":[{"href":"https:\/\/www.intiworld.com\/index.php?rest_route=%2Fwp%2Fv2%2Fmedia&parent=10503"}],"wp:term":[{"taxonomy":"product_brand","embeddable":true,"href":"https:\/\/www.intiworld.com\/index.php?rest_route=%2Fwp%2Fv2%2Fproduct_brand&post=10503"},{"taxonomy":"product_cat","embeddable":true,"href":"https:\/\/www.intiworld.com\/index.php?rest_route=%2Fwp%2Fv2%2Fproduct_cat&post=10503"},{"taxonomy":"product_tag","embeddable":true,"href":"https:\/\/www.intiworld.com\/index.php?rest_route=%2Fwp%2Fv2%2Fproduct_tag&post=10503"}],"curies":[{"name":"wp","href":"https:\/\/api.w.org\/{rel}","templated":true}]}}