{"id":10499,"date":"2024-11-22T14:38:46","date_gmt":"2024-11-22T14:38:46","guid":{"rendered":"https:\/\/www.intiworld.com\/?post_type=product&#038;p=10499"},"modified":"2024-11-22T14:41:14","modified_gmt":"2024-11-22T14:41:14","slug":"collar-de-piedra-royal-jasper-imperial-con-capuchon-dorado","status":"publish","type":"product","link":"https:\/\/www.intiworld.com\/?product=collar-de-piedra-royal-jasper-imperial-con-capuchon-dorado","title":{"rendered":"Collar de piedra royal jasper imperial con capuch\u00f3n dorado"},"content":{"rendered":"","protected":false},"excerpt":{"rendered":"<p><strong>Mineral:\u00a0<\/strong>Royal Imperial Jasper.<br \/>\n<strong>Composici\u00f3n:\u00a0<\/strong>SiO2.<sub><br \/>\n<\/sub><strong>Grupo:<\/strong>\u00a0Silicatos.<br \/>\n<strong>Dureza:\u00a0<\/strong>6.5 \u2013 7 Escala Mhos.<strong><br \/>\nPropiedades Espirituales<\/strong>: El jaspe imperial es conocido como \u201csupremo nutridor\u201d y se le confieren propiedades protectoras que aportan vitalidad y fuerza al cuerpo, pero debe usarse por mucho tiempo para lograr efectos. Es recomendado llevarlo como colgante o pulsera, pues se dice que repele energ\u00edas negativas provenientes de otras personas. Es considerada una piedra de acci\u00f3n pues estimula la concreci\u00f3n de ideas y proyectos.<\/p>\n<p><strong>Tipo<\/strong>: Collar con Dije de Piedra.<br \/>\n<strong>Material<\/strong>: Hilo Encerado.<br \/>\n<strong>Tama\u00f1o<\/strong>: Correa ajustable y el Dije var\u00eda de 1.5 cm a 3 cm Aproximadamente.<br \/>\n<strong>Forma de venta<\/strong>: Por Pieza.<br \/>\n<strong>Forma de entrega<\/strong>: En tienda o Envio por paqueter\u00eda.<\/p>\n<p><strong>Nota<\/strong>: Para cualquier duda sobre este material favor de mandar mensaje de whats app o por correo electr\u00f3nico.<\/p>\n","protected":false},"featured_media":10468,"comment_status":"open","ping_status":"closed","template":"","meta":[],"product_brand":[],"product_cat":[355],"product_tag":[346,229],"class_list":{"0":"post-10499","1":"product","2":"type-product","3":"status-publish","4":"has-post-thumbnail","6":"product_cat-collares-de-piedra-con-capuchon-dorado","7":"product_tag-collar","8":"product_tag-piedra","10":"first","11":"instock","12":"taxable","13":"shipping-taxable","14":"product-type-simple"},"_links":{"self":[{"href":"https:\/\/www.intiworld.com\/index.php?rest_route=\/wp\/v2\/product\/10499","targetHints":{"allow":["GET"]}}],"collection":[{"href":"https:\/\/www.intiworld.com\/index.php?rest_route=\/wp\/v2\/product"}],"about":[{"href":"https:\/\/www.intiworld.com\/index.php?rest_route=\/wp\/v2\/types\/product"}],"replies":[{"embeddable":true,"href":"https:\/\/www.intiworld.com\/index.php?rest_route=%2Fwp%2Fv2%2Fcomments&post=10499"}],"version-history":[{"count":1,"href":"https:\/\/www.intiworld.com\/index.php?rest_route=\/wp\/v2\/product\/10499\/revisions"}],"predecessor-version":[{"id":10500,"href":"https:\/\/www.intiworld.com\/index.php?rest_route=\/wp\/v2\/product\/10499\/revisions\/10500"}],"wp:featuredmedia":[{"embeddable":true,"href":"https:\/\/www.intiworld.com\/index.php?rest_route=\/wp\/v2\/media\/10468"}],"wp:attachment":[{"href":"https:\/\/www.intiworld.com\/index.php?rest_route=%2Fwp%2Fv2%2Fmedia&parent=10499"}],"wp:term":[{"taxonomy":"product_brand","embeddable":true,"href":"https:\/\/www.intiworld.com\/index.php?rest_route=%2Fwp%2Fv2%2Fproduct_brand&post=10499"},{"taxonomy":"product_cat","embeddable":true,"href":"https:\/\/www.intiworld.com\/index.php?rest_route=%2Fwp%2Fv2%2Fproduct_cat&post=10499"},{"taxonomy":"product_tag","embeddable":true,"href":"https:\/\/www.intiworld.com\/index.php?rest_route=%2Fwp%2Fv2%2Fproduct_tag&post=10499"}],"curies":[{"name":"wp","href":"https:\/\/api.w.org\/{rel}","templated":true}]}}