{"id":10467,"date":"2024-11-22T14:32:42","date_gmt":"2024-11-22T14:32:42","guid":{"rendered":"https:\/\/www.intiworld.com\/?post_type=product&#038;p=10467"},"modified":"2024-11-22T14:36:08","modified_gmt":"2024-11-22T14:36:08","slug":"collar-de-cuarzo-ahumado-con-capuchon-dorado","status":"publish","type":"product","link":"https:\/\/www.intiworld.com\/?product=collar-de-cuarzo-ahumado-con-capuchon-dorado","title":{"rendered":"Collar de cuarzo ahumado con capuch\u00f3n dorado"},"content":{"rendered":"","protected":false},"excerpt":{"rendered":"<p><strong>Mineral:\u00a0<\/strong>Cuarzo Ahumado.<br \/>\n<strong>Composici\u00f3n:\u00a0<\/strong>SiO<sub>2.<\/sub><strong><br \/>\nGrupo:\u00a0<\/strong>Silicatos \u2013 tectosilicatos.<strong><br \/>\nDureza: 7<\/strong>\u00a0Escala Mhos.<strong><br \/>\nPropiedades Espirituales<\/strong>: El Cuarzo Ahumado\u00a0<b>ayuda a disolver las energ\u00edas densas, promueve el pensamiento positivo y aporta calma emocional<\/b>. Potencia la fuerza necesaria para realizar y llevar a cabo los prop\u00f3sitos. Suele utilizarse para integrar la informaci\u00f3n despu\u00e9s de un trabajo meditativo.<\/p>\n<p><strong>Tipo<\/strong>: Collar con Dije de Piedra.<br \/>\n<strong>Material<\/strong>: Hilo Encerado.<br \/>\n<strong>Tama\u00f1o<\/strong>: Correa ajustable y el Dije var\u00eda de 1.5 cm a 3 cm Aproximadamente.<br \/>\n<strong>Forma de venta<\/strong>: Por Pieza.<br \/>\n<strong>Forma de entrega<\/strong>: En tienda o Envio por paqueter\u00eda.<\/p>\n<p><strong>Nota<\/strong>: Para cualquier duda sobre este material favor de mandar mensaje de whats app o por correo electr\u00f3nico.<\/p>\n","protected":false},"featured_media":10492,"comment_status":"open","ping_status":"closed","template":"","meta":[],"product_brand":[],"product_cat":[355],"product_tag":[346,229],"class_list":{"0":"post-10467","1":"product","2":"type-product","3":"status-publish","4":"has-post-thumbnail","6":"product_cat-collares-de-piedra-con-capuchon-dorado","7":"product_tag-collar","8":"product_tag-piedra","10":"first","11":"instock","12":"taxable","13":"shipping-taxable","14":"product-type-simple"},"_links":{"self":[{"href":"https:\/\/www.intiworld.com\/index.php?rest_route=\/wp\/v2\/product\/10467","targetHints":{"allow":["GET"]}}],"collection":[{"href":"https:\/\/www.intiworld.com\/index.php?rest_route=\/wp\/v2\/product"}],"about":[{"href":"https:\/\/www.intiworld.com\/index.php?rest_route=\/wp\/v2\/types\/product"}],"replies":[{"embeddable":true,"href":"https:\/\/www.intiworld.com\/index.php?rest_route=%2Fwp%2Fv2%2Fcomments&post=10467"}],"version-history":[{"count":1,"href":"https:\/\/www.intiworld.com\/index.php?rest_route=\/wp\/v2\/product\/10467\/revisions"}],"predecessor-version":[{"id":10496,"href":"https:\/\/www.intiworld.com\/index.php?rest_route=\/wp\/v2\/product\/10467\/revisions\/10496"}],"wp:featuredmedia":[{"embeddable":true,"href":"https:\/\/www.intiworld.com\/index.php?rest_route=\/wp\/v2\/media\/10492"}],"wp:attachment":[{"href":"https:\/\/www.intiworld.com\/index.php?rest_route=%2Fwp%2Fv2%2Fmedia&parent=10467"}],"wp:term":[{"taxonomy":"product_brand","embeddable":true,"href":"https:\/\/www.intiworld.com\/index.php?rest_route=%2Fwp%2Fv2%2Fproduct_brand&post=10467"},{"taxonomy":"product_cat","embeddable":true,"href":"https:\/\/www.intiworld.com\/index.php?rest_route=%2Fwp%2Fv2%2Fproduct_cat&post=10467"},{"taxonomy":"product_tag","embeddable":true,"href":"https:\/\/www.intiworld.com\/index.php?rest_route=%2Fwp%2Fv2%2Fproduct_tag&post=10467"}],"curies":[{"name":"wp","href":"https:\/\/api.w.org\/{rel}","templated":true}]}}