{"id":10448,"date":"2024-11-21T22:44:10","date_gmt":"2024-11-21T22:44:10","guid":{"rendered":"https:\/\/www.intiworld.com\/?post_type=product&#038;p=10448"},"modified":"2024-11-21T22:45:30","modified_gmt":"2024-11-21T22:45:30","slug":"collar-de-piedra-agata-azul-con-capuchon-dorado","status":"publish","type":"product","link":"https:\/\/www.intiworld.com\/?product=collar-de-piedra-agata-azul-con-capuchon-dorado","title":{"rendered":"Collar de piedra \u00e1gata azul con capuch\u00f3n dorado"},"content":{"rendered":"","protected":false},"excerpt":{"rendered":"<p><strong>Mineral:\u00a0<\/strong>\u00c1gata.<br \/>\n<strong>Composici\u00f3n:\u00a0<\/strong>SiO<sub>2.<\/sub><strong><br \/>\nGrupo:\u00a0<\/strong>Silicatos \u2013 tectosilicatos.<strong><br \/>\nDureza: 7<\/strong>\u00a0Escala Mhos.<strong><br \/>\nPropiedades Espirituales<\/strong>: Las antiguas culturas, por ejemplo, isl\u00e1mica, egipcia, y babil\u00f3nica hac\u00edan uso de esta piedra para protegerse, y con el pasar de los a\u00f1os esta terminolog\u00eda se ha extendido. De acuerdo con las civilizaciones antiguas el\u00a0\u00c1gata azul\u00a0es capaz de eliminar las energ\u00edas negativas, excluye de tu mente las supersticiones, como impedimento de desastres naturales o tragedias de cualquier tipo.<\/p>\n<p><strong>Tipo<\/strong>: Collar con Dije de Piedra.<br \/>\n<strong>Material<\/strong>: Hilo Encerado.<br \/>\n<strong>Tama\u00f1o<\/strong>: Correa ajustable y el Dije var\u00eda de 1.5 cm a 3 cm Aproximadamente.<br \/>\n<strong>Forma de venta<\/strong>: Por Pieza.<br \/>\n<strong>Forma de entrega<\/strong>: En tienda o Envio por paqueter\u00eda.<\/p>\n<p><strong>Nota<\/strong>: Para cualquier duda sobre este material favor de mandar mensaje de whats app o por correo electr\u00f3nico.<\/p>\n","protected":false},"featured_media":10405,"comment_status":"open","ping_status":"closed","template":"","meta":[],"product_brand":[],"product_cat":[355],"product_tag":[346,229],"class_list":{"0":"post-10448","1":"product","2":"type-product","3":"status-publish","4":"has-post-thumbnail","6":"product_cat-collares-de-piedra-con-capuchon-dorado","7":"product_tag-collar","8":"product_tag-piedra","10":"first","11":"instock","12":"taxable","13":"shipping-taxable","14":"product-type-simple"},"_links":{"self":[{"href":"https:\/\/www.intiworld.com\/index.php?rest_route=\/wp\/v2\/product\/10448","targetHints":{"allow":["GET"]}}],"collection":[{"href":"https:\/\/www.intiworld.com\/index.php?rest_route=\/wp\/v2\/product"}],"about":[{"href":"https:\/\/www.intiworld.com\/index.php?rest_route=\/wp\/v2\/types\/product"}],"replies":[{"embeddable":true,"href":"https:\/\/www.intiworld.com\/index.php?rest_route=%2Fwp%2Fv2%2Fcomments&post=10448"}],"version-history":[{"count":1,"href":"https:\/\/www.intiworld.com\/index.php?rest_route=\/wp\/v2\/product\/10448\/revisions"}],"predecessor-version":[{"id":10449,"href":"https:\/\/www.intiworld.com\/index.php?rest_route=\/wp\/v2\/product\/10448\/revisions\/10449"}],"wp:featuredmedia":[{"embeddable":true,"href":"https:\/\/www.intiworld.com\/index.php?rest_route=\/wp\/v2\/media\/10405"}],"wp:attachment":[{"href":"https:\/\/www.intiworld.com\/index.php?rest_route=%2Fwp%2Fv2%2Fmedia&parent=10448"}],"wp:term":[{"taxonomy":"product_brand","embeddable":true,"href":"https:\/\/www.intiworld.com\/index.php?rest_route=%2Fwp%2Fv2%2Fproduct_brand&post=10448"},{"taxonomy":"product_cat","embeddable":true,"href":"https:\/\/www.intiworld.com\/index.php?rest_route=%2Fwp%2Fv2%2Fproduct_cat&post=10448"},{"taxonomy":"product_tag","embeddable":true,"href":"https:\/\/www.intiworld.com\/index.php?rest_route=%2Fwp%2Fv2%2Fproduct_tag&post=10448"}],"curies":[{"name":"wp","href":"https:\/\/api.w.org\/{rel}","templated":true}]}}