{"id":10377,"date":"2024-11-19T23:40:00","date_gmt":"2024-11-19T23:40:00","guid":{"rendered":"https:\/\/www.intiworld.com\/?post_type=product&#038;p=10377"},"modified":"2024-11-21T22:24:41","modified_gmt":"2024-11-21T22:24:41","slug":"collar-de-agata-morada-con-capuchon-dorado-de-9mm","status":"publish","type":"product","link":"https:\/\/www.intiworld.com\/?product=collar-de-agata-morada-con-capuchon-dorado-de-9mm","title":{"rendered":"Collar de \u00e1gata morada con capuch\u00f3n dorado de 9mm"},"content":{"rendered":"","protected":false},"excerpt":{"rendered":"<p><strong>Mineral:\u00a0<\/strong>\u00c1gata.<br \/>\n<strong>Composici\u00f3n:\u00a0<\/strong>SiO<sub>2.<\/sub><strong><br \/>\nGrupo:\u00a0<\/strong>Silicatos \u2013 tectosilicatos.<strong><br \/>\nDureza: 7<\/strong>\u00a0Escala Mhos.<strong><br \/>\nPropiedades Espirituales<\/strong>: La \u00c1gata Violeta es reconocida por su eficacia para alejar la ansiedad y permitir un buen equilibrio emocional. Si sufres de trastornos del sue\u00f1o, no dudes en poner una debajo de tu almohada. Tambi\u00e9n ayuda a ganar confianza en uno mismo, tener buen \u00e1nimo y fortalecer el coraje. La piedra tambi\u00e9n se reconoce por ser beneficiosa para el desarrollo de la concentraci\u00f3n.<\/p>\n<p><strong>Tipo<\/strong>: Collar con Dije de Piedra.<br \/>\n<strong>Material<\/strong>: Hilo Encerado.<br \/>\n<strong>Tama\u00f1o<\/strong>: Correa ajustable y el Dije var\u00eda de 1.5 cm a 2.5 cm Aproximadamente.<br \/>\n<strong>Forma de venta<\/strong>: Por Pieza.<br \/>\n<strong>Forma de entrega<\/strong>: En tienda o Envio por paqueter\u00eda.<\/p>\n<p><strong>Nota<\/strong>: Para cualquier duda sobre este material favor de mandar mensaje de whats app o por correo electr\u00f3nico.<\/p>\n","protected":false},"featured_media":10353,"comment_status":"open","ping_status":"closed","template":"","meta":[],"product_brand":[],"product_cat":[354],"product_tag":[346,229],"class_list":{"0":"post-10377","1":"product","2":"type-product","3":"status-publish","4":"has-post-thumbnail","6":"product_cat-collares-de-piedra-natural-con-capuchon-dorado-de-9mm","7":"product_tag-collar","8":"product_tag-piedra","10":"first","11":"instock","12":"taxable","13":"shipping-taxable","14":"product-type-simple"},"_links":{"self":[{"href":"https:\/\/www.intiworld.com\/index.php?rest_route=\/wp\/v2\/product\/10377","targetHints":{"allow":["GET"]}}],"collection":[{"href":"https:\/\/www.intiworld.com\/index.php?rest_route=\/wp\/v2\/product"}],"about":[{"href":"https:\/\/www.intiworld.com\/index.php?rest_route=\/wp\/v2\/types\/product"}],"replies":[{"embeddable":true,"href":"https:\/\/www.intiworld.com\/index.php?rest_route=%2Fwp%2Fv2%2Fcomments&post=10377"}],"version-history":[{"count":2,"href":"https:\/\/www.intiworld.com\/index.php?rest_route=\/wp\/v2\/product\/10377\/revisions"}],"predecessor-version":[{"id":10430,"href":"https:\/\/www.intiworld.com\/index.php?rest_route=\/wp\/v2\/product\/10377\/revisions\/10430"}],"wp:featuredmedia":[{"embeddable":true,"href":"https:\/\/www.intiworld.com\/index.php?rest_route=\/wp\/v2\/media\/10353"}],"wp:attachment":[{"href":"https:\/\/www.intiworld.com\/index.php?rest_route=%2Fwp%2Fv2%2Fmedia&parent=10377"}],"wp:term":[{"taxonomy":"product_brand","embeddable":true,"href":"https:\/\/www.intiworld.com\/index.php?rest_route=%2Fwp%2Fv2%2Fproduct_brand&post=10377"},{"taxonomy":"product_cat","embeddable":true,"href":"https:\/\/www.intiworld.com\/index.php?rest_route=%2Fwp%2Fv2%2Fproduct_cat&post=10377"},{"taxonomy":"product_tag","embeddable":true,"href":"https:\/\/www.intiworld.com\/index.php?rest_route=%2Fwp%2Fv2%2Fproduct_tag&post=10377"}],"curies":[{"name":"wp","href":"https:\/\/api.w.org\/{rel}","templated":true}]}}