{"id":10339,"date":"2024-11-19T20:59:22","date_gmt":"2024-11-19T20:59:22","guid":{"rendered":"https:\/\/www.intiworld.com\/?post_type=product&#038;p=10339"},"modified":"2024-11-19T21:02:07","modified_gmt":"2024-11-19T21:02:07","slug":"collar-de-piedra-apatita-con-capuchon-dorado","status":"publish","type":"product","link":"https:\/\/www.intiworld.com\/?product=collar-de-piedra-apatita-con-capuchon-dorado","title":{"rendered":"Collar de piedra apatita con capuch\u00f3n dorado"},"content":{"rendered":"","protected":false},"excerpt":{"rendered":"<p><strong>Mineral:\u00a0<\/strong>Apatita.<br \/>\n<strong>Composici\u00f3n:\u00a0<\/strong>Ca5(PO4)3(F,CL,OH).<strong><br \/>\nGrupo:\u00a0<\/strong>Fosfatos.<strong><br \/>\nDureza: 5<\/strong>\u00a0Escala Mhos.<strong><br \/>\nPropiedades Espirituales<\/strong>: La piedra aporta una mayor vivacidad de esp\u00edritu y una forma de dinamismo reflexivo. Las ideas son m\u00e1s claras. Adem\u00e1s de proporcionar una mayor capacidad de reflexi\u00f3n sobre el mundo y su entorno, tambi\u00e9n proporciona un mejor conocimiento de uno mismo para una introspecci\u00f3n equilibrada. La activaci\u00f3n de la piedra tambi\u00e9n aporta confianza, optimismo y eliminaci\u00f3n de energ\u00edas negativas.<\/p>\n<p><strong>Tipo<\/strong>: Collar con capuch\u00f3n dorado.<br \/>\n<strong>Material<\/strong>: Hilo Encerado.<br \/>\n<strong>Tama\u00f1o<\/strong>: Correa ajustable y el Dije var\u00eda de 2 a 3 cm Aproximadamente.<br \/>\n<strong>Forma de venta<\/strong>: Por Pieza.<br \/>\n<strong>Forma de entrega<\/strong>: En tienda o Envio por paqueter\u00eda.<\/p>\n<p><strong>Nota<\/strong>: Para cualquier duda sobre este material favor de mandar mensaje de whats app o por correo electr\u00f3nico.<\/p>\n","protected":false},"featured_media":10313,"comment_status":"open","ping_status":"closed","template":"","meta":[],"product_brand":[],"product_cat":[353],"product_tag":[346,306,229],"class_list":{"0":"post-10339","1":"product","2":"type-product","3":"status-publish","4":"has-post-thumbnail","6":"product_cat-collares-artesanales-con-piedras-calidad-premium","7":"product_tag-collar","8":"product_tag-dije","9":"product_tag-piedra","11":"first","12":"instock","13":"taxable","14":"shipping-taxable","15":"product-type-simple"},"_links":{"self":[{"href":"https:\/\/www.intiworld.com\/index.php?rest_route=\/wp\/v2\/product\/10339","targetHints":{"allow":["GET"]}}],"collection":[{"href":"https:\/\/www.intiworld.com\/index.php?rest_route=\/wp\/v2\/product"}],"about":[{"href":"https:\/\/www.intiworld.com\/index.php?rest_route=\/wp\/v2\/types\/product"}],"replies":[{"embeddable":true,"href":"https:\/\/www.intiworld.com\/index.php?rest_route=%2Fwp%2Fv2%2Fcomments&post=10339"}],"version-history":[{"count":1,"href":"https:\/\/www.intiworld.com\/index.php?rest_route=\/wp\/v2\/product\/10339\/revisions"}],"predecessor-version":[{"id":10340,"href":"https:\/\/www.intiworld.com\/index.php?rest_route=\/wp\/v2\/product\/10339\/revisions\/10340"}],"wp:featuredmedia":[{"embeddable":true,"href":"https:\/\/www.intiworld.com\/index.php?rest_route=\/wp\/v2\/media\/10313"}],"wp:attachment":[{"href":"https:\/\/www.intiworld.com\/index.php?rest_route=%2Fwp%2Fv2%2Fmedia&parent=10339"}],"wp:term":[{"taxonomy":"product_brand","embeddable":true,"href":"https:\/\/www.intiworld.com\/index.php?rest_route=%2Fwp%2Fv2%2Fproduct_brand&post=10339"},{"taxonomy":"product_cat","embeddable":true,"href":"https:\/\/www.intiworld.com\/index.php?rest_route=%2Fwp%2Fv2%2Fproduct_cat&post=10339"},{"taxonomy":"product_tag","embeddable":true,"href":"https:\/\/www.intiworld.com\/index.php?rest_route=%2Fwp%2Fv2%2Fproduct_tag&post=10339"}],"curies":[{"name":"wp","href":"https:\/\/api.w.org\/{rel}","templated":true}]}}