{"id":10171,"date":"2024-11-13T17:43:52","date_gmt":"2024-11-13T17:43:52","guid":{"rendered":"https:\/\/www.intiworld.com\/?post_type=product&#038;p=10171"},"modified":"2024-11-13T17:45:49","modified_gmt":"2024-11-13T17:45:49","slug":"pulsera-ajustable-de-piedra-aguamarina-facetada-tejida-con-hilo-encerado","status":"publish","type":"product","link":"https:\/\/www.intiworld.com\/?product=pulsera-ajustable-de-piedra-aguamarina-facetada-tejida-con-hilo-encerado","title":{"rendered":"Pulsera ajustable de piedra aguamarina facetada tejida con hilo encerado"},"content":{"rendered":"","protected":false},"excerpt":{"rendered":"<p><strong>Mineral:\u00a0<\/strong>Aguamarina.<br \/>\n<strong>Composici\u00f3n:\u00a0<\/strong>Be<sub>3<\/sub>Al<sub>2<\/sub>Si<sub>6<\/sub>O<sub>18.<\/sub><strong><br \/>\nGrupo:\u00a0<\/strong>Silicatos \u2013 ciclosilicatos.<strong><br \/>\nDureza:\u00a0<\/strong>7.5 \u2013 8\u00a0Escala Mhos.<strong><br \/>\nPropiedades Espirituales<\/strong>: La\u00a0<strong>aguamarina<\/strong>\u00a0corresponde al 5\u00ba chakra, localizado en la zona de la garganta. Representa la alegr\u00eda y la dulzura. Se asocia al equilibrio en la comunicaci\u00f3n y la expresi\u00f3n en todos los niveles. Potencia la claridad mental, la paz interior, y la autoestima.<\/p>\n<p><strong>Tipo<\/strong>: Pulsera Tejida.<br \/>\n<strong>Material<\/strong>: Hilo Encerado.<br \/>\n<strong>Tama\u00f1o<\/strong>: Ajustable.<br \/>\n<strong>Forma de venta<\/strong>: Por Pieza.<br \/>\n<strong>Forma de entrega<\/strong>: En tienda o Envio por paqueter\u00eda.<\/p>\n<p><strong>Nota<\/strong>: Para cualquier duda sobre este material favor de mandar mensaje de whats app o por correo electr\u00f3nico.<\/p>\n","protected":false},"featured_media":10131,"comment_status":"open","ping_status":"closed","template":"","meta":[],"product_brand":[],"product_cat":[348],"product_tag":[229,349],"class_list":{"0":"post-10171","1":"product","2":"type-product","3":"status-publish","4":"has-post-thumbnail","6":"product_cat-pulseras-de-piedra-facetada-tejidas-con-hilo-encerado","7":"product_tag-piedra","8":"product_tag-pulsera","10":"first","11":"instock","12":"taxable","13":"shipping-taxable","14":"product-type-simple"},"_links":{"self":[{"href":"https:\/\/www.intiworld.com\/index.php?rest_route=\/wp\/v2\/product\/10171","targetHints":{"allow":["GET"]}}],"collection":[{"href":"https:\/\/www.intiworld.com\/index.php?rest_route=\/wp\/v2\/product"}],"about":[{"href":"https:\/\/www.intiworld.com\/index.php?rest_route=\/wp\/v2\/types\/product"}],"replies":[{"embeddable":true,"href":"https:\/\/www.intiworld.com\/index.php?rest_route=%2Fwp%2Fv2%2Fcomments&post=10171"}],"version-history":[{"count":1,"href":"https:\/\/www.intiworld.com\/index.php?rest_route=\/wp\/v2\/product\/10171\/revisions"}],"predecessor-version":[{"id":10172,"href":"https:\/\/www.intiworld.com\/index.php?rest_route=\/wp\/v2\/product\/10171\/revisions\/10172"}],"wp:featuredmedia":[{"embeddable":true,"href":"https:\/\/www.intiworld.com\/index.php?rest_route=\/wp\/v2\/media\/10131"}],"wp:attachment":[{"href":"https:\/\/www.intiworld.com\/index.php?rest_route=%2Fwp%2Fv2%2Fmedia&parent=10171"}],"wp:term":[{"taxonomy":"product_brand","embeddable":true,"href":"https:\/\/www.intiworld.com\/index.php?rest_route=%2Fwp%2Fv2%2Fproduct_brand&post=10171"},{"taxonomy":"product_cat","embeddable":true,"href":"https:\/\/www.intiworld.com\/index.php?rest_route=%2Fwp%2Fv2%2Fproduct_cat&post=10171"},{"taxonomy":"product_tag","embeddable":true,"href":"https:\/\/www.intiworld.com\/index.php?rest_route=%2Fwp%2Fv2%2Fproduct_tag&post=10171"}],"curies":[{"name":"wp","href":"https:\/\/api.w.org\/{rel}","templated":true}]}}