{"id":10101,"date":"2024-11-12T20:38:00","date_gmt":"2024-11-12T20:38:00","guid":{"rendered":"https:\/\/www.intiworld.com\/?post_type=product&#038;p=10101"},"modified":"2024-11-13T17:28:05","modified_gmt":"2024-11-13T17:28:05","slug":"collar-ajustable-de-piedra-sodalita-tejido-artesanalmente-con-hilo-encerado","status":"publish","type":"product","link":"https:\/\/www.intiworld.com\/?product=collar-ajustable-de-piedra-sodalita-tejido-artesanalmente-con-hilo-encerado","title":{"rendered":"Collar ajustable de piedra sodalita tejido artesanalmente con hilo encerado"},"content":{"rendered":"","protected":false},"excerpt":{"rendered":"<p><strong>Mineral:\u00a0<\/strong>Sodalita.<br \/>\n<strong>Composici\u00f3n:<\/strong>Na<sub>4<\/sub>Al<sub>3<\/sub>Si<sub>3<\/sub>O<sub>12<\/sub>Cl.<sub><br \/>\n<\/sub><strong>Grupo:\u00a0<\/strong>Silicatos \u2013 tectosilicatos.<br \/>\n<strong>Dureza:\u00a0<\/strong>5.5 \u2013 6 Escala Mhos.<strong><br \/>\nPropiedades Espirituales<\/strong>: La\u00a0<strong>sodalita<\/strong>\u00a0aporta claridad mental y ayuda a la comprensi\u00f3n y liberaci\u00f3n de antiguos patrones mentales. Potencia el autoestima y la confianza en uno mismo. Est\u00e1 indicada para tratar la zona de la garganta, para potenciar el sistema inmunol\u00f3gico y tambi\u00e9n para limpiar la poluci\u00f3n electromagn\u00e9tica.<\/p>\n<p><strong>Tipo<\/strong>: Collar.<br \/>\n<strong>Material<\/strong>: Hilo Encerado.<br \/>\n<strong>Tama\u00f1o<\/strong>: Ajustable.<br \/>\n<strong>Forma de venta<\/strong>: Por Pieza.<br \/>\n<strong>Forma de entrega<\/strong>: En tienda o Envio por paqueter\u00eda.<\/p>\n<p><strong>Nota<\/strong>: Esta pieza \u00fanica, pero hay en existencia el mismo cuarzo en diferente forma y tama\u00f1o o similar. Para cualquier duda sobre este material favor de mandar mensaje de whats app o por correo electr\u00f3nico.<\/p>\n","protected":false},"featured_media":10064,"comment_status":"open","ping_status":"closed","template":"","meta":[],"product_brand":[],"product_cat":[345],"product_tag":[346,229],"class_list":{"0":"post-10101","1":"product","2":"type-product","3":"status-publish","4":"has-post-thumbnail","6":"product_cat-collares-con-piedra-tejidos-artesanalmente-con-hilo-encerado","7":"product_tag-collar","8":"product_tag-piedra","10":"first","11":"instock","12":"taxable","13":"shipping-taxable","14":"product-type-simple"},"_links":{"self":[{"href":"https:\/\/www.intiworld.com\/index.php?rest_route=\/wp\/v2\/product\/10101","targetHints":{"allow":["GET"]}}],"collection":[{"href":"https:\/\/www.intiworld.com\/index.php?rest_route=\/wp\/v2\/product"}],"about":[{"href":"https:\/\/www.intiworld.com\/index.php?rest_route=\/wp\/v2\/types\/product"}],"replies":[{"embeddable":true,"href":"https:\/\/www.intiworld.com\/index.php?rest_route=%2Fwp%2Fv2%2Fcomments&post=10101"}],"version-history":[{"count":2,"href":"https:\/\/www.intiworld.com\/index.php?rest_route=\/wp\/v2\/product\/10101\/revisions"}],"predecessor-version":[{"id":10150,"href":"https:\/\/www.intiworld.com\/index.php?rest_route=\/wp\/v2\/product\/10101\/revisions\/10150"}],"wp:featuredmedia":[{"embeddable":true,"href":"https:\/\/www.intiworld.com\/index.php?rest_route=\/wp\/v2\/media\/10064"}],"wp:attachment":[{"href":"https:\/\/www.intiworld.com\/index.php?rest_route=%2Fwp%2Fv2%2Fmedia&parent=10101"}],"wp:term":[{"taxonomy":"product_brand","embeddable":true,"href":"https:\/\/www.intiworld.com\/index.php?rest_route=%2Fwp%2Fv2%2Fproduct_brand&post=10101"},{"taxonomy":"product_cat","embeddable":true,"href":"https:\/\/www.intiworld.com\/index.php?rest_route=%2Fwp%2Fv2%2Fproduct_cat&post=10101"},{"taxonomy":"product_tag","embeddable":true,"href":"https:\/\/www.intiworld.com\/index.php?rest_route=%2Fwp%2Fv2%2Fproduct_tag&post=10101"}],"curies":[{"name":"wp","href":"https:\/\/api.w.org\/{rel}","templated":true}]}}